{"id":2328,"date":"2023-10-17T11:42:15","date_gmt":"2023-10-17T11:42:15","guid":{"rendered":"https:\/\/berria.alberdania.net\/product\/encuentros-con-alma\/"},"modified":"2026-05-07T00:51:42","modified_gmt":"2026-05-06T22:51:42","slug":"encuentros-con-alma","status":"publish","type":"product","link":"https:\/\/www.alberdania.net\/eu\/product\/encuentros-con-alma\/","title":{"rendered":"Encuentros con alma"},"content":{"rendered":"","protected":false},"excerpt":{"rendered":"<p>En ocasiones \u0096quiz\u00e1 quepa decir siempre\u0096, el personaje, su peripecia publica, ocultan o escamotean a la persona. Y ello, en s\u00ed, no es m\u00e1s que una parte m\u00e1s del juego social de la comunicaci\u00f3n, porque es peligroso exponerse a la mirada p\u00fablica sin filtros ni maquillaje.<\/p>\n<p>\tJavier Muguruza lo sabe. \u00c9l, como artista y creador, conoce a fondo las dificultades de mantener la propia vida interior protegida de los focos, de la mirada en ocasiones despiadada del p\u00fablico. Por eso ha buscado el lado m\u00e1s personal de sus interlocutores en largas charlas sin urgencias, pl\u00e1cidas y placenteras, en las que pudiera aflorar, precisamente, el alma.<\/p>\n<p>\tLos nueve artistas entrevistados por Muguruza por encargo del Grupo Noticias desarrollan su actividad en diversos \u00e1mbitos, desde la m\u00fasica hasta el teatro, desde el cine a la literatura. Pero, adem\u00e1s de su condici\u00f3n de artistas, les une una caracter\u00edstica com\u00fan: todos ellos son personas de larga trayectoria en el mundo art\u00edstico y descuellan por su peso profesional y humano, que los ha convertido en aut\u00e9nticos referentes, m\u00e1s all\u00e1 incluso de la esfera art\u00edstica.<\/p>\n<p>\tLuz Casal, Bernardo Atxaga, Jaume Sisa, Helena Taberna, Xabier Leete, Pablo Guerrero, Martirio, Jos\u00e9 Ram\u00f3n Soroiz y Kiko Veneno dejan constancia en estas p\u00e1ginas, claro est\u00e1, de sus reflexiones ligadas a sus respectivas carreras, pero nos permiten contemplarlos, al mismo tiempo, con la complicidad con que se mira a un amigo.<\/p>\n","protected":false},"featured_media":4966,"template":"","meta":{"_acf_changed":false,"inline_featured_image":false},"product_brand":[],"product_cat":[15],"product_tag":[],"tax-colections":[],"tax-langs":[83],"tax-encuadernacion":[105],"tax-availability":[97],"class_list":{"0":"post-2328","1":"product","2":"type-product","3":"status-publish","4":"has-post-thumbnail","6":"product_cat-sin-categoria","7":"pa_tipo-de-libro-papel","8":"pa_tipo-de-libro-ebook","9":"tax-langs-castellano","10":"tax-encuadernacion-bolsillo-tapa-blanda","11":"tax-availability-disponible","13":"first","14":"instock","15":"shipping-taxable","16":"purchasable","17":"product-type-variable"},"acf":{"id_gesedi":10,"book_subtitle":"Luz Casal, Bernardo Atxaga, Jaume Sisa, Helena Taberna, Xabier Lete, Pablo Guerrero, Martirio, Jose ","book_author":69,"book_translator":"","book_illustrator":"","book_publish_date_book":"2011-04-04","book_publish_date_ebook":"2011-03-14","book_publish_date_audiobook":null,"book_collection_number":64,"book_pages":0,"book_file":"","book_img":"","books_related":null},"_links":{"self":[{"href":"https:\/\/www.alberdania.net\/eu\/wp-json\/wp\/v2\/product\/2328","targetHints":{"allow":["GET"]}}],"collection":[{"href":"https:\/\/www.alberdania.net\/eu\/wp-json\/wp\/v2\/product"}],"about":[{"href":"https:\/\/www.alberdania.net\/eu\/wp-json\/wp\/v2\/types\/product"}],"wp:featuredmedia":[{"embeddable":true,"href":"https:\/\/www.alberdania.net\/eu\/wp-json\/wp\/v2\/media\/4966"}],"wp:attachment":[{"href":"https:\/\/www.alberdania.net\/eu\/wp-json\/wp\/v2\/media?parent=2328"}],"wp:term":[{"taxonomy":"product_brand","embeddable":true,"href":"https:\/\/www.alberdania.net\/eu\/wp-json\/wp\/v2\/product_brand?post=2328"},{"taxonomy":"product_cat","embeddable":true,"href":"https:\/\/www.alberdania.net\/eu\/wp-json\/wp\/v2\/product_cat?post=2328"},{"taxonomy":"product_tag","embeddable":true,"href":"https:\/\/www.alberdania.net\/eu\/wp-json\/wp\/v2\/product_tag?post=2328"},{"taxonomy":"tax-colections","embeddable":true,"href":"https:\/\/www.alberdania.net\/eu\/wp-json\/wp\/v2\/tax-colections?post=2328"},{"taxonomy":"tax-langs","embeddable":true,"href":"https:\/\/www.alberdania.net\/eu\/wp-json\/wp\/v2\/tax-langs?post=2328"},{"taxonomy":"tax-encuadernacion","embeddable":true,"href":"https:\/\/www.alberdania.net\/eu\/wp-json\/wp\/v2\/tax-encuadernacion?post=2328"},{"taxonomy":"tax-availability","embeddable":true,"href":"https:\/\/www.alberdania.net\/eu\/wp-json\/wp\/v2\/tax-availability?post=2328"}],"curies":[{"name":"wp","href":"https:\/\/api.w.org\/{rel}","templated":true}]}}