{"id":2372,"date":"2023-10-17T11:59:31","date_gmt":"2023-10-17T11:59:31","guid":{"rendered":"https:\/\/berria.alberdania.net\/product\/el-regreso-de-saturno\/"},"modified":"2026-04-21T03:25:26","modified_gmt":"2026-04-21T01:25:26","slug":"el-regreso-de-saturno","status":"publish","type":"product","link":"https:\/\/www.alberdania.net\/eu\/product\/el-regreso-de-saturno\/","title":{"rendered":"El regreso de Saturno"},"content":{"rendered":"","protected":false},"excerpt":{"rendered":"<p>Los quince relatos que componen este volumen visitan los territorios del primer encuentro, del reencuentro y de la despedida.<br \/>\n\tUna mudanza, una operaci\u00f3n, una muerte. Un pacto entre dos amigas a la orilla de una playa y una cena que lo cambia todo.<br \/>\n\tCuerpos que se encuentran y se desperdigan, y en los que los personajes se mueven entre lo extra\u00f1o y lo cotidiano, la realidad y la fantas\u00eda, mientras se contemplan con la extra\u00f1eza de quien observa su reflejo en el espejo de una feria.<br \/>\n\tUn libro luminoso y perturbador, que oscila entre el humor, la melancol\u00eda y el desgarro, mientras examina lo que a todos nos mueve pero a los protagonistas parece paralizar: el miedo y el deseo.<br \/>\n\tDos de los relatos recogidos en el presente volumen han sido galardonados en sendos importantes cert\u00e1menes de narrativa breve.<\/p>\n","protected":false},"featured_media":4936,"template":"","meta":{"_acf_changed":false,"inline_featured_image":false},"product_brand":[],"product_cat":[15],"product_tag":[],"tax-colections":[59,128],"tax-langs":[83],"tax-encuadernacion":[92],"tax-availability":[97],"class_list":{"0":"post-2372","1":"product","2":"type-product","3":"status-publish","4":"has-post-thumbnail","6":"product_cat-sin-categoria","7":"pa_tipo-de-libro-papel","8":"pa_tipo-de-libro-ebook","9":"tax-colections-literatura-para-adultos","10":"tax-colections-astiro","11":"tax-langs-castellano","12":"tax-encuadernacion-tapa-blanda","13":"tax-availability-disponible","15":"first","16":"instock","17":"shipping-taxable","18":"purchasable","19":"product-type-variable"},"acf":{"id_gesedi":881,"book_subtitle":"","book_author":274,"book_translator":"","book_illustrator":"","book_publish_date_book":"2023-08-30","book_publish_date_ebook":"2023-10-01","book_publish_date_audiobook":null,"book_collection_number":67,"book_pages":148,"book_file":"","book_img":"","books_related":""},"_links":{"self":[{"href":"https:\/\/www.alberdania.net\/eu\/wp-json\/wp\/v2\/product\/2372","targetHints":{"allow":["GET"]}}],"collection":[{"href":"https:\/\/www.alberdania.net\/eu\/wp-json\/wp\/v2\/product"}],"about":[{"href":"https:\/\/www.alberdania.net\/eu\/wp-json\/wp\/v2\/types\/product"}],"wp:featuredmedia":[{"embeddable":true,"href":"https:\/\/www.alberdania.net\/eu\/wp-json\/wp\/v2\/media\/4936"}],"wp:attachment":[{"href":"https:\/\/www.alberdania.net\/eu\/wp-json\/wp\/v2\/media?parent=2372"}],"wp:term":[{"taxonomy":"product_brand","embeddable":true,"href":"https:\/\/www.alberdania.net\/eu\/wp-json\/wp\/v2\/product_brand?post=2372"},{"taxonomy":"product_cat","embeddable":true,"href":"https:\/\/www.alberdania.net\/eu\/wp-json\/wp\/v2\/product_cat?post=2372"},{"taxonomy":"product_tag","embeddable":true,"href":"https:\/\/www.alberdania.net\/eu\/wp-json\/wp\/v2\/product_tag?post=2372"},{"taxonomy":"tax-colections","embeddable":true,"href":"https:\/\/www.alberdania.net\/eu\/wp-json\/wp\/v2\/tax-colections?post=2372"},{"taxonomy":"tax-langs","embeddable":true,"href":"https:\/\/www.alberdania.net\/eu\/wp-json\/wp\/v2\/tax-langs?post=2372"},{"taxonomy":"tax-encuadernacion","embeddable":true,"href":"https:\/\/www.alberdania.net\/eu\/wp-json\/wp\/v2\/tax-encuadernacion?post=2372"},{"taxonomy":"tax-availability","embeddable":true,"href":"https:\/\/www.alberdania.net\/eu\/wp-json\/wp\/v2\/tax-availability?post=2372"}],"curies":[{"name":"wp","href":"https:\/\/api.w.org\/{rel}","templated":true}]}}