{"id":2383,"date":"2023-10-17T12:50:29","date_gmt":"2023-10-17T12:50:29","guid":{"rendered":"https:\/\/berria.alberdania.net\/product\/marta-ante-el-espejo\/"},"modified":"2026-04-14T00:50:48","modified_gmt":"2026-04-13T22:50:48","slug":"marta-ante-el-espejo","status":"publish","type":"product","link":"https:\/\/www.alberdania.net\/eu\/product\/marta-ante-el-espejo\/","title":{"rendered":"Marta ante el espejo"},"content":{"rendered":"","protected":false},"excerpt":{"rendered":"<p>Marta tiene alrededor de diecisiete a\u00f1os. O los ten\u00eda cuando cruz\u00f3 al otro lado del espejo, al de la eternidad vac\u00eda, indolora, irreversible.<br \/>\n\tEl espejo ante el que ahora recuerda los \u00faltimos meses de su vida no le devuelve su imagen. Solo recuerdos. Pero tambi\u00e9n sensaciones.<br \/>\n\tEl alivio de no tener, por ejemplo, que o\u00edr el llanto de su madre, o los ecos de la sorda desesperaci\u00f3n de su padre. La sensaci\u00f3n de liberaci\u00f3n que le produce no verse obligada a simular que come, o peor a\u00fan, comer realmente algo para satisfacer a su familia\u0085<br \/>\n\tEn un mon\u00f3logo teatral que se lee como un relato, Marta se habla a s\u00ed misma con la franqueza y crudeza propia de su condici\u00f3n, limando mediante la iron\u00eda las aristas de unos recuerdos que, irremediablemente, la conducir\u00e1n a la a\u00f1oranza de aquella Marta que un d\u00eda dej\u00f3 de ser.<\/p>\n","protected":false},"featured_media":5152,"template":"","meta":{"_acf_changed":false,"inline_featured_image":false},"product_brand":[],"product_cat":[15],"product_tag":[],"tax-colections":[59,128],"tax-langs":[83],"tax-encuadernacion":[105],"tax-availability":[97],"class_list":{"0":"post-2383","1":"product","2":"type-product","3":"status-publish","4":"has-post-thumbnail","6":"product_cat-sin-categoria","7":"pa_tipo-de-libro-ebook","8":"pa_tipo-de-libro-papel","9":"tax-colections-literatura-para-adultos","10":"tax-colections-astiro","11":"tax-langs-castellano","12":"tax-encuadernacion-bolsillo-tapa-blanda","13":"tax-availability-disponible","15":"first","16":"instock","17":"shipping-taxable","18":"purchasable","19":"product-type-variable"},"acf":{"id_gesedi":4,"book_subtitle":"","book_author":2,"book_translator":"","book_illustrator":"","book_publish_date_book":"2021-06-28","book_publish_date_ebook":"2021-06-30","book_publish_date_audiobook":null,"book_collection_number":45,"book_pages":0,"book_file":"","book_img":"","books_related":null},"_links":{"self":[{"href":"https:\/\/www.alberdania.net\/eu\/wp-json\/wp\/v2\/product\/2383","targetHints":{"allow":["GET"]}}],"collection":[{"href":"https:\/\/www.alberdania.net\/eu\/wp-json\/wp\/v2\/product"}],"about":[{"href":"https:\/\/www.alberdania.net\/eu\/wp-json\/wp\/v2\/types\/product"}],"wp:featuredmedia":[{"embeddable":true,"href":"https:\/\/www.alberdania.net\/eu\/wp-json\/wp\/v2\/media\/5152"}],"wp:attachment":[{"href":"https:\/\/www.alberdania.net\/eu\/wp-json\/wp\/v2\/media?parent=2383"}],"wp:term":[{"taxonomy":"product_brand","embeddable":true,"href":"https:\/\/www.alberdania.net\/eu\/wp-json\/wp\/v2\/product_brand?post=2383"},{"taxonomy":"product_cat","embeddable":true,"href":"https:\/\/www.alberdania.net\/eu\/wp-json\/wp\/v2\/product_cat?post=2383"},{"taxonomy":"product_tag","embeddable":true,"href":"https:\/\/www.alberdania.net\/eu\/wp-json\/wp\/v2\/product_tag?post=2383"},{"taxonomy":"tax-colections","embeddable":true,"href":"https:\/\/www.alberdania.net\/eu\/wp-json\/wp\/v2\/tax-colections?post=2383"},{"taxonomy":"tax-langs","embeddable":true,"href":"https:\/\/www.alberdania.net\/eu\/wp-json\/wp\/v2\/tax-langs?post=2383"},{"taxonomy":"tax-encuadernacion","embeddable":true,"href":"https:\/\/www.alberdania.net\/eu\/wp-json\/wp\/v2\/tax-encuadernacion?post=2383"},{"taxonomy":"tax-availability","embeddable":true,"href":"https:\/\/www.alberdania.net\/eu\/wp-json\/wp\/v2\/tax-availability?post=2383"}],"curies":[{"name":"wp","href":"https:\/\/api.w.org\/{rel}","templated":true}]}}