{"id":2392,"date":"2023-10-17T12:50:52","date_gmt":"2023-10-17T12:50:52","guid":{"rendered":"https:\/\/berria.alberdania.net\/product\/la-bella-fugida\/"},"modified":"2026-04-14T00:51:13","modified_gmt":"2026-04-13T22:51:13","slug":"la-bella-fugida","status":"publish","type":"product","link":"https:\/\/www.alberdania.net\/eu\/product\/la-bella-fugida\/","title":{"rendered":"La bella fugida"},"content":{"rendered":"","protected":false},"excerpt":{"rendered":"<p>Aquesta novel.la gr\u00e0fica \u00e9s la hist\u00f2ria d\u0092un fot\u00f3graf Joanes Apaolaza i d\u0092una professora Olga Perls. La hist\u00f2ria es situa a la Euskal Herria actual, per\u00f2 aquesta,  durant els darrers 200 anys ha estat sota el domini de la Rep\u00fablica Federal Francesa<\/p>\n<p>\tJoanes Apaolaza ens conta una hist\u00f2ria on el temes fonamentals son la monog\u00e0mia, l\u0092amor, el sexe, la geopol\u00edtica i la hist\u00f2ria entre d\u0092altres, i com canvien aquests. L\u0092amor i la conquista son els eixos fonamentals d\u0092aquesta novel.la gr\u00e0fica. La colonitzaci\u00f3, els lligams i la impossiblilitat de llibertat dels pobles, cultures, relacions entre les persones i els cossos conformen un entorn afixiant, del que fugir es converteix en molt m\u00e9s que fugir.<\/p>\n","protected":false},"featured_media":5146,"template":"","meta":{"_acf_changed":false,"inline_featured_image":false},"product_brand":[],"product_cat":[15],"product_tag":[],"tax-colections":[59,128],"tax-langs":[84,85],"tax-encuadernacion":[105],"tax-availability":[97],"class_list":{"0":"post-2392","1":"product","2":"type-product","3":"status-publish","4":"has-post-thumbnail","6":"product_cat-sin-categoria","7":"pa_tipo-de-libro-ebook","8":"pa_tipo-de-libro-papel","9":"tax-colections-literatura-para-adultos","10":"tax-colections-astiro","11":"tax-langs-otros","12":"tax-langs-catalan","13":"tax-encuadernacion-bolsillo-tapa-blanda","14":"tax-availability-disponible","16":"first","17":"instock","18":"shipping-taxable","19":"purchasable","20":"product-type-variable"},"acf":{"id_gesedi":7,"book_subtitle":"","book_author":356,"book_translator":357,"book_illustrator":"","book_publish_date_book":"2010-11-19","book_publish_date_ebook":"2010-09-01","book_publish_date_audiobook":null,"book_collection_number":27,"book_pages":0,"book_file":"","book_img":"","books_related":null},"_links":{"self":[{"href":"https:\/\/www.alberdania.net\/eu\/wp-json\/wp\/v2\/product\/2392","targetHints":{"allow":["GET"]}}],"collection":[{"href":"https:\/\/www.alberdania.net\/eu\/wp-json\/wp\/v2\/product"}],"about":[{"href":"https:\/\/www.alberdania.net\/eu\/wp-json\/wp\/v2\/types\/product"}],"wp:featuredmedia":[{"embeddable":true,"href":"https:\/\/www.alberdania.net\/eu\/wp-json\/wp\/v2\/media\/5146"}],"wp:attachment":[{"href":"https:\/\/www.alberdania.net\/eu\/wp-json\/wp\/v2\/media?parent=2392"}],"wp:term":[{"taxonomy":"product_brand","embeddable":true,"href":"https:\/\/www.alberdania.net\/eu\/wp-json\/wp\/v2\/product_brand?post=2392"},{"taxonomy":"product_cat","embeddable":true,"href":"https:\/\/www.alberdania.net\/eu\/wp-json\/wp\/v2\/product_cat?post=2392"},{"taxonomy":"product_tag","embeddable":true,"href":"https:\/\/www.alberdania.net\/eu\/wp-json\/wp\/v2\/product_tag?post=2392"},{"taxonomy":"tax-colections","embeddable":true,"href":"https:\/\/www.alberdania.net\/eu\/wp-json\/wp\/v2\/tax-colections?post=2392"},{"taxonomy":"tax-langs","embeddable":true,"href":"https:\/\/www.alberdania.net\/eu\/wp-json\/wp\/v2\/tax-langs?post=2392"},{"taxonomy":"tax-encuadernacion","embeddable":true,"href":"https:\/\/www.alberdania.net\/eu\/wp-json\/wp\/v2\/tax-encuadernacion?post=2392"},{"taxonomy":"tax-availability","embeddable":true,"href":"https:\/\/www.alberdania.net\/eu\/wp-json\/wp\/v2\/tax-availability?post=2392"}],"curies":[{"name":"wp","href":"https:\/\/api.w.org\/{rel}","templated":true}]}}