{"id":2411,"date":"2023-10-17T12:51:58","date_gmt":"2023-10-17T12:51:58","guid":{"rendered":"https:\/\/berria.alberdania.net\/product\/jim-boton-y-lucas-el-maquinista-salen-de-excursion\/"},"modified":"2026-04-21T00:52:23","modified_gmt":"2026-04-20T22:52:23","slug":"jim-boton-y-lucas-el-maquinista-salen-de-excursion","status":"publish","type":"product","link":"https:\/\/www.alberdania.net\/eu\/product\/jim-boton-y-lucas-el-maquinista-salen-de-excursion\/","title":{"rendered":"Jim Bot\u00f3n y Lucas el maquinista salen de excursi\u00f3n"},"content":{"rendered":"","protected":false},"excerpt":{"rendered":"<p>El universo de Michael Ende en una bell\u00edsima narraci\u00f3n ilustrada.<\/p>\n<p>\tJim Bot\u00f3n y Lucas el maquinista son \u00edntimos amigos. Hace un d\u00eda espl\u00e9ndido, y se deciden a salir de excursi\u00f3n por Lummerland, con la locomotora Emma. La se\u00f1ora Que\u00e9 les prepara un par de bocadillos, y all\u00e1 van, felices y contentos\u0085<\/p>\n","protected":false},"featured_media":5132,"template":"","meta":{"_acf_changed":false,"inline_featured_image":false},"product_brand":[],"product_cat":[15],"product_tag":[],"tax-colections":[71,121],"tax-langs":[83],"tax-encuadernacion":[92],"tax-availability":[97],"class_list":{"0":"post-2411","1":"product","2":"type-product","3":"status-publish","4":"has-post-thumbnail","6":"product_cat-sin-categoria","7":"pa_tipo-de-libro-papel","8":"tax-colections-literatura-infantil-y-juvenil","9":"tax-colections-koloretako-albumak","10":"tax-langs-castellano","11":"tax-encuadernacion-tapa-blanda","12":"tax-availability-disponible","14":"first","15":"instock","16":"shipping-taxable","17":"purchasable","18":"product-type-variable"},"acf":{"id_gesedi":17,"book_subtitle":"","book_author":372,"book_translator":"","book_illustrator":371,"book_publish_date_book":"2017-10-15","book_publish_date_ebook":null,"book_publish_date_audiobook":null,"book_collection_number":0,"book_pages":28,"book_file":"","book_img":"","books_related":null},"_links":{"self":[{"href":"https:\/\/www.alberdania.net\/eu\/wp-json\/wp\/v2\/product\/2411","targetHints":{"allow":["GET"]}}],"collection":[{"href":"https:\/\/www.alberdania.net\/eu\/wp-json\/wp\/v2\/product"}],"about":[{"href":"https:\/\/www.alberdania.net\/eu\/wp-json\/wp\/v2\/types\/product"}],"wp:featuredmedia":[{"embeddable":true,"href":"https:\/\/www.alberdania.net\/eu\/wp-json\/wp\/v2\/media\/5132"}],"wp:attachment":[{"href":"https:\/\/www.alberdania.net\/eu\/wp-json\/wp\/v2\/media?parent=2411"}],"wp:term":[{"taxonomy":"product_brand","embeddable":true,"href":"https:\/\/www.alberdania.net\/eu\/wp-json\/wp\/v2\/product_brand?post=2411"},{"taxonomy":"product_cat","embeddable":true,"href":"https:\/\/www.alberdania.net\/eu\/wp-json\/wp\/v2\/product_cat?post=2411"},{"taxonomy":"product_tag","embeddable":true,"href":"https:\/\/www.alberdania.net\/eu\/wp-json\/wp\/v2\/product_tag?post=2411"},{"taxonomy":"tax-colections","embeddable":true,"href":"https:\/\/www.alberdania.net\/eu\/wp-json\/wp\/v2\/tax-colections?post=2411"},{"taxonomy":"tax-langs","embeddable":true,"href":"https:\/\/www.alberdania.net\/eu\/wp-json\/wp\/v2\/tax-langs?post=2411"},{"taxonomy":"tax-encuadernacion","embeddable":true,"href":"https:\/\/www.alberdania.net\/eu\/wp-json\/wp\/v2\/tax-encuadernacion?post=2411"},{"taxonomy":"tax-availability","embeddable":true,"href":"https:\/\/www.alberdania.net\/eu\/wp-json\/wp\/v2\/tax-availability?post=2411"}],"curies":[{"name":"wp","href":"https:\/\/api.w.org\/{rel}","templated":true}]}}