{"id":2450,"date":"2023-10-17T12:54:10","date_gmt":"2023-10-17T12:54:10","guid":{"rendered":"https:\/\/berria.alberdania.net\/product\/el-caso-lezurrieta\/"},"modified":"2026-04-14T00:56:59","modified_gmt":"2026-04-13T22:56:59","slug":"el-caso-lezurrieta","status":"publish","type":"product","link":"https:\/\/www.alberdania.net\/eu\/product\/el-caso-lezurrieta\/","title":{"rendered":"El caso Lezurrieta"},"content":{"rendered":"","protected":false},"excerpt":{"rendered":"<p>EL CASO LEZURRIETA  es una obra:<\/p>\n<p>\tPARA LOS AMANTES DEL THRILLER CORPORATIVO, DEL SUSPENSE Y LA INTRIGA. Acompa\u00f1a al lector a trav\u00e9s de un caso de corrupci\u00f3n, en el que nada ni nadie puede frenar al verdadero culpable.<\/p>\n<p>\tPARA LOS AMANTES DE LA LITERATURA JUR\u00cdDICA. Describe, con el debido rigor aunque de forma amena, la formaci\u00f3n de un gran bufete internacional y su actividad, centr\u00e1ndose en su departamento corporativo, fusiones y adquisiciones.<\/p>\n<p>\tPARA LOS AMANTES DEL MUNDO EMPRESARIAL. Narra la actividad emprendedora de una persona humilde que, a pesar de no haber ido a la escuela, crea uno de los mayores grupos empresariales multinacionales.<\/p>\n<p>\tPARA LOS AMANTES DE LA NAVEGACION. El relato se entremezcla con la aventura de una vuelta al mundo a vela, en solitario; el sue\u00f1o que el protagonista reservaba para el fin de su vida profesional.<\/p>\n<p>\tUNA NOVELA BASADA EN SITUACIONES Y HECHOS QUE OCURREN EN LA VIDA REAL, NARRADA CON RIGOR T\u00c9CNICO POR UN ESPECIALISTA EN LA MATERIA.<\/p>\n","protected":false},"featured_media":5110,"template":"","meta":{"_acf_changed":false,"inline_featured_image":false},"product_brand":[],"product_cat":[15],"product_tag":[],"tax-colections":[59,128],"tax-langs":[83],"tax-encuadernacion":[105],"tax-availability":[97],"class_list":{"0":"post-2450","1":"product","2":"type-product","3":"status-publish","4":"has-post-thumbnail","6":"product_cat-sin-categoria","7":"pa_tipo-de-libro-ebook","8":"pa_tipo-de-libro-papel","9":"tax-colections-literatura-para-adultos","10":"tax-colections-astiro","11":"tax-langs-castellano","12":"tax-encuadernacion-bolsillo-tapa-blanda","13":"tax-availability-disponible","15":"first","16":"instock","17":"shipping-taxable","18":"purchasable","19":"product-type-variable"},"acf":{"id_gesedi":34,"book_subtitle":"","book_author":255,"book_translator":"","book_illustrator":"","book_publish_date_book":"2017-11-30","book_publish_date_ebook":"2017-11-30","book_publish_date_audiobook":null,"book_collection_number":48,"book_pages":0,"book_file":"","book_img":"","books_related":null},"_links":{"self":[{"href":"https:\/\/www.alberdania.net\/eu\/wp-json\/wp\/v2\/product\/2450","targetHints":{"allow":["GET"]}}],"collection":[{"href":"https:\/\/www.alberdania.net\/eu\/wp-json\/wp\/v2\/product"}],"about":[{"href":"https:\/\/www.alberdania.net\/eu\/wp-json\/wp\/v2\/types\/product"}],"wp:featuredmedia":[{"embeddable":true,"href":"https:\/\/www.alberdania.net\/eu\/wp-json\/wp\/v2\/media\/5110"}],"wp:attachment":[{"href":"https:\/\/www.alberdania.net\/eu\/wp-json\/wp\/v2\/media?parent=2450"}],"wp:term":[{"taxonomy":"product_brand","embeddable":true,"href":"https:\/\/www.alberdania.net\/eu\/wp-json\/wp\/v2\/product_brand?post=2450"},{"taxonomy":"product_cat","embeddable":true,"href":"https:\/\/www.alberdania.net\/eu\/wp-json\/wp\/v2\/product_cat?post=2450"},{"taxonomy":"product_tag","embeddable":true,"href":"https:\/\/www.alberdania.net\/eu\/wp-json\/wp\/v2\/product_tag?post=2450"},{"taxonomy":"tax-colections","embeddable":true,"href":"https:\/\/www.alberdania.net\/eu\/wp-json\/wp\/v2\/tax-colections?post=2450"},{"taxonomy":"tax-langs","embeddable":true,"href":"https:\/\/www.alberdania.net\/eu\/wp-json\/wp\/v2\/tax-langs?post=2450"},{"taxonomy":"tax-encuadernacion","embeddable":true,"href":"https:\/\/www.alberdania.net\/eu\/wp-json\/wp\/v2\/tax-encuadernacion?post=2450"},{"taxonomy":"tax-availability","embeddable":true,"href":"https:\/\/www.alberdania.net\/eu\/wp-json\/wp\/v2\/tax-availability?post=2450"}],"curies":[{"name":"wp","href":"https:\/\/api.w.org\/{rel}","templated":true}]}}