{"id":2498,"date":"2023-10-17T12:56:04","date_gmt":"2023-10-17T12:56:04","guid":{"rendered":"https:\/\/berria.alberdania.net\/product\/lo-que-puedo-contar\/"},"modified":"2026-05-15T01:01:51","modified_gmt":"2026-05-14T23:01:51","slug":"lo-que-puedo-contar","status":"publish","type":"product","link":"https:\/\/www.alberdania.net\/eu\/product\/lo-que-puedo-contar\/","title":{"rendered":"Lo que puedo contar"},"content":{"rendered":"","protected":false},"excerpt":{"rendered":"<p>Nada es tan lacerante, para un periodista, como la indiferencia ante las injusticias cotidianas, dir\u00edase que eternas, cuya cr\u00f3nica se esfuerza en transmitir. Y ese es, precisamente, uno de los m\u00e1s graves pecados de este nuestro \u00abprimer mundo\u00bb.<\/p>\n<p>\tFede Merino ha viajado como periodista por las diversas cartograf\u00edas de esa injusticia, de manera especial en Am\u00e9rica.<\/p>\n<p>\tHa cosechado all\u00ed historias y vivencias que nos hablan con crudeza y sin disimulos de realidades que nuestra acolchada conciencia europea prefiere ignorar o, a lo sumo, anotar en la columna de lo reprobable, sin que ello d\u00e9 lugar a otros ni mejores gestos.<\/p>\n<p>\tA lo largo de estas p\u00e1ginas, el periodista nos conduce con pulso firme y amistoso por peque\u00f1as historias que van y vienen de Am\u00e9rica a Euskadi y del pasado al presente. Desfilan por ellas personajes del m\u00e1s variado pelaje, observados siempre con la aguda mirada de quien est\u00e1 acostumbrado a percibir la verdad tras los celofanes con que los seres humanos camuflamos nuestras mejores y peores pulsiones.<\/p>\n<p>\tPero, trat\u00e1ndose de Fede Merino, no pod\u00eda faltar en este relato la cr\u00f3nica del emblem\u00e1tico \u00abbacalao\u00bb del Athletic, el irrintzi rojiblanco creado por \u00e9l para cantar los goles del Athletic en las transmisiones radiof\u00f3nicas.<\/p>\n<p>\tPorque todo es vida, y vida es lo que destilan estas apasionadas p\u00e1ginas.<\/p>\n","protected":false},"featured_media":5080,"template":"","meta":{"_acf_changed":false,"inline_featured_image":false},"product_brand":[],"product_cat":[15],"product_tag":[],"tax-colections":[59,126],"tax-langs":[83],"tax-encuadernacion":[105],"tax-availability":[97],"class_list":{"0":"post-2498","1":"product","2":"type-product","3":"status-publish","4":"has-post-thumbnail","6":"product_cat-sin-categoria","7":"pa_tipo-de-libro-papel","8":"pa_tipo-de-libro-ebook","9":"tax-colections-literatura-para-adultos","10":"tax-colections-alga","11":"tax-langs-castellano","12":"tax-encuadernacion-bolsillo-tapa-blanda","13":"tax-availability-disponible","15":"first","16":"instock","17":"shipping-taxable","18":"purchasable","19":"product-type-variable"},"acf":{"id_gesedi":54,"book_subtitle":"","book_author":70,"book_translator":"","book_illustrator":"","book_publish_date_book":"2020-12-11","book_publish_date_ebook":"2020-12-11","book_publish_date_audiobook":null,"book_collection_number":69,"book_pages":0,"book_file":"","book_img":"","books_related":null},"_links":{"self":[{"href":"https:\/\/www.alberdania.net\/eu\/wp-json\/wp\/v2\/product\/2498","targetHints":{"allow":["GET"]}}],"collection":[{"href":"https:\/\/www.alberdania.net\/eu\/wp-json\/wp\/v2\/product"}],"about":[{"href":"https:\/\/www.alberdania.net\/eu\/wp-json\/wp\/v2\/types\/product"}],"wp:featuredmedia":[{"embeddable":true,"href":"https:\/\/www.alberdania.net\/eu\/wp-json\/wp\/v2\/media\/5080"}],"wp:attachment":[{"href":"https:\/\/www.alberdania.net\/eu\/wp-json\/wp\/v2\/media?parent=2498"}],"wp:term":[{"taxonomy":"product_brand","embeddable":true,"href":"https:\/\/www.alberdania.net\/eu\/wp-json\/wp\/v2\/product_brand?post=2498"},{"taxonomy":"product_cat","embeddable":true,"href":"https:\/\/www.alberdania.net\/eu\/wp-json\/wp\/v2\/product_cat?post=2498"},{"taxonomy":"product_tag","embeddable":true,"href":"https:\/\/www.alberdania.net\/eu\/wp-json\/wp\/v2\/product_tag?post=2498"},{"taxonomy":"tax-colections","embeddable":true,"href":"https:\/\/www.alberdania.net\/eu\/wp-json\/wp\/v2\/tax-colections?post=2498"},{"taxonomy":"tax-langs","embeddable":true,"href":"https:\/\/www.alberdania.net\/eu\/wp-json\/wp\/v2\/tax-langs?post=2498"},{"taxonomy":"tax-encuadernacion","embeddable":true,"href":"https:\/\/www.alberdania.net\/eu\/wp-json\/wp\/v2\/tax-encuadernacion?post=2498"},{"taxonomy":"tax-availability","embeddable":true,"href":"https:\/\/www.alberdania.net\/eu\/wp-json\/wp\/v2\/tax-availability?post=2498"}],"curies":[{"name":"wp","href":"https:\/\/api.w.org\/{rel}","templated":true}]}}