{"id":2517,"date":"2023-10-17T12:56:42","date_gmt":"2023-10-17T12:56:42","guid":{"rendered":"https:\/\/berria.alberdania.net\/product\/asi-nacio-la-television-del-pais-vasco\/"},"modified":"2026-04-14T01:02:37","modified_gmt":"2026-04-13T23:02:37","slug":"asi-nacio-la-television-del-pais-vasco","status":"publish","type":"product","link":"https:\/\/www.alberdania.net\/eu\/product\/asi-nacio-la-television-del-pais-vasco\/","title":{"rendered":"As\u00ed naci\u00f3 la Televisi\u00f3n del Pais Vasco"},"content":{"rendered":"","protected":false},"excerpt":{"rendered":"<p>Tras la proclamaci\u00f3n del Estatuto de Gernika (1979), las instituciones vascas retomaban su andadura, dram\u00e1ticamente interrumpida por el golpe de Estado protagonizado, entre otros, por el general Franco, al que sigui\u00f3 una cruel y cruenta guerra civil y una dictadura de 40 a\u00f1os.<br \/>\n\tSabido es que los medios de comunicaci\u00f3n de masas constituyen uno de los ejes vertebradores m\u00e1s poderosos de las sociedades modernas, y, obviamente, urg\u00eda desarrollar en Euskadi iniciativas positivas en ese \u00e1mbito. Por una parte, porque no era concebible que el proceso de construcci\u00f3n de la nueva sociedad vasca democr\u00e1tica careciera de medios p\u00fablicos de comunicaci\u00f3n de \u00faltima generaci\u00f3n, y, por otra parte, porque resultaba obvio el papel decisivo que una cadena de televisi\u00f3n en euskera pod\u00eda desempe\u00f1ar en el proceso de normalizaci\u00f3n de la lengua propia del Pa\u00eds Vasco, a todas luces inaplazable tras la larga noche franquista.<br \/>\n\tQuienes en aquella coyuntura reg\u00edan, por mandato democr\u00e1tico, las instituciones vascas as\u00ed lo entendieron desde el primer momento, y, con los comprensibles titubeos, dudas e incertidumbres, emprendieron con verdadero coraje c\u00edvico y pol\u00edtico un camino que se revel\u00f3 arduo y tortuoso, en el que hubo que sortear, equilibrando audacia y prudencia, todo tipo de escollos pol\u00edticos, legales, econ\u00f3micos y t\u00e9cnicos.<br \/>\n\tI\u00f1aki Agirregomoskorta, observador y actor de primera l\u00ednea de este proceso, desgrana en este libro, de manera minuciosa y exhaustivamente documentada, las muy diversas peripecias que condujeron, finalmente, a la primera emisi\u00f3n de ETB, la cadena p\u00fablica vasca de televisi\u00f3n en euskera, el 31 de diciembre de 1982.<br \/>\n\tLa obra constituye, adem\u00e1s de un documento historiogr\u00e1fico de primer nivel, la rigurosa cr\u00f3nica de un proceso sociopol\u00edtico de la mayor magnitud y, al mismo tiempo, el reconocimiento y homenaje p\u00fablico a que los impulsores y ejecutores de tan decisivo proyecto se hicieron acreedores por su clarividencia y sacrificado empe\u00f1o.<\/p>\n","protected":false},"featured_media":5068,"template":"","meta":{"_acf_changed":false,"inline_featured_image":false},"product_brand":[],"product_cat":[15],"product_tag":[],"tax-colections":[59,126],"tax-langs":[83],"tax-encuadernacion":[105],"tax-availability":[97],"class_list":{"0":"post-2517","1":"product","2":"type-product","3":"status-publish","4":"has-post-thumbnail","6":"product_cat-sin-categoria","7":"pa_tipo-de-libro-ebook","8":"pa_tipo-de-libro-papel","9":"tax-colections-literatura-para-adultos","10":"tax-colections-alga","11":"tax-langs-castellano","12":"tax-encuadernacion-bolsillo-tapa-blanda","13":"tax-availability-disponible","15":"first","16":"instock","17":"shipping-taxable","18":"purchasable","19":"product-type-variable"},"acf":{"id_gesedi":60,"book_subtitle":"","book_author":7,"book_translator":"","book_illustrator":"","book_publish_date_book":"2020-11-06","book_publish_date_ebook":"2020-11-06","book_publish_date_audiobook":null,"book_collection_number":63,"book_pages":0,"book_file":"","book_img":"","books_related":null},"_links":{"self":[{"href":"https:\/\/www.alberdania.net\/eu\/wp-json\/wp\/v2\/product\/2517","targetHints":{"allow":["GET"]}}],"collection":[{"href":"https:\/\/www.alberdania.net\/eu\/wp-json\/wp\/v2\/product"}],"about":[{"href":"https:\/\/www.alberdania.net\/eu\/wp-json\/wp\/v2\/types\/product"}],"wp:featuredmedia":[{"embeddable":true,"href":"https:\/\/www.alberdania.net\/eu\/wp-json\/wp\/v2\/media\/5068"}],"wp:attachment":[{"href":"https:\/\/www.alberdania.net\/eu\/wp-json\/wp\/v2\/media?parent=2517"}],"wp:term":[{"taxonomy":"product_brand","embeddable":true,"href":"https:\/\/www.alberdania.net\/eu\/wp-json\/wp\/v2\/product_brand?post=2517"},{"taxonomy":"product_cat","embeddable":true,"href":"https:\/\/www.alberdania.net\/eu\/wp-json\/wp\/v2\/product_cat?post=2517"},{"taxonomy":"product_tag","embeddable":true,"href":"https:\/\/www.alberdania.net\/eu\/wp-json\/wp\/v2\/product_tag?post=2517"},{"taxonomy":"tax-colections","embeddable":true,"href":"https:\/\/www.alberdania.net\/eu\/wp-json\/wp\/v2\/tax-colections?post=2517"},{"taxonomy":"tax-langs","embeddable":true,"href":"https:\/\/www.alberdania.net\/eu\/wp-json\/wp\/v2\/tax-langs?post=2517"},{"taxonomy":"tax-encuadernacion","embeddable":true,"href":"https:\/\/www.alberdania.net\/eu\/wp-json\/wp\/v2\/tax-encuadernacion?post=2517"},{"taxonomy":"tax-availability","embeddable":true,"href":"https:\/\/www.alberdania.net\/eu\/wp-json\/wp\/v2\/tax-availability?post=2517"}],"curies":[{"name":"wp","href":"https:\/\/api.w.org\/{rel}","templated":true}]}}