{"id":2639,"date":"2023-10-17T13:03:01","date_gmt":"2023-10-17T13:03:01","guid":{"rendered":"https:\/\/berria.alberdania.net\/product\/chillida-and-i\/"},"modified":"2026-04-14T01:12:50","modified_gmt":"2026-04-13T23:12:50","slug":"chillida-and-i","status":"publish","type":"product","link":"https:\/\/www.alberdania.net\/eu\/product\/chillida-and-i\/","title":{"rendered":"Chillida and I"},"content":{"rendered":"","protected":false},"excerpt":{"rendered":"<p>Ainhoa, una simp\u00e1tica ni\u00f1a, nos gu\u00eda en un divertido paseo a todo color y en gran formato a trav\u00e9s de la vida y obra del mundialmente famoso escultor Eduardo Chillida. Conoceremos as\u00ed sus primeros pasos en el arte, la amplitud de sus m\u00faltiples inquietudes est\u00e9ticas y, c\u00f3mo no, sus principales obras y los lugares donde \u00e9stas se hallan emplazadas. Una vez finalizado el interesante recorrido, Ainhoa brindar\u00e1 a los ni\u00f1os y ni\u00f1as que se han asomado a este bello \u00e1lbum la oportunidad de sumergirse en la obra de Chillida a trav\u00e9s de trece juegos que recuperan y reciclan como divertimento interactivo la informaci\u00f3n facilitada durante el paseo precedente, ayud\u00e1ndoles as\u00ed a fijar los conocimientos adquiridos. Como colof\u00f3n, el \u00e1lbum incluye, a modo de cat\u00e1logo, las especificaciones t\u00e9cnicas y de ubicaci\u00f3n de las 24 obras que Ainhoa nos ha mostrado.<\/p>\n","protected":false},"featured_media":0,"template":"","meta":{"_acf_changed":false,"inline_featured_image":false},"product_brand":[],"product_cat":[15],"product_tag":[],"tax-colections":[71,121],"tax-langs":[84,86],"tax-encuadernacion":[92],"tax-availability":[97],"class_list":{"0":"post-2639","1":"product","2":"type-product","3":"status-publish","5":"product_cat-sin-categoria","6":"pa_tipo-de-libro-papel","7":"tax-colections-literatura-infantil-y-juvenil","8":"tax-colections-koloretako-albumak","9":"tax-langs-otros","10":"tax-langs-ingles","11":"tax-encuadernacion-tapa-blanda","12":"tax-availability-disponible","14":"first","15":"instock","16":"shipping-taxable","17":"purchasable","18":"product-type-variable"},"acf":{"id_gesedi":119,"book_subtitle":"","book_author":45,"book_translator":"","book_illustrator":"","book_publish_date_book":"2019-01-01","book_publish_date_ebook":null,"book_publish_date_audiobook":null,"book_collection_number":0,"book_pages":50,"book_file":null,"book_img":null,"books_related":null},"_links":{"self":[{"href":"https:\/\/www.alberdania.net\/eu\/wp-json\/wp\/v2\/product\/2639","targetHints":{"allow":["GET"]}}],"collection":[{"href":"https:\/\/www.alberdania.net\/eu\/wp-json\/wp\/v2\/product"}],"about":[{"href":"https:\/\/www.alberdania.net\/eu\/wp-json\/wp\/v2\/types\/product"}],"wp:attachment":[{"href":"https:\/\/www.alberdania.net\/eu\/wp-json\/wp\/v2\/media?parent=2639"}],"wp:term":[{"taxonomy":"product_brand","embeddable":true,"href":"https:\/\/www.alberdania.net\/eu\/wp-json\/wp\/v2\/product_brand?post=2639"},{"taxonomy":"product_cat","embeddable":true,"href":"https:\/\/www.alberdania.net\/eu\/wp-json\/wp\/v2\/product_cat?post=2639"},{"taxonomy":"product_tag","embeddable":true,"href":"https:\/\/www.alberdania.net\/eu\/wp-json\/wp\/v2\/product_tag?post=2639"},{"taxonomy":"tax-colections","embeddable":true,"href":"https:\/\/www.alberdania.net\/eu\/wp-json\/wp\/v2\/tax-colections?post=2639"},{"taxonomy":"tax-langs","embeddable":true,"href":"https:\/\/www.alberdania.net\/eu\/wp-json\/wp\/v2\/tax-langs?post=2639"},{"taxonomy":"tax-encuadernacion","embeddable":true,"href":"https:\/\/www.alberdania.net\/eu\/wp-json\/wp\/v2\/tax-encuadernacion?post=2639"},{"taxonomy":"tax-availability","embeddable":true,"href":"https:\/\/www.alberdania.net\/eu\/wp-json\/wp\/v2\/tax-availability?post=2639"}],"curies":[{"name":"wp","href":"https:\/\/api.w.org\/{rel}","templated":true}]}}