{"id":2641,"date":"2023-10-17T13:03:06","date_gmt":"2023-10-17T13:03:06","guid":{"rendered":"https:\/\/berria.alberdania.net\/product\/fascinable\/"},"modified":"2026-05-15T01:15:31","modified_gmt":"2026-05-14T23:15:31","slug":"fascinable","status":"publish","type":"product","link":"https:\/\/www.alberdania.net\/eu\/product\/fascinable\/","title":{"rendered":"Fascinable"},"content":{"rendered":"","protected":false},"excerpt":{"rendered":"<p>En estos ochos relatos se plasman otros tantos modos de vivir en los que se entrecruzan situaciones y personajes unidos por el hilo inasible de la fascinaci\u00f3n. En algunos casos, la fascinaci\u00f3n es, o ha sido, el \u00fanico asidero de las protagonistas para no hundirse en la cotidianidad; en otros casos, viven condicionadas por fascinaciones pasadas. El incesante latido que en estos cuentos se percibe proviene de un potente coraz\u00f3n narrativo: la sed de los sentidos, unida a la curiosidad, se convierte en el modo de vida que Yurre Ugarte retrata a lo largo de siete relatos y la \u00ableyenda literario-musical que, a modo de colof\u00f3n, cierra el libro.<br \/>\n\tLa mayor\u00eda de las protagonistas son hijas de la cultura pop; las fotograf\u00edas, las canciones, la m\u00fasica, el arte o la est\u00e9tica non son para ellas \u00fanicamente algo que se deguste con mayor o menor placer. Son una manera de vivir. Una forma de estar en el mundo y de entenderlo. El arte, de la mano de una febril b\u00fasqueda est\u00e9tica, ha forjado la sensibilidad de estas mujeres, y gracias a ella seguir\u00e1n adelante, por m\u00e1s adversas que les resulten las circunstancias vitales.<br \/>\n\tLa periodista que debe confesar a su hija qui\u00e9n es su padre, la fot\u00f3grafa que cobra conciencia del influjo que sobre ella ejerce una amiga de la adolescencia, el artista reciclado en gestor cultural, la antigua dise\u00f1adora convertida en sintecho, la doctoranda que se dispone a presentar su tesis sobre el pop: se trata de voces que dejar\u00e1n poso, y de madera duradera, en quien se aventure en su lectura.<\/p>\n","protected":false},"featured_media":4987,"template":"","meta":{"_acf_changed":false,"inline_featured_image":false},"product_brand":[],"product_cat":[15],"product_tag":[],"tax-colections":[59,128],"tax-langs":[83],"tax-encuadernacion":[105],"tax-availability":[97],"class_list":{"0":"post-2641","1":"product","2":"type-product","3":"status-publish","4":"has-post-thumbnail","6":"product_cat-sin-categoria","7":"pa_tipo-de-libro-papel","8":"pa_tipo-de-libro-ebook","9":"tax-colections-literatura-para-adultos","10":"tax-colections-astiro","11":"tax-langs-castellano","12":"tax-encuadernacion-bolsillo-tapa-blanda","13":"tax-availability-disponible","15":"first","16":"instock","17":"shipping-taxable","18":"purchasable","19":"product-type-variable"},"acf":{"id_gesedi":120,"book_subtitle":"","book_author":55,"book_translator":"","book_illustrator":"","book_publish_date_book":"2021-04-12","book_publish_date_ebook":"2021-04-12","book_publish_date_audiobook":null,"book_collection_number":51,"book_pages":0,"book_file":"","book_img":"","books_related":null},"_links":{"self":[{"href":"https:\/\/www.alberdania.net\/eu\/wp-json\/wp\/v2\/product\/2641","targetHints":{"allow":["GET"]}}],"collection":[{"href":"https:\/\/www.alberdania.net\/eu\/wp-json\/wp\/v2\/product"}],"about":[{"href":"https:\/\/www.alberdania.net\/eu\/wp-json\/wp\/v2\/types\/product"}],"wp:featuredmedia":[{"embeddable":true,"href":"https:\/\/www.alberdania.net\/eu\/wp-json\/wp\/v2\/media\/4987"}],"wp:attachment":[{"href":"https:\/\/www.alberdania.net\/eu\/wp-json\/wp\/v2\/media?parent=2641"}],"wp:term":[{"taxonomy":"product_brand","embeddable":true,"href":"https:\/\/www.alberdania.net\/eu\/wp-json\/wp\/v2\/product_brand?post=2641"},{"taxonomy":"product_cat","embeddable":true,"href":"https:\/\/www.alberdania.net\/eu\/wp-json\/wp\/v2\/product_cat?post=2641"},{"taxonomy":"product_tag","embeddable":true,"href":"https:\/\/www.alberdania.net\/eu\/wp-json\/wp\/v2\/product_tag?post=2641"},{"taxonomy":"tax-colections","embeddable":true,"href":"https:\/\/www.alberdania.net\/eu\/wp-json\/wp\/v2\/tax-colections?post=2641"},{"taxonomy":"tax-langs","embeddable":true,"href":"https:\/\/www.alberdania.net\/eu\/wp-json\/wp\/v2\/tax-langs?post=2641"},{"taxonomy":"tax-encuadernacion","embeddable":true,"href":"https:\/\/www.alberdania.net\/eu\/wp-json\/wp\/v2\/tax-encuadernacion?post=2641"},{"taxonomy":"tax-availability","embeddable":true,"href":"https:\/\/www.alberdania.net\/eu\/wp-json\/wp\/v2\/tax-availability?post=2641"}],"curies":[{"name":"wp","href":"https:\/\/api.w.org\/{rel}","templated":true}]}}