{"id":2687,"date":"2023-10-17T13:06:05","date_gmt":"2023-10-17T13:06:05","guid":{"rendered":"https:\/\/berria.alberdania.net\/product\/okuri-confidencial\/"},"modified":"2026-04-14T01:17:34","modified_gmt":"2026-04-13T23:17:34","slug":"okuri-confidencial","status":"publish","type":"product","link":"https:\/\/www.alberdania.net\/eu\/product\/okuri-confidencial\/","title":{"rendered":"Okuri confidencial"},"content":{"rendered":"","protected":false},"excerpt":{"rendered":"<p>En Okuri, una peque\u00f1a ciudad vasca que bien podr\u00eda llevar otro nombre, un pu\u00f1ado de personajes solitarios se ven involucrados en conflictos de muy diversa naturaleza, a los que cada uno tratar\u00e1 de dar una soluci\u00f3n acorde con su \u0096a veces muy peculiar\u0096 forma de concebir el mundo, la vida y las relaciones humanas.<\/p>\n<p>\tEn diez narraciones de muy diverso tono, el autor, con un pulso narrativo firme y variados registros, penetra en las razones y sinrazones de unos antih\u00e9roes que casi siempre ocultan un secreto en los pliegues de unas vidas al tiempo corrientes y extraordinarias.<\/p>\n<p>\tEl lector transitar\u00e1 c\u00f3modamente por los recovecos narrativos de este sugerente universo literario creado por Figueroa, en el que de tanto en tanto asoman elementos del g\u00e9nero negro y destellos de un humor que mezcla con audacia dosis de cinismo y ternura.<\/p>\n","protected":false},"featured_media":4917,"template":"","meta":{"_acf_changed":false,"inline_featured_image":false},"product_brand":[],"product_cat":[15],"product_tag":[],"tax-colections":[59,128],"tax-langs":[83],"tax-encuadernacion":[105],"tax-availability":[97],"class_list":{"0":"post-2687","1":"product","2":"type-product","3":"status-publish","4":"has-post-thumbnail","6":"product_cat-sin-categoria","7":"pa_tipo-de-libro-ebook","8":"pa_tipo-de-libro-papel","9":"tax-colections-literatura-para-adultos","10":"tax-colections-astiro","11":"tax-langs-castellano","12":"tax-encuadernacion-bolsillo-tapa-blanda","13":"tax-availability-disponible","15":"first","16":"instock","17":"shipping-taxable","18":"purchasable","19":"product-type-variable"},"acf":{"id_gesedi":142,"book_subtitle":"","book_author":36,"book_translator":"","book_illustrator":"","book_publish_date_book":"2019-10-24","book_publish_date_ebook":"2019-10-24","book_publish_date_audiobook":null,"book_collection_number":49,"book_pages":0,"book_file":"","book_img":"","books_related":null},"_links":{"self":[{"href":"https:\/\/www.alberdania.net\/eu\/wp-json\/wp\/v2\/product\/2687","targetHints":{"allow":["GET"]}}],"collection":[{"href":"https:\/\/www.alberdania.net\/eu\/wp-json\/wp\/v2\/product"}],"about":[{"href":"https:\/\/www.alberdania.net\/eu\/wp-json\/wp\/v2\/types\/product"}],"wp:featuredmedia":[{"embeddable":true,"href":"https:\/\/www.alberdania.net\/eu\/wp-json\/wp\/v2\/media\/4917"}],"wp:attachment":[{"href":"https:\/\/www.alberdania.net\/eu\/wp-json\/wp\/v2\/media?parent=2687"}],"wp:term":[{"taxonomy":"product_brand","embeddable":true,"href":"https:\/\/www.alberdania.net\/eu\/wp-json\/wp\/v2\/product_brand?post=2687"},{"taxonomy":"product_cat","embeddable":true,"href":"https:\/\/www.alberdania.net\/eu\/wp-json\/wp\/v2\/product_cat?post=2687"},{"taxonomy":"product_tag","embeddable":true,"href":"https:\/\/www.alberdania.net\/eu\/wp-json\/wp\/v2\/product_tag?post=2687"},{"taxonomy":"tax-colections","embeddable":true,"href":"https:\/\/www.alberdania.net\/eu\/wp-json\/wp\/v2\/tax-colections?post=2687"},{"taxonomy":"tax-langs","embeddable":true,"href":"https:\/\/www.alberdania.net\/eu\/wp-json\/wp\/v2\/tax-langs?post=2687"},{"taxonomy":"tax-encuadernacion","embeddable":true,"href":"https:\/\/www.alberdania.net\/eu\/wp-json\/wp\/v2\/tax-encuadernacion?post=2687"},{"taxonomy":"tax-availability","embeddable":true,"href":"https:\/\/www.alberdania.net\/eu\/wp-json\/wp\/v2\/tax-availability?post=2687"}],"curies":[{"name":"wp","href":"https:\/\/api.w.org\/{rel}","templated":true}]}}