{"id":2729,"date":"2023-10-17T13:09:01","date_gmt":"2023-10-17T13:09:01","guid":{"rendered":"https:\/\/berria.alberdania.net\/product\/septentrio-2\/"},"modified":"2026-04-14T01:22:20","modified_gmt":"2026-04-13T23:22:20","slug":"septentrio-2","status":"publish","type":"product","link":"https:\/\/www.alberdania.net\/eu\/product\/septentrio-2\/","title":{"rendered":"Septentrio"},"content":{"rendered":"","protected":false},"excerpt":{"rendered":"<p>Aurelia Arkotxa se reconoce adscrita al movimiento denominado \u0093Geopo\u00e9tica\u0094, y esta pertenencia le lleva, entre otras cosas, a considerar los espacios geogr\u00e1ficos como el lugar de lo literario. A partir de este posicionamiento han de entenderse la ra\u00edz de su escritura y sus ramificaciones en los textos de Septentrio, su deuda con la cartograf\u00eda, los top\u00f3nimos y los itinerarios, adem\u00e1s de su apego a la estela de las embarcaciones que desde Laburdi han navegado por ultramar.<\/p>\n<p>\t\u00abYo, Marco Polo, nacido en Venecia en 1254, hijo de Niccol\u00f2 Polo y sobrino de Maffeo Polo, preso en la ciudad de G\u00e9nova en el a\u00f1o de nuestro se\u00f1or de 1275, os voy a hablar de la belleza y de la inmensidad del mundo, que es mucho m\u00e1s grande de lo que pens\u00e1is y mucho m\u00e1s fant\u00e1stico de lo que pod\u00e1is imaginar\u00bb.<\/p>\n","protected":false},"featured_media":4883,"template":"","meta":{"_acf_changed":false,"inline_featured_image":false},"product_brand":[],"product_cat":[15],"product_tag":[],"tax-colections":[59,126],"tax-langs":[83],"tax-encuadernacion":[105],"tax-availability":[97],"class_list":{"0":"post-2729","1":"product","2":"type-product","3":"status-publish","4":"has-post-thumbnail","6":"product_cat-sin-categoria","7":"pa_tipo-de-libro-papel","8":"tax-colections-literatura-para-adultos","9":"tax-colections-alga","10":"tax-langs-castellano","11":"tax-encuadernacion-bolsillo-tapa-blanda","12":"tax-availability-disponible","14":"first","15":"instock","16":"shipping-taxable","17":"purchasable","18":"product-type-variable"},"acf":{"id_gesedi":168,"book_subtitle":"","book_author":132,"book_translator":"","book_illustrator":"","book_publish_date_book":"2007-08-01","book_publish_date_ebook":null,"book_publish_date_audiobook":null,"book_collection_number":40,"book_pages":160,"book_file":"","book_img":"","books_related":null},"_links":{"self":[{"href":"https:\/\/www.alberdania.net\/eu\/wp-json\/wp\/v2\/product\/2729","targetHints":{"allow":["GET"]}}],"collection":[{"href":"https:\/\/www.alberdania.net\/eu\/wp-json\/wp\/v2\/product"}],"about":[{"href":"https:\/\/www.alberdania.net\/eu\/wp-json\/wp\/v2\/types\/product"}],"wp:featuredmedia":[{"embeddable":true,"href":"https:\/\/www.alberdania.net\/eu\/wp-json\/wp\/v2\/media\/4883"}],"wp:attachment":[{"href":"https:\/\/www.alberdania.net\/eu\/wp-json\/wp\/v2\/media?parent=2729"}],"wp:term":[{"taxonomy":"product_brand","embeddable":true,"href":"https:\/\/www.alberdania.net\/eu\/wp-json\/wp\/v2\/product_brand?post=2729"},{"taxonomy":"product_cat","embeddable":true,"href":"https:\/\/www.alberdania.net\/eu\/wp-json\/wp\/v2\/product_cat?post=2729"},{"taxonomy":"product_tag","embeddable":true,"href":"https:\/\/www.alberdania.net\/eu\/wp-json\/wp\/v2\/product_tag?post=2729"},{"taxonomy":"tax-colections","embeddable":true,"href":"https:\/\/www.alberdania.net\/eu\/wp-json\/wp\/v2\/tax-colections?post=2729"},{"taxonomy":"tax-langs","embeddable":true,"href":"https:\/\/www.alberdania.net\/eu\/wp-json\/wp\/v2\/tax-langs?post=2729"},{"taxonomy":"tax-encuadernacion","embeddable":true,"href":"https:\/\/www.alberdania.net\/eu\/wp-json\/wp\/v2\/tax-encuadernacion?post=2729"},{"taxonomy":"tax-availability","embeddable":true,"href":"https:\/\/www.alberdania.net\/eu\/wp-json\/wp\/v2\/tax-availability?post=2729"}],"curies":[{"name":"wp","href":"https:\/\/api.w.org\/{rel}","templated":true}]}}