{"id":2733,"date":"2023-10-17T13:09:11","date_gmt":"2023-10-17T13:09:11","guid":{"rendered":"https:\/\/berria.alberdania.net\/product\/ay-madre\/"},"modified":"2026-04-14T01:22:33","modified_gmt":"2026-04-13T23:22:33","slug":"ay-madre","status":"publish","type":"product","link":"https:\/\/www.alberdania.net\/eu\/product\/ay-madre\/","title":{"rendered":"\u00a1Ay, madre!"},"content":{"rendered":"","protected":false},"excerpt":{"rendered":"<p>Ese \u0093demasiado tarde\u0094 pesa mucho en la vida de cualquier mujer. Nosotras sabemos que, si no es ahora, podr\u00eda ser ma\u00f1ana, y, con un poco de suerte, incluso tambi\u00e9n pasado ma\u00f1ana, pero que llegar\u00e1 el d\u00eda siguiente, y que el d\u00eda siguiente ser\u00e1 imposible.<\/p>\n<p>\tCada vez disponemos de menos tiempo para pensar, pero la cabeza formula preguntas sin cesar. Y llega el momento \u0096a m\u00ed al menos me lleg\u00f3\u0096 en que la respuesta \u0093nunca\u0094 se convierte en pregunta: \u0093\u00bfnunca?\u0094, primero; y \u0093\u00bfpor qu\u00e9 no?\u0094, despu\u00e9s. Intent\u00e9 encontrar respuestas.<\/p>\n<p>\tS\u00f3lo hall\u00e9 una.<br \/>\n\tNueve meses despu\u00e9s.<\/p>\n","protected":false},"featured_media":4879,"template":"","meta":{"_acf_changed":false,"inline_featured_image":false},"product_brand":[],"product_cat":[15],"product_tag":[],"tax-colections":[59,126],"tax-langs":[83],"tax-encuadernacion":[105],"tax-availability":[97],"class_list":{"0":"post-2733","1":"product","2":"type-product","3":"status-publish","4":"has-post-thumbnail","6":"product_cat-sin-categoria","7":"pa_tipo-de-libro-papel","8":"tax-colections-literatura-para-adultos","9":"tax-colections-alga","10":"tax-langs-castellano","11":"tax-encuadernacion-bolsillo-tapa-blanda","12":"tax-availability-disponible","14":"first","15":"instock","16":"shipping-taxable","17":"purchasable","18":"product-type-variable"},"acf":{"id_gesedi":170,"book_subtitle":"","book_author":77,"book_translator":311,"book_illustrator":"","book_publish_date_book":"2006-09-08","book_publish_date_ebook":null,"book_publish_date_audiobook":null,"book_collection_number":32,"book_pages":152,"book_file":"","book_img":"","books_related":null},"_links":{"self":[{"href":"https:\/\/www.alberdania.net\/eu\/wp-json\/wp\/v2\/product\/2733","targetHints":{"allow":["GET"]}}],"collection":[{"href":"https:\/\/www.alberdania.net\/eu\/wp-json\/wp\/v2\/product"}],"about":[{"href":"https:\/\/www.alberdania.net\/eu\/wp-json\/wp\/v2\/types\/product"}],"wp:featuredmedia":[{"embeddable":true,"href":"https:\/\/www.alberdania.net\/eu\/wp-json\/wp\/v2\/media\/4879"}],"wp:attachment":[{"href":"https:\/\/www.alberdania.net\/eu\/wp-json\/wp\/v2\/media?parent=2733"}],"wp:term":[{"taxonomy":"product_brand","embeddable":true,"href":"https:\/\/www.alberdania.net\/eu\/wp-json\/wp\/v2\/product_brand?post=2733"},{"taxonomy":"product_cat","embeddable":true,"href":"https:\/\/www.alberdania.net\/eu\/wp-json\/wp\/v2\/product_cat?post=2733"},{"taxonomy":"product_tag","embeddable":true,"href":"https:\/\/www.alberdania.net\/eu\/wp-json\/wp\/v2\/product_tag?post=2733"},{"taxonomy":"tax-colections","embeddable":true,"href":"https:\/\/www.alberdania.net\/eu\/wp-json\/wp\/v2\/tax-colections?post=2733"},{"taxonomy":"tax-langs","embeddable":true,"href":"https:\/\/www.alberdania.net\/eu\/wp-json\/wp\/v2\/tax-langs?post=2733"},{"taxonomy":"tax-encuadernacion","embeddable":true,"href":"https:\/\/www.alberdania.net\/eu\/wp-json\/wp\/v2\/tax-encuadernacion?post=2733"},{"taxonomy":"tax-availability","embeddable":true,"href":"https:\/\/www.alberdania.net\/eu\/wp-json\/wp\/v2\/tax-availability?post=2733"}],"curies":[{"name":"wp","href":"https:\/\/api.w.org\/{rel}","templated":true}]}}