{"id":2738,"date":"2023-10-17T13:09:21","date_gmt":"2023-10-17T13:09:21","guid":{"rendered":"https:\/\/berria.alberdania.net\/product\/el-juego-de-las-sillas\/"},"modified":"2026-05-12T01:25:38","modified_gmt":"2026-05-11T23:25:38","slug":"el-juego-de-las-sillas","status":"publish","type":"product","link":"https:\/\/www.alberdania.net\/eu\/product\/el-juego-de-las-sillas\/","title":{"rendered":"El juego de las sillas"},"content":{"rendered":"","protected":false},"excerpt":{"rendered":"<p>\u0093Nadie querr\u00eda morir orin\u00e1ndose encima. Es mucho peor que morir desnudo, sin un atisbo de dignidad. Cuando me preguntan c\u00f3mo me gustar\u00eda morir, yo respondo con el vestido de flores moradas. Es el m\u00e1s bonito que tengo\u0094.<br \/>\n\tEl juego de las sillas, adem\u00e1s de un pasatiempo infantil, es una met\u00e1fora de la vida: cada vez, alguno de nosotros se quedar\u00e1 sin sitio, y deber\u00e1 abandonar el juego.<br \/>\n\tEl amor, la guerra, la libertad, la rebeld\u00eda\u0085 poderosos y eternos dardos que atraviesan las vidas de los moradores de un peque\u00f1o pueblo. Tres voces femeninas tejen la red de esta novela: conoceremos a Teresa, Martina y Eulalia en su infancia, correteando por los adoquines, y en su juventud, con sus ilusiones y rupturas, y tambi\u00e9n hoy, asomando, ya ancianas,  a trav\u00e9s de las grietas de la memoria, tomando caf\u00e9, cada cual en su silla\u0085<br \/>\n\tUna novela de estilizada belleza construida sobre los sentimientos, pero tambi\u00e9n sobre la dignidad y sobre el papel reparador de la memoria.<\/p>\n","protected":false},"featured_media":4875,"template":"","meta":{"_acf_changed":false,"inline_featured_image":false},"product_brand":[],"product_cat":[15],"product_tag":[],"tax-colections":[59,128],"tax-langs":[83],"tax-encuadernacion":[105],"tax-availability":[97],"class_list":{"0":"post-2738","1":"product","2":"type-product","3":"status-publish","4":"has-post-thumbnail","6":"product_cat-sin-categoria","7":"pa_tipo-de-libro-papel","8":"tax-colections-literatura-para-adultos","9":"tax-colections-astiro","10":"tax-langs-castellano","11":"tax-encuadernacion-bolsillo-tapa-blanda","12":"tax-availability-disponible","14":"first","15":"instock","16":"shipping-taxable","17":"purchasable","18":"product-type-variable"},"acf":{"id_gesedi":172,"book_subtitle":"","book_author":177,"book_translator":180,"book_illustrator":"","book_publish_date_book":"2012-10-08","book_publish_date_ebook":null,"book_publish_date_audiobook":null,"book_collection_number":47,"book_pages":112,"book_file":"","book_img":"","books_related":null},"_links":{"self":[{"href":"https:\/\/www.alberdania.net\/eu\/wp-json\/wp\/v2\/product\/2738","targetHints":{"allow":["GET"]}}],"collection":[{"href":"https:\/\/www.alberdania.net\/eu\/wp-json\/wp\/v2\/product"}],"about":[{"href":"https:\/\/www.alberdania.net\/eu\/wp-json\/wp\/v2\/types\/product"}],"wp:featuredmedia":[{"embeddable":true,"href":"https:\/\/www.alberdania.net\/eu\/wp-json\/wp\/v2\/media\/4875"}],"wp:attachment":[{"href":"https:\/\/www.alberdania.net\/eu\/wp-json\/wp\/v2\/media?parent=2738"}],"wp:term":[{"taxonomy":"product_brand","embeddable":true,"href":"https:\/\/www.alberdania.net\/eu\/wp-json\/wp\/v2\/product_brand?post=2738"},{"taxonomy":"product_cat","embeddable":true,"href":"https:\/\/www.alberdania.net\/eu\/wp-json\/wp\/v2\/product_cat?post=2738"},{"taxonomy":"product_tag","embeddable":true,"href":"https:\/\/www.alberdania.net\/eu\/wp-json\/wp\/v2\/product_tag?post=2738"},{"taxonomy":"tax-colections","embeddable":true,"href":"https:\/\/www.alberdania.net\/eu\/wp-json\/wp\/v2\/tax-colections?post=2738"},{"taxonomy":"tax-langs","embeddable":true,"href":"https:\/\/www.alberdania.net\/eu\/wp-json\/wp\/v2\/tax-langs?post=2738"},{"taxonomy":"tax-encuadernacion","embeddable":true,"href":"https:\/\/www.alberdania.net\/eu\/wp-json\/wp\/v2\/tax-encuadernacion?post=2738"},{"taxonomy":"tax-availability","embeddable":true,"href":"https:\/\/www.alberdania.net\/eu\/wp-json\/wp\/v2\/tax-availability?post=2738"}],"curies":[{"name":"wp","href":"https:\/\/api.w.org\/{rel}","templated":true}]}}