{"id":2742,"date":"2023-10-17T13:09:36","date_gmt":"2023-10-17T13:09:36","guid":{"rendered":"https:\/\/berria.alberdania.net\/product\/el-oro-de-los-carlistas\/"},"modified":"2026-04-21T01:25:46","modified_gmt":"2026-04-20T23:25:46","slug":"el-oro-de-los-carlistas","status":"publish","type":"product","link":"https:\/\/www.alberdania.net\/eu\/product\/el-oro-de-los-carlistas\/","title":{"rendered":"El oro de los carlistas"},"content":{"rendered":"","protected":false},"excerpt":{"rendered":"<p>El oro de los carlistas (2001) es una trepidante novela de acci\u00f3n y aventuras \u0096un pil-pil western\u0096 que se desarrolla en dos periodos hist\u00f3ricos, los de la Primera y Segunda guerras carlistas, durante los sitios de Bilbao de 1835 y 1874. El protagonista, Nicol\u00e1s Gorostiza, un hombre del siglo XIX librepensador, ilustrado y progresista, cuenta durante el \u00faltimo sitio a la villa su aventura de adolescencia: una peligrosa expedici\u00f3n en compa\u00f1\u00eda de una patrulla liberal tras un m\u00edtico tesoro carlista. En el accidentado itinerario cobran importancia escenarios y personajes hist\u00f3ricos reales: las plazas fuertes rurales de los carlistas, unos misteriosos sarc\u00f3fagos de piedra del siglo IX, el Santuario de Loyola \u0096la cuna de san Ignacio\u0096 o el general Zumalac\u00e1rregui entre otros atractivos elementos; hasta llegar al inesperado desenlace.<\/p>\n","protected":false},"featured_media":4871,"template":"","meta":{"_acf_changed":false,"inline_featured_image":false},"product_brand":[],"product_cat":[15],"product_tag":[],"tax-colections":[59,190],"tax-langs":[83],"tax-encuadernacion":[],"tax-availability":[],"class_list":{"0":"post-2742","1":"product","2":"type-product","3":"status-publish","4":"has-post-thumbnail","6":"product_cat-sin-categoria","7":"pa_tipo-de-libro-ebook","8":"tax-colections-literatura-para-adultos","9":"tax-colections-bildumaz-kanpokoak","10":"tax-langs-castellano","12":"first","13":"instock","14":"shipping-taxable","15":"product-type-variable"},"acf":{"id_gesedi":175,"book_subtitle":"","book_author":29,"book_translator":"","book_illustrator":"","book_publish_date_book":null,"book_publish_date_ebook":"2011-04-11","book_publish_date_audiobook":null,"book_collection_number":0,"book_pages":0,"book_file":"","book_img":"","books_related":null},"_links":{"self":[{"href":"https:\/\/www.alberdania.net\/eu\/wp-json\/wp\/v2\/product\/2742","targetHints":{"allow":["GET"]}}],"collection":[{"href":"https:\/\/www.alberdania.net\/eu\/wp-json\/wp\/v2\/product"}],"about":[{"href":"https:\/\/www.alberdania.net\/eu\/wp-json\/wp\/v2\/types\/product"}],"wp:featuredmedia":[{"embeddable":true,"href":"https:\/\/www.alberdania.net\/eu\/wp-json\/wp\/v2\/media\/4871"}],"wp:attachment":[{"href":"https:\/\/www.alberdania.net\/eu\/wp-json\/wp\/v2\/media?parent=2742"}],"wp:term":[{"taxonomy":"product_brand","embeddable":true,"href":"https:\/\/www.alberdania.net\/eu\/wp-json\/wp\/v2\/product_brand?post=2742"},{"taxonomy":"product_cat","embeddable":true,"href":"https:\/\/www.alberdania.net\/eu\/wp-json\/wp\/v2\/product_cat?post=2742"},{"taxonomy":"product_tag","embeddable":true,"href":"https:\/\/www.alberdania.net\/eu\/wp-json\/wp\/v2\/product_tag?post=2742"},{"taxonomy":"tax-colections","embeddable":true,"href":"https:\/\/www.alberdania.net\/eu\/wp-json\/wp\/v2\/tax-colections?post=2742"},{"taxonomy":"tax-langs","embeddable":true,"href":"https:\/\/www.alberdania.net\/eu\/wp-json\/wp\/v2\/tax-langs?post=2742"},{"taxonomy":"tax-encuadernacion","embeddable":true,"href":"https:\/\/www.alberdania.net\/eu\/wp-json\/wp\/v2\/tax-encuadernacion?post=2742"},{"taxonomy":"tax-availability","embeddable":true,"href":"https:\/\/www.alberdania.net\/eu\/wp-json\/wp\/v2\/tax-availability?post=2742"}],"curies":[{"name":"wp","href":"https:\/\/api.w.org\/{rel}","templated":true}]}}