{"id":2746,"date":"2023-10-17T13:09:49","date_gmt":"2023-10-17T13:09:49","guid":{"rendered":"https:\/\/berria.alberdania.net\/product\/tratado-sobre-la-resaca\/"},"modified":"2026-04-14T01:26:00","modified_gmt":"2026-04-13T23:26:00","slug":"tratado-sobre-la-resaca","status":"publish","type":"product","link":"https:\/\/www.alberdania.net\/eu\/product\/tratado-sobre-la-resaca\/","title":{"rendered":"Tratado sobre la resaca"},"content":{"rendered":"","protected":false},"excerpt":{"rendered":"<p>\u00bfC\u00f3mo exteriorizaba las resacas Roy Bean, el juez de la horca? \u00bfLos dry martinis de Churchill y el vodka de Stalin influyeron en la conferencia de Yalta? \u00bfPor qu\u00e9 nunca se ve al capit\u00e1n Haddock con resaca? \u00bfQu\u00e9 consecuencias tuvo para el general Gordon que en el Jartum sitiado no quedara una gota de alcohol? \u00bfSe puede ganar una partida de p\u00f3quer con resaca? \u00bfQu\u00e9 desayunaba con una resaca pantagru\u00e9lica el general Zumalac\u00e1rregui? \u00bfC\u00f3mo eran las resacas de Jack Lemmon en D\u00edas de vino y rosas? \u00bfC\u00f3mo afecta una resaca rijosa a un miembro numerario del Opus Dei? \u00bfTiene resaca El pensador de Rodin? \u00bfBebi\u00f3 Napole\u00f3n la v\u00edspera de la batalla de Waterloo? \u00bfPor qu\u00e9 no hay que volar con resaca? \u00bfQu\u00e9 tiene que ver La metamorfosis de Kafka con la resaca?<br \/>\n\t\u00bfQu\u00e9 remedio descubren Ast\u00e9rix y Ob\u00e9lix contra la resaca? \u00bfQu\u00e9 quieren decir los cubanos cuando \u0093amanecen en llama\u0094 y los peruanos cuando \u0093est\u00e1n con los mu\u00f1ecos\u0094? \u00bfC\u00f3mo castigaba la Inquisici\u00f3n a los borrachos? \u00bfQu\u00e9 relaci\u00f3n hubo entre el champ\u00e1n y la decisi\u00f3n de Hitler de invadir Rusia? \u00bfCu\u00e1l es la primera huella en la Antig\u00fcedad de la resaca? \u00bfPor qu\u00e9 no se debe tomar una aspirina con Coca-Cola?<br \/>\n\tTratado sobre la resaca es un libro inclasificable y at\u00edpico. Una mezcla de ficci\u00f3n y ensayo presidida por un humor provocador, irreverente y negro que se articula a trav\u00e9s de multitud de ejemplos, an\u00e9cdotas e historias.<\/p>\n","protected":false},"featured_media":4867,"template":"","meta":{"_acf_changed":false,"inline_featured_image":false},"product_brand":[],"product_cat":[15],"product_tag":[],"tax-colections":[59,128],"tax-langs":[83],"tax-encuadernacion":[109],"tax-availability":[97],"class_list":{"0":"post-2746","1":"product","2":"type-product","3":"status-publish","4":"has-post-thumbnail","6":"product_cat-sin-categoria","7":"pa_tipo-de-libro-ebook","8":"tax-colections-literatura-para-adultos","9":"tax-colections-astiro","10":"tax-langs-castellano","11":"tax-encuadernacion-otros","12":"tax-availability-disponible","14":"first","15":"instock","16":"shipping-taxable","17":"product-type-variable"},"acf":{"id_gesedi":177,"book_subtitle":"","book_author":29,"book_translator":"","book_illustrator":"","book_publish_date_book":"2011-04-12","book_publish_date_ebook":"2011-04-12","book_publish_date_audiobook":null,"book_collection_number":0,"book_pages":0,"book_file":"","book_img":"","books_related":null},"_links":{"self":[{"href":"https:\/\/www.alberdania.net\/eu\/wp-json\/wp\/v2\/product\/2746","targetHints":{"allow":["GET"]}}],"collection":[{"href":"https:\/\/www.alberdania.net\/eu\/wp-json\/wp\/v2\/product"}],"about":[{"href":"https:\/\/www.alberdania.net\/eu\/wp-json\/wp\/v2\/types\/product"}],"wp:featuredmedia":[{"embeddable":true,"href":"https:\/\/www.alberdania.net\/eu\/wp-json\/wp\/v2\/media\/4867"}],"wp:attachment":[{"href":"https:\/\/www.alberdania.net\/eu\/wp-json\/wp\/v2\/media?parent=2746"}],"wp:term":[{"taxonomy":"product_brand","embeddable":true,"href":"https:\/\/www.alberdania.net\/eu\/wp-json\/wp\/v2\/product_brand?post=2746"},{"taxonomy":"product_cat","embeddable":true,"href":"https:\/\/www.alberdania.net\/eu\/wp-json\/wp\/v2\/product_cat?post=2746"},{"taxonomy":"product_tag","embeddable":true,"href":"https:\/\/www.alberdania.net\/eu\/wp-json\/wp\/v2\/product_tag?post=2746"},{"taxonomy":"tax-colections","embeddable":true,"href":"https:\/\/www.alberdania.net\/eu\/wp-json\/wp\/v2\/tax-colections?post=2746"},{"taxonomy":"tax-langs","embeddable":true,"href":"https:\/\/www.alberdania.net\/eu\/wp-json\/wp\/v2\/tax-langs?post=2746"},{"taxonomy":"tax-encuadernacion","embeddable":true,"href":"https:\/\/www.alberdania.net\/eu\/wp-json\/wp\/v2\/tax-encuadernacion?post=2746"},{"taxonomy":"tax-availability","embeddable":true,"href":"https:\/\/www.alberdania.net\/eu\/wp-json\/wp\/v2\/tax-availability?post=2746"}],"curies":[{"name":"wp","href":"https:\/\/api.w.org\/{rel}","templated":true}]}}