{"id":2750,"date":"2023-10-17T13:09:59","date_gmt":"2023-10-17T13:09:59","guid":{"rendered":"https:\/\/berria.alberdania.net\/product\/voracidad\/"},"modified":"2026-04-14T01:26:13","modified_gmt":"2026-04-13T23:26:13","slug":"voracidad","status":"publish","type":"product","link":"https:\/\/www.alberdania.net\/eu\/product\/voracidad\/","title":{"rendered":"Voracidad"},"content":{"rendered":"","protected":false},"excerpt":{"rendered":"<p>Voracidad es una novela provocadora y mordaz presidida por un hilarante y \u00e1cido humor negro. Juan Bas realiza un despiadado retrato esperp\u00e9ntico y sat\u00edrico del nacionalismo, de la Espa\u00f1a gobernada por la derecha, del sexo, de la televisi\u00f3n, del arribismo y la falta de escr\u00fapulos, del oficio de buscavidas, de la estupidez y la locura, de la venganza e incluso del amor por Internet.<br \/>\n\tPor la novela desfilan todo tipo de personajes voraces: una asociaci\u00f3n de comedores compulsivos, el rid\u00edculo jefe de una secta religiosa, dos viejas gemelas locas que ocultan un terrible secreto, pol\u00edticos reconocibles, un vamp\u00edrico productor de televisi\u00f3n, su insoportable esposa y una larga serie de inquietantes y grotescos comparsas.<br \/>\n\tContada en primera persona por Pacho Murga, un se\u00f1orito bilba\u00edno pijo y amoral, venido a menos (que ya protagoniz\u00f3 Alacranes en su tinta, exitosa novela con la que Voracidad comparte tono y sentido del humor), que relata sus andanzas por una corte de los milagros actual en compa\u00f1\u00eda de un personaje fascinante, Ricardo Ares, cuyo lema es: \u0093Mi patria es mi est\u00f3mago\u0094.<br \/>\n\tUna novela que hay que leer con cuidado porque muerde.<\/p>\n","protected":false},"featured_media":4863,"template":"","meta":{"_acf_changed":false,"inline_featured_image":false},"product_brand":[],"product_cat":[15],"product_tag":[],"tax-colections":[59,128],"tax-langs":[83],"tax-encuadernacion":[109],"tax-availability":[97],"class_list":{"0":"post-2750","1":"product","2":"type-product","3":"status-publish","4":"has-post-thumbnail","6":"product_cat-sin-categoria","7":"pa_tipo-de-libro-ebook","8":"tax-colections-literatura-para-adultos","9":"tax-colections-astiro","10":"tax-langs-castellano","11":"tax-encuadernacion-otros","12":"tax-availability-disponible","14":"first","15":"instock","16":"shipping-taxable","17":"product-type-variable"},"acf":{"id_gesedi":179,"book_subtitle":"","book_author":29,"book_translator":"","book_illustrator":"","book_publish_date_book":"2011-04-12","book_publish_date_ebook":"2011-04-12","book_publish_date_audiobook":null,"book_collection_number":0,"book_pages":0,"book_file":"","book_img":"","books_related":null},"_links":{"self":[{"href":"https:\/\/www.alberdania.net\/eu\/wp-json\/wp\/v2\/product\/2750","targetHints":{"allow":["GET"]}}],"collection":[{"href":"https:\/\/www.alberdania.net\/eu\/wp-json\/wp\/v2\/product"}],"about":[{"href":"https:\/\/www.alberdania.net\/eu\/wp-json\/wp\/v2\/types\/product"}],"wp:featuredmedia":[{"embeddable":true,"href":"https:\/\/www.alberdania.net\/eu\/wp-json\/wp\/v2\/media\/4863"}],"wp:attachment":[{"href":"https:\/\/www.alberdania.net\/eu\/wp-json\/wp\/v2\/media?parent=2750"}],"wp:term":[{"taxonomy":"product_brand","embeddable":true,"href":"https:\/\/www.alberdania.net\/eu\/wp-json\/wp\/v2\/product_brand?post=2750"},{"taxonomy":"product_cat","embeddable":true,"href":"https:\/\/www.alberdania.net\/eu\/wp-json\/wp\/v2\/product_cat?post=2750"},{"taxonomy":"product_tag","embeddable":true,"href":"https:\/\/www.alberdania.net\/eu\/wp-json\/wp\/v2\/product_tag?post=2750"},{"taxonomy":"tax-colections","embeddable":true,"href":"https:\/\/www.alberdania.net\/eu\/wp-json\/wp\/v2\/tax-colections?post=2750"},{"taxonomy":"tax-langs","embeddable":true,"href":"https:\/\/www.alberdania.net\/eu\/wp-json\/wp\/v2\/tax-langs?post=2750"},{"taxonomy":"tax-encuadernacion","embeddable":true,"href":"https:\/\/www.alberdania.net\/eu\/wp-json\/wp\/v2\/tax-encuadernacion?post=2750"},{"taxonomy":"tax-availability","embeddable":true,"href":"https:\/\/www.alberdania.net\/eu\/wp-json\/wp\/v2\/tax-availability?post=2750"}],"curies":[{"name":"wp","href":"https:\/\/api.w.org\/{rel}","templated":true}]}}