{"id":2752,"date":"2023-10-17T13:10:05","date_gmt":"2023-10-17T13:10:05","guid":{"rendered":"https:\/\/berria.alberdania.net\/product\/alacranes-en-su-tinta\/"},"modified":"2026-04-14T01:26:19","modified_gmt":"2026-04-13T23:26:19","slug":"alacranes-en-su-tinta","status":"publish","type":"product","link":"https:\/\/www.alberdania.net\/eu\/product\/alacranes-en-su-tinta\/","title":{"rendered":"Alacranes en su tinta"},"content":{"rendered":"","protected":false},"excerpt":{"rendered":"<p>A trav\u00e9s del hilo conductor que establece Pacho Murga, un harag\u00e1n bilbaino \u0093m\u00e1s pijo y tonto que mandado hacer de encargo\u0094, asistimos a la inusual puesta en marcha de El Mapamundi de Bilbao, \u0093el Rolls-Royce de los bares de pinchos de creaci\u00f3n\u0094; pero sobre todo conoceremos a su peculiar cocinero y due\u00f1o, Ant\u00f3n Astigarraga, un hombre con un terrible pasado. En 1962, cuando era catador de Franco, un grupo de militantes nacionalistas vascos y miembros de una incipiente ETA lo utilizan para intentar acabar con el dictador. Muchos a\u00f1os despu\u00e9s, un lujurioso jesuita que llega a ser obispo, una cantante de \u00f3pera s\u00e1dica y lud\u00f3pata, el entrenador del Athletic de Bilbao, el jefe de ETA militar y un importante pol\u00edtico nacionalista ser\u00e1n personajes clave en la atormentada existencia de Astigarraga.<br \/>\n\tAlacranes en su tinta es un artefacto humor\u00edstico-gastron\u00f3mico-er\u00f3tico-criminal que trasciende del esperp\u00e9ntico relato de una inexorable venganza, que se convierte en una maldici\u00f3n para el propio vengador, para convertirse en una historia de amistad entre dos hombres aparentemente opuestos.<br \/>\n\tEs, sin duda, la novela m\u00e1s famosa y de mayor \u00e9xito del autor.<\/p>\n","protected":false},"featured_media":4861,"template":"","meta":{"_acf_changed":false,"inline_featured_image":false},"product_brand":[],"product_cat":[15],"product_tag":[],"tax-colections":[59,190],"tax-langs":[83],"tax-encuadernacion":[],"tax-availability":[],"class_list":{"0":"post-2752","1":"product","2":"type-product","3":"status-publish","4":"has-post-thumbnail","6":"product_cat-sin-categoria","7":"pa_tipo-de-libro-ebook","8":"tax-colections-literatura-para-adultos","9":"tax-colections-bildumaz-kanpokoak","10":"tax-langs-castellano","12":"first","13":"instock","14":"shipping-taxable","15":"product-type-variable"},"acf":{"id_gesedi":180,"book_subtitle":"","book_author":29,"book_translator":"","book_illustrator":"","book_publish_date_book":null,"book_publish_date_ebook":"2011-04-12","book_publish_date_audiobook":null,"book_collection_number":0,"book_pages":0,"book_file":"","book_img":"","books_related":null},"_links":{"self":[{"href":"https:\/\/www.alberdania.net\/eu\/wp-json\/wp\/v2\/product\/2752","targetHints":{"allow":["GET"]}}],"collection":[{"href":"https:\/\/www.alberdania.net\/eu\/wp-json\/wp\/v2\/product"}],"about":[{"href":"https:\/\/www.alberdania.net\/eu\/wp-json\/wp\/v2\/types\/product"}],"wp:featuredmedia":[{"embeddable":true,"href":"https:\/\/www.alberdania.net\/eu\/wp-json\/wp\/v2\/media\/4861"}],"wp:attachment":[{"href":"https:\/\/www.alberdania.net\/eu\/wp-json\/wp\/v2\/media?parent=2752"}],"wp:term":[{"taxonomy":"product_brand","embeddable":true,"href":"https:\/\/www.alberdania.net\/eu\/wp-json\/wp\/v2\/product_brand?post=2752"},{"taxonomy":"product_cat","embeddable":true,"href":"https:\/\/www.alberdania.net\/eu\/wp-json\/wp\/v2\/product_cat?post=2752"},{"taxonomy":"product_tag","embeddable":true,"href":"https:\/\/www.alberdania.net\/eu\/wp-json\/wp\/v2\/product_tag?post=2752"},{"taxonomy":"tax-colections","embeddable":true,"href":"https:\/\/www.alberdania.net\/eu\/wp-json\/wp\/v2\/tax-colections?post=2752"},{"taxonomy":"tax-langs","embeddable":true,"href":"https:\/\/www.alberdania.net\/eu\/wp-json\/wp\/v2\/tax-langs?post=2752"},{"taxonomy":"tax-encuadernacion","embeddable":true,"href":"https:\/\/www.alberdania.net\/eu\/wp-json\/wp\/v2\/tax-encuadernacion?post=2752"},{"taxonomy":"tax-availability","embeddable":true,"href":"https:\/\/www.alberdania.net\/eu\/wp-json\/wp\/v2\/tax-availability?post=2752"}],"curies":[{"name":"wp","href":"https:\/\/api.w.org\/{rel}","templated":true}]}}