{"id":2754,"date":"2023-10-17T13:10:12","date_gmt":"2023-10-17T13:10:12","guid":{"rendered":"https:\/\/berria.alberdania.net\/product\/la-cuenta-atras\/"},"modified":"2026-05-15T01:26:35","modified_gmt":"2026-05-14T23:26:35","slug":"la-cuenta-atras","status":"publish","type":"product","link":"https:\/\/www.alberdania.net\/eu\/product\/la-cuenta-atras\/","title":{"rendered":"La cuenta atr\u00e1s"},"content":{"rendered":"","protected":false},"excerpt":{"rendered":"<p>\u0093Todos nacemos con un indeleble n\u00famero secreto en la frente que marca nuestra fecha de caducidad. Un n\u00famero s\u00f3lo conocido por el azar o la gen\u00e9tica y que en el instante del nacimiento comienza su inexorable cuenta atr\u00e1s\u0094.<br \/>\n\tLa cuenta atr\u00e1s es la historia de un hombre al que la ambici\u00f3n, el sexo, el desarraigo, la estupidez, la orfandad, el despilfarro, la obsesi\u00f3n, la derrota, la rapi\u00f1a, la brutalidad, la decadencia, la ingratitud y la desesperaci\u00f3n le llevaron a la ilusoria decisi\u00f3n de parar voluntariamente su cuenta atr\u00e1s.<br \/>\n\tJuan Bas narra con ritmo y vigor la vertiginosa vida de Jos\u00e9 Luis Arriola, alias Segalari (inspirado muy libremente en Urtain), un aldeano vasco fuerte como un roble, inconsciente como la crueldad de un ni\u00f1o y simple como el sabor del agua; insuperable levantador de piedras y cortador de hierba con guada\u00f1a, que lleg\u00f3 a ser campe\u00f3n de Europa de los pesos pesados y fue despu\u00e9s pelele, buf\u00f3n y despojo de s\u00ed mismo hasta perder la dignidad y la vida.<br \/>\n\tUna novela contundente y furiosa; llena de fuerza, sexo, humor, tragedia y sentimientos.<\/p>\n","protected":false},"featured_media":4859,"template":"","meta":{"_acf_changed":false,"inline_featured_image":false},"product_brand":[],"product_cat":[15],"product_tag":[],"tax-colections":[59,128],"tax-langs":[83],"tax-encuadernacion":[],"tax-availability":[],"class_list":{"0":"post-2754","1":"product","2":"type-product","3":"status-publish","4":"has-post-thumbnail","6":"product_cat-sin-categoria","7":"pa_tipo-de-libro-ebook","8":"tax-colections-literatura-para-adultos","9":"tax-colections-astiro","10":"tax-langs-castellano","12":"first","13":"instock","14":"shipping-taxable","15":"product-type-variable"},"acf":{"id_gesedi":181,"book_subtitle":"","book_author":29,"book_translator":"","book_illustrator":"","book_publish_date_book":null,"book_publish_date_ebook":"2011-04-12","book_publish_date_audiobook":null,"book_collection_number":0,"book_pages":0,"book_file":"","book_img":"","books_related":null},"_links":{"self":[{"href":"https:\/\/www.alberdania.net\/eu\/wp-json\/wp\/v2\/product\/2754","targetHints":{"allow":["GET"]}}],"collection":[{"href":"https:\/\/www.alberdania.net\/eu\/wp-json\/wp\/v2\/product"}],"about":[{"href":"https:\/\/www.alberdania.net\/eu\/wp-json\/wp\/v2\/types\/product"}],"wp:featuredmedia":[{"embeddable":true,"href":"https:\/\/www.alberdania.net\/eu\/wp-json\/wp\/v2\/media\/4859"}],"wp:attachment":[{"href":"https:\/\/www.alberdania.net\/eu\/wp-json\/wp\/v2\/media?parent=2754"}],"wp:term":[{"taxonomy":"product_brand","embeddable":true,"href":"https:\/\/www.alberdania.net\/eu\/wp-json\/wp\/v2\/product_brand?post=2754"},{"taxonomy":"product_cat","embeddable":true,"href":"https:\/\/www.alberdania.net\/eu\/wp-json\/wp\/v2\/product_cat?post=2754"},{"taxonomy":"product_tag","embeddable":true,"href":"https:\/\/www.alberdania.net\/eu\/wp-json\/wp\/v2\/product_tag?post=2754"},{"taxonomy":"tax-colections","embeddable":true,"href":"https:\/\/www.alberdania.net\/eu\/wp-json\/wp\/v2\/tax-colections?post=2754"},{"taxonomy":"tax-langs","embeddable":true,"href":"https:\/\/www.alberdania.net\/eu\/wp-json\/wp\/v2\/tax-langs?post=2754"},{"taxonomy":"tax-encuadernacion","embeddable":true,"href":"https:\/\/www.alberdania.net\/eu\/wp-json\/wp\/v2\/tax-encuadernacion?post=2754"},{"taxonomy":"tax-availability","embeddable":true,"href":"https:\/\/www.alberdania.net\/eu\/wp-json\/wp\/v2\/tax-availability?post=2754"}],"curies":[{"name":"wp","href":"https:\/\/api.w.org\/{rel}","templated":true}]}}