{"id":2758,"date":"2023-10-17T13:10:30","date_gmt":"2023-10-17T13:10:30","guid":{"rendered":"https:\/\/berria.alberdania.net\/product\/gudaris-y-rehenes-de-franco-1936-1939\/"},"modified":"2026-04-14T01:26:35","modified_gmt":"2026-04-13T23:26:35","slug":"gudaris-y-rehenes-de-franco-1936-1939","status":"publish","type":"product","link":"https:\/\/www.alberdania.net\/eu\/product\/gudaris-y-rehenes-de-franco-1936-1939\/","title":{"rendered":"Gudaris y rehenes de Franco (1936-1939)"},"content":{"rendered":"","protected":false},"excerpt":{"rendered":"<p>\u0093A los 20 a\u00f1os de la muerte de aita empezamos a transcribir los diarios de la guerra y de la c\u00e1rcel que ten\u00eda guardados en una caja de zapatos. En ellos cuenta de modo muy escueto algunos sucesos pol\u00edticos y b\u00e9licos, y describe la vida en el frente y en las c\u00e1rceles por las que pas\u00f3, con sus momentos duros, momentos de euforia, tedio y rutina. \u0094Cuando repartimos la primera versi\u00f3n de los diarios, los familiares de Fernando Agirre, compa\u00f1ero suyo en el frente y en la c\u00e1rcel, nos dijeron que ten\u00edan guardado el diario escrito por Fernando en el Dueso: hab\u00eda aparecido en el doble fondo de un armario a los 13 a\u00f1os de su muerte. A los d\u00edas sus hijas nos avisaron que la familia de Jose Luis Lasa, tambi\u00e9n del Saseta, ten\u00eda en casa el diario que su padre escribi\u00f3 durante la guerra\u0094. \u0093Internacionalmente, lo de Gernika ha causado horror. Las cosas parecen ir de mal en peor. En la compa\u00f1\u00eda: 2 desaparecidos y 6 heridos en la ofensiva de Basalgo\u0094. MA\u00d1UL \u0093A las nueve y media empieza el ca\u00f1oneo y la aviaci\u00f3n. A las doce hay un muerto en la torre. Desde ese momento ca\u00f1onazos, ametralladoras, fusiles y la aviaci\u00f3n. Las balas rebotan en las campanas. Parece un diluvio de balas\u0094. J.L. LASA \u0093A Anza, Kutixi, Martxa y a m\u00ed nos comunican la pena. A los tres primeros reclusi\u00f3n perpetua, y a m\u00ed doce a\u00f1os y un d\u00eda. Buen humor\u0094.<\/p>\n","protected":false},"featured_media":4855,"template":"","meta":{"_acf_changed":false,"inline_featured_image":false},"product_brand":[],"product_cat":[15],"product_tag":[],"tax-colections":[59,126],"tax-langs":[83],"tax-encuadernacion":[105],"tax-availability":[97],"class_list":{"0":"post-2758","1":"product","2":"type-product","3":"status-publish","4":"has-post-thumbnail","6":"product_cat-sin-categoria","7":"pa_tipo-de-libro-papel","8":"tax-colections-literatura-para-adultos","9":"tax-colections-alga","10":"tax-langs-castellano","11":"tax-encuadernacion-bolsillo-tapa-blanda","12":"tax-availability-disponible","14":"first","15":"instock","16":"shipping-taxable","17":"purchasable","18":"product-type-variable"},"acf":{"id_gesedi":185,"book_subtitle":"diarios","book_author":"","book_translator":"","book_illustrator":"","book_publish_date_book":"2006-11-01","book_publish_date_ebook":null,"book_publish_date_audiobook":null,"book_collection_number":36,"book_pages":470,"book_file":"","book_img":"","books_related":null},"_links":{"self":[{"href":"https:\/\/www.alberdania.net\/eu\/wp-json\/wp\/v2\/product\/2758","targetHints":{"allow":["GET"]}}],"collection":[{"href":"https:\/\/www.alberdania.net\/eu\/wp-json\/wp\/v2\/product"}],"about":[{"href":"https:\/\/www.alberdania.net\/eu\/wp-json\/wp\/v2\/types\/product"}],"wp:featuredmedia":[{"embeddable":true,"href":"https:\/\/www.alberdania.net\/eu\/wp-json\/wp\/v2\/media\/4855"}],"wp:attachment":[{"href":"https:\/\/www.alberdania.net\/eu\/wp-json\/wp\/v2\/media?parent=2758"}],"wp:term":[{"taxonomy":"product_brand","embeddable":true,"href":"https:\/\/www.alberdania.net\/eu\/wp-json\/wp\/v2\/product_brand?post=2758"},{"taxonomy":"product_cat","embeddable":true,"href":"https:\/\/www.alberdania.net\/eu\/wp-json\/wp\/v2\/product_cat?post=2758"},{"taxonomy":"product_tag","embeddable":true,"href":"https:\/\/www.alberdania.net\/eu\/wp-json\/wp\/v2\/product_tag?post=2758"},{"taxonomy":"tax-colections","embeddable":true,"href":"https:\/\/www.alberdania.net\/eu\/wp-json\/wp\/v2\/tax-colections?post=2758"},{"taxonomy":"tax-langs","embeddable":true,"href":"https:\/\/www.alberdania.net\/eu\/wp-json\/wp\/v2\/tax-langs?post=2758"},{"taxonomy":"tax-encuadernacion","embeddable":true,"href":"https:\/\/www.alberdania.net\/eu\/wp-json\/wp\/v2\/tax-encuadernacion?post=2758"},{"taxonomy":"tax-availability","embeddable":true,"href":"https:\/\/www.alberdania.net\/eu\/wp-json\/wp\/v2\/tax-availability?post=2758"}],"curies":[{"name":"wp","href":"https:\/\/api.w.org\/{rel}","templated":true}]}}