{"id":2764,"date":"2023-10-17T13:10:46","date_gmt":"2023-10-17T13:10:46","guid":{"rendered":"https:\/\/berria.alberdania.net\/product\/la-calavera-de-robinson\/"},"modified":"2026-04-21T01:26:51","modified_gmt":"2026-04-20T23:26:51","slug":"la-calavera-de-robinson","status":"publish","type":"product","link":"https:\/\/www.alberdania.net\/eu\/product\/la-calavera-de-robinson\/","title":{"rendered":"La calavera de Robinson"},"content":{"rendered":"","protected":false},"excerpt":{"rendered":"<p>La novela cuenta la historia de un coleccionista y buscador de tesoros, Telmo Gamecho, que en 1952 fue testigo de c\u00f3mo unos buscadores de tesoros pretend\u00edan desenterrar el mayor bot\u00edn de todos los tiempos en la m\u00edtica isla de Juan Fern\u00e1ndez, en el Mar de Chile, tradicional refugio de piratas y escenario de la vida en solitario del marino escoc\u00e9s Alexander Selkirk, sobre la que Daniel Defoe escribi\u00f3 su Robinson Crusoe.<\/p>\n<p>\tLa calavera de Robinson es un viaje a trav\u00e9s de las vidas de piratas, contrabandistas, criminales y presidiarios, buscavidas, artistas de variedades, marinos olvidados y estafadores que, a su costa, pretenden hacer fortuna, buscadores de tesoros, tr\u00e1nsfugas y robinsones que buscan refugio en las lejan\u00edas y, sobre todo, de coleccionistas de reliquias literarias: mapas, bit\u00e1coras, esferas armilares, mascarones de proa, que esconden, todas, alg\u00fan secreto relacionado con el tesoro de lord Anson, enterrado, cuenta la leyenda, en aquella isla lejana, en el a\u00f1o de gracia de 1761.<\/p>\n","protected":false},"featured_media":4849,"template":"","meta":{"_acf_changed":false,"inline_featured_image":false},"product_brand":[],"product_cat":[15],"product_tag":[],"tax-colections":[59,126],"tax-langs":[83],"tax-encuadernacion":[105],"tax-availability":[97],"class_list":{"0":"post-2764","1":"product","2":"type-product","3":"status-publish","4":"has-post-thumbnail","6":"product_cat-sin-categoria","7":"pa_tipo-de-libro-papel","8":"tax-colections-literatura-para-adultos","9":"tax-colections-alga","10":"tax-langs-castellano","11":"tax-encuadernacion-bolsillo-tapa-blanda","12":"tax-availability-disponible","14":"first","15":"instock","16":"shipping-taxable","17":"purchasable","18":"product-type-variable"},"acf":{"id_gesedi":188,"book_subtitle":"","book_author":59,"book_translator":"","book_illustrator":"","book_publish_date_book":"2006-10-23","book_publish_date_ebook":null,"book_publish_date_audiobook":null,"book_collection_number":35,"book_pages":496,"book_file":"","book_img":"","books_related":null},"_links":{"self":[{"href":"https:\/\/www.alberdania.net\/eu\/wp-json\/wp\/v2\/product\/2764","targetHints":{"allow":["GET"]}}],"collection":[{"href":"https:\/\/www.alberdania.net\/eu\/wp-json\/wp\/v2\/product"}],"about":[{"href":"https:\/\/www.alberdania.net\/eu\/wp-json\/wp\/v2\/types\/product"}],"wp:featuredmedia":[{"embeddable":true,"href":"https:\/\/www.alberdania.net\/eu\/wp-json\/wp\/v2\/media\/4849"}],"wp:attachment":[{"href":"https:\/\/www.alberdania.net\/eu\/wp-json\/wp\/v2\/media?parent=2764"}],"wp:term":[{"taxonomy":"product_brand","embeddable":true,"href":"https:\/\/www.alberdania.net\/eu\/wp-json\/wp\/v2\/product_brand?post=2764"},{"taxonomy":"product_cat","embeddable":true,"href":"https:\/\/www.alberdania.net\/eu\/wp-json\/wp\/v2\/product_cat?post=2764"},{"taxonomy":"product_tag","embeddable":true,"href":"https:\/\/www.alberdania.net\/eu\/wp-json\/wp\/v2\/product_tag?post=2764"},{"taxonomy":"tax-colections","embeddable":true,"href":"https:\/\/www.alberdania.net\/eu\/wp-json\/wp\/v2\/tax-colections?post=2764"},{"taxonomy":"tax-langs","embeddable":true,"href":"https:\/\/www.alberdania.net\/eu\/wp-json\/wp\/v2\/tax-langs?post=2764"},{"taxonomy":"tax-encuadernacion","embeddable":true,"href":"https:\/\/www.alberdania.net\/eu\/wp-json\/wp\/v2\/tax-encuadernacion?post=2764"},{"taxonomy":"tax-availability","embeddable":true,"href":"https:\/\/www.alberdania.net\/eu\/wp-json\/wp\/v2\/tax-availability?post=2764"}],"curies":[{"name":"wp","href":"https:\/\/api.w.org\/{rel}","templated":true}]}}