{"id":2802,"date":"2023-10-17T13:12:39","date_gmt":"2023-10-17T13:12:39","guid":{"rendered":"https:\/\/berria.alberdania.net\/product\/el-otono-de-1935-en-gipuzkoa\/"},"modified":"2026-04-21T01:31:37","modified_gmt":"2026-04-20T23:31:37","slug":"el-otono-de-1935-en-gipuzkoa","status":"publish","type":"product","link":"https:\/\/www.alberdania.net\/eu\/product\/el-otono-de-1935-en-gipuzkoa\/","title":{"rendered":"El oto\u00f1o de 1935 en Gipuzkoa"},"content":{"rendered":"","protected":false},"excerpt":{"rendered":"<p>Este libro, El oto\u00f1o de 1936 en Guip\u00fazcoa. Los fusilamientos de Hernani, nace como consecuencia del proyecto Hernani 1936-2006, impulsado por el Ayuntamiento de Hernani en colaboraci\u00f3n con la Consejer\u00eda de Justicia del Gobierno Vasco y el Departamento de Derechos Humanos de la Diputaci\u00f3n Foral de Gipuzkoa, y es fruto de la participaci\u00f3n en \u00e9l de la Universidad del Pa\u00eds Vasco. El objetivo de dicho programa no era otro que intentar recuperar la memoria y dignidad de todas aquellas personas muertas a manos de los sublevados el 18 de julio de 1936 y sus \u00f3rbitas afines, en el setenta aniversario del inicio de la guerra de 1936 y de los fusilamientos y enterramientos de unas doscientas personas en la localidad. Intentar recuperar la memoria y dignidad de todas aquellas personas olvidadas durante los 40 a\u00f1os de dictadura y recordadas intermitentemente en los \u00faltimos 30 de una democracia construida sobre la amnesia de lo ocurrido entonces, sobre el olvido de las personas que sufrieron y murieron a manos de, precisamente, los que derrocaron el esp\u00edritu democr\u00e1tico republicano. Era una deuda que era necesario saldar.<\/p>\n<p>\tNo ha sido la \u00fanica realizaci\u00f3n. Tambi\u00e9n se ha editado, en colaboraci\u00f3n con EITB y la Sociedad de Ciencias Aranzadi, el documental Udazkena oraindik. Memoria de la Guerra Civil en Hernani, y el 8 de noviembre de 2006 se celebr\u00f3 a la entrada del cementerio de Hernani, uno de los tristemente emblem\u00e1ticos lugares de la Guerra Civil en Euskal Herria, un acto institucional, con presencia de las m\u00e1s altas autoridades auton\u00f3micas, guipuzcoanas y hernaniarras, y al que acudieron gran n\u00famero de familiares de los all\u00ed fusilados enterrados en el oto\u00f1o de 1936, en homenaje a todos los muertos y desaparecidos por los franquistas en la guerra de 1936.<\/p>\n<p>\t\u00a1Por ellos!<\/p>\n","protected":false},"featured_media":0,"template":"","meta":{"_acf_changed":false,"inline_featured_image":false},"product_brand":[],"product_cat":[15],"product_tag":[],"tax-colections":[59,125],"tax-langs":[83],"tax-encuadernacion":[105],"tax-availability":[97],"class_list":{"0":"post-2802","1":"product","2":"type-product","3":"status-publish","5":"product_cat-sin-categoria","6":"pa_tipo-de-libro-papel","7":"tax-colections-literatura-para-adultos","8":"tax-colections-saiakera","9":"tax-langs-castellano","10":"tax-encuadernacion-bolsillo-tapa-blanda","11":"tax-availability-disponible","13":"first","14":"instock","15":"shipping-taxable","16":"product-type-variable"},"acf":{"id_gesedi":208,"book_subtitle":"los fusilamientos de Hernani","book_author":265,"book_translator":"","book_illustrator":"","book_publish_date_book":"2007-06-01","book_publish_date_ebook":null,"book_publish_date_audiobook":null,"book_collection_number":36,"book_pages":328,"book_file":"","book_img":"","books_related":""},"_links":{"self":[{"href":"https:\/\/www.alberdania.net\/eu\/wp-json\/wp\/v2\/product\/2802","targetHints":{"allow":["GET"]}}],"collection":[{"href":"https:\/\/www.alberdania.net\/eu\/wp-json\/wp\/v2\/product"}],"about":[{"href":"https:\/\/www.alberdania.net\/eu\/wp-json\/wp\/v2\/types\/product"}],"wp:attachment":[{"href":"https:\/\/www.alberdania.net\/eu\/wp-json\/wp\/v2\/media?parent=2802"}],"wp:term":[{"taxonomy":"product_brand","embeddable":true,"href":"https:\/\/www.alberdania.net\/eu\/wp-json\/wp\/v2\/product_brand?post=2802"},{"taxonomy":"product_cat","embeddable":true,"href":"https:\/\/www.alberdania.net\/eu\/wp-json\/wp\/v2\/product_cat?post=2802"},{"taxonomy":"product_tag","embeddable":true,"href":"https:\/\/www.alberdania.net\/eu\/wp-json\/wp\/v2\/product_tag?post=2802"},{"taxonomy":"tax-colections","embeddable":true,"href":"https:\/\/www.alberdania.net\/eu\/wp-json\/wp\/v2\/tax-colections?post=2802"},{"taxonomy":"tax-langs","embeddable":true,"href":"https:\/\/www.alberdania.net\/eu\/wp-json\/wp\/v2\/tax-langs?post=2802"},{"taxonomy":"tax-encuadernacion","embeddable":true,"href":"https:\/\/www.alberdania.net\/eu\/wp-json\/wp\/v2\/tax-encuadernacion?post=2802"},{"taxonomy":"tax-availability","embeddable":true,"href":"https:\/\/www.alberdania.net\/eu\/wp-json\/wp\/v2\/tax-availability?post=2802"}],"curies":[{"name":"wp","href":"https:\/\/api.w.org\/{rel}","templated":true}]}}