{"id":2810,"date":"2023-10-17T13:13:18","date_gmt":"2023-10-17T13:13:18","guid":{"rendered":"https:\/\/berria.alberdania.net\/product\/carcel-y-trayectorias-psicosociales\/"},"modified":"2026-04-14T01:32:01","modified_gmt":"2026-04-13T23:32:01","slug":"carcel-y-trayectorias-psicosociales","status":"publish","type":"product","link":"https:\/\/www.alberdania.net\/eu\/product\/carcel-y-trayectorias-psicosociales\/","title":{"rendered":"C\u00e1rcel y trayectorias psicosociales"},"content":{"rendered":"","protected":false},"excerpt":{"rendered":"<p>La c\u00e1rcel genera y recrea en nuestra sociedad un universo de significaciones y representaciones asociadas a las trayectorias vitales de los sujetos que las pueblan, al imaginario que producen los actores vinculados al sistema jur\u00eddico y a la acci\u00f3n social en el \u00e1mbito de la ejecuci\u00f3n penal. Mediante las aportaciones contenidas en el presente libro, la autora muestra, desde un punto de vista comprensivo, un profundo replanteamiento sobre la naturaleza del sistema carcelario, en una dial\u00e9ctica que integra tanto la despersonalizaci\u00f3n que surge de la privaci\u00f3n de los derechos humanos en el seno del sistema punitivo, como las contribuciones de las investigaciones m\u00e1s relevantes y perspectivas de tratamiento m\u00e1s acordes a la realidad delictiva, la respuesta penal y su contexto social. Las investigaciones que se presentan permiten una aproximaci\u00f3n al estudio de la delincuencia desde la perspectiva de las representaciones sociales, que considera las creencias de sentido com\u00fan de la interacci\u00f3n habitual entre grupos, permitiendo explicar las decisiones y pr\u00e1cticas que se adoptan y su grado de coherencia con las posibilidades de resocializaci\u00f3n en instituciones penitenciarias. Del mismo modo, se analizan los perfiles, representaciones y trayectorias psicosociales de una muestra penitenciaria de drogodependientes, cuyas conclusiones abren nuevas controversias, orientan la discusi\u00f3n y establecen ciertas bases para la formaci\u00f3n de profesionales que est\u00e9n o puedan estar en contacto con esta realidad, destacando algunas pautas y estrategias dirigidas a optimizar el afrontamiento psicosocial en \u00e1mbitos de relevancia social e institucional.<\/p>\n","protected":false},"featured_media":4811,"template":"","meta":{"_acf_changed":false,"inline_featured_image":false},"product_brand":[],"product_cat":[15],"product_tag":[],"tax-colections":[59,133],"tax-langs":[83],"tax-encuadernacion":[105],"tax-availability":[97],"class_list":{"0":"post-2810","1":"product","2":"type-product","3":"status-publish","4":"has-post-thumbnail","6":"product_cat-sin-categoria","7":"pa_tipo-de-libro-papel","8":"tax-colections-literatura-para-adultos","9":"tax-colections-giza-eskubideak","10":"tax-langs-castellano","11":"tax-encuadernacion-bolsillo-tapa-blanda","12":"tax-availability-disponible","14":"first","15":"instock","16":"shipping-taxable","17":"purchasable","18":"product-type-variable"},"acf":{"id_gesedi":212,"book_subtitle":"actores y representaciones sociales","book_author":227,"book_translator":"","book_illustrator":"","book_publish_date_book":"2005-10-01","book_publish_date_ebook":null,"book_publish_date_audiobook":null,"book_collection_number":4,"book_pages":292,"book_file":"","book_img":"","books_related":null},"_links":{"self":[{"href":"https:\/\/www.alberdania.net\/eu\/wp-json\/wp\/v2\/product\/2810","targetHints":{"allow":["GET"]}}],"collection":[{"href":"https:\/\/www.alberdania.net\/eu\/wp-json\/wp\/v2\/product"}],"about":[{"href":"https:\/\/www.alberdania.net\/eu\/wp-json\/wp\/v2\/types\/product"}],"wp:featuredmedia":[{"embeddable":true,"href":"https:\/\/www.alberdania.net\/eu\/wp-json\/wp\/v2\/media\/4811"}],"wp:attachment":[{"href":"https:\/\/www.alberdania.net\/eu\/wp-json\/wp\/v2\/media?parent=2810"}],"wp:term":[{"taxonomy":"product_brand","embeddable":true,"href":"https:\/\/www.alberdania.net\/eu\/wp-json\/wp\/v2\/product_brand?post=2810"},{"taxonomy":"product_cat","embeddable":true,"href":"https:\/\/www.alberdania.net\/eu\/wp-json\/wp\/v2\/product_cat?post=2810"},{"taxonomy":"product_tag","embeddable":true,"href":"https:\/\/www.alberdania.net\/eu\/wp-json\/wp\/v2\/product_tag?post=2810"},{"taxonomy":"tax-colections","embeddable":true,"href":"https:\/\/www.alberdania.net\/eu\/wp-json\/wp\/v2\/tax-colections?post=2810"},{"taxonomy":"tax-langs","embeddable":true,"href":"https:\/\/www.alberdania.net\/eu\/wp-json\/wp\/v2\/tax-langs?post=2810"},{"taxonomy":"tax-encuadernacion","embeddable":true,"href":"https:\/\/www.alberdania.net\/eu\/wp-json\/wp\/v2\/tax-encuadernacion?post=2810"},{"taxonomy":"tax-availability","embeddable":true,"href":"https:\/\/www.alberdania.net\/eu\/wp-json\/wp\/v2\/tax-availability?post=2810"}],"curies":[{"name":"wp","href":"https:\/\/api.w.org\/{rel}","templated":true}]}}