{"id":2814,"date":"2023-10-17T13:13:31","date_gmt":"2023-10-17T13:13:31","guid":{"rendered":"https:\/\/berria.alberdania.net\/product\/sombra-de-sombras\/"},"modified":"2026-04-14T01:32:13","modified_gmt":"2026-04-13T23:32:13","slug":"sombra-de-sombras","status":"publish","type":"product","link":"https:\/\/www.alberdania.net\/eu\/product\/sombra-de-sombras\/","title":{"rendered":"Sombra de sombras"},"content":{"rendered":"","protected":false},"excerpt":{"rendered":"<p>Las narraciones que forman este libro conducen al lector a un viaje a trav\u00e9s de la Italia medieval y renacentista. Sustentados sobre la tenue urdimbre de una historia-gu\u00eda, los once relatos, nombrados como las once ciudades italianas en que se localizan, son diversos y distantes en cuanto al tono, trama y t\u00e9cnica narrativa de que se sirve el autor en cada uno de ellos. Sin embargo, l\u00ednea tras l\u00ednea se abre ante el lector una perspectiva sumamente inquietante: se ver\u00e1 urgido a prestar atenci\u00f3n a lo que realmente importa, que no es tanto el desenlace como lo que sucede en el habit\u00e1culo del veh\u00edculo en el que se sentir\u00e1 transportado de lugar en lugar, de una peripecia a otra, de uno a otro universo.<\/p>\n","protected":false},"featured_media":4807,"template":"","meta":{"_acf_changed":false,"inline_featured_image":false},"product_brand":[],"product_cat":[15],"product_tag":[],"tax-colections":[59,126],"tax-langs":[83],"tax-encuadernacion":[105],"tax-availability":[97],"class_list":{"0":"post-2814","1":"product","2":"type-product","3":"status-publish","4":"has-post-thumbnail","6":"product_cat-sin-categoria","7":"pa_tipo-de-libro-papel","8":"tax-colections-literatura-para-adultos","9":"tax-colections-alga","10":"tax-langs-castellano","11":"tax-encuadernacion-bolsillo-tapa-blanda","12":"tax-availability-disponible","14":"first","15":"instock","16":"shipping-taxable","17":"purchasable","18":"product-type-variable"},"acf":{"id_gesedi":214,"book_subtitle":"","book_author":154,"book_translator":"","book_illustrator":"","book_publish_date_book":"2005-11-30","book_publish_date_ebook":null,"book_publish_date_audiobook":null,"book_collection_number":26,"book_pages":128,"book_file":"","book_img":"","books_related":null},"_links":{"self":[{"href":"https:\/\/www.alberdania.net\/eu\/wp-json\/wp\/v2\/product\/2814","targetHints":{"allow":["GET"]}}],"collection":[{"href":"https:\/\/www.alberdania.net\/eu\/wp-json\/wp\/v2\/product"}],"about":[{"href":"https:\/\/www.alberdania.net\/eu\/wp-json\/wp\/v2\/types\/product"}],"wp:featuredmedia":[{"embeddable":true,"href":"https:\/\/www.alberdania.net\/eu\/wp-json\/wp\/v2\/media\/4807"}],"wp:attachment":[{"href":"https:\/\/www.alberdania.net\/eu\/wp-json\/wp\/v2\/media?parent=2814"}],"wp:term":[{"taxonomy":"product_brand","embeddable":true,"href":"https:\/\/www.alberdania.net\/eu\/wp-json\/wp\/v2\/product_brand?post=2814"},{"taxonomy":"product_cat","embeddable":true,"href":"https:\/\/www.alberdania.net\/eu\/wp-json\/wp\/v2\/product_cat?post=2814"},{"taxonomy":"product_tag","embeddable":true,"href":"https:\/\/www.alberdania.net\/eu\/wp-json\/wp\/v2\/product_tag?post=2814"},{"taxonomy":"tax-colections","embeddable":true,"href":"https:\/\/www.alberdania.net\/eu\/wp-json\/wp\/v2\/tax-colections?post=2814"},{"taxonomy":"tax-langs","embeddable":true,"href":"https:\/\/www.alberdania.net\/eu\/wp-json\/wp\/v2\/tax-langs?post=2814"},{"taxonomy":"tax-encuadernacion","embeddable":true,"href":"https:\/\/www.alberdania.net\/eu\/wp-json\/wp\/v2\/tax-encuadernacion?post=2814"},{"taxonomy":"tax-availability","embeddable":true,"href":"https:\/\/www.alberdania.net\/eu\/wp-json\/wp\/v2\/tax-availability?post=2814"}],"curies":[{"name":"wp","href":"https:\/\/api.w.org\/{rel}","templated":true}]}}