{"id":2816,"date":"2023-10-17T13:13:36","date_gmt":"2023-10-17T13:13:36","guid":{"rendered":"https:\/\/berria.alberdania.net\/product\/el-malestar-de-la-democracia\/"},"modified":"2026-04-14T01:32:19","modified_gmt":"2026-04-13T23:32:19","slug":"el-malestar-de-la-democracia","status":"publish","type":"product","link":"https:\/\/www.alberdania.net\/eu\/product\/el-malestar-de-la-democracia\/","title":{"rendered":"El malestar de la democracia"},"content":{"rendered":"","protected":false},"excerpt":{"rendered":"<p>El autor defiende la idea de que el origen del malestar de la pol\u00edtica democr\u00e1tica est\u00e1 asociado a tres hechos: a la complejidad y a la incertidumbre que mueven el mundo contempor\u00e1neo; a la crisis de los supuestos sobre los que se asentaron las definiciones modernas de la pol\u00edtica \u0096especialmente la estabilidad del Estado-naci\u00f3n y la idea y la pr\u00e1ctica del bienestar\u0096; y a los nuevos problemas, no previstos o no resueltos, que impregnan la vida cotidiana de nuestras sociedades, como la crisis del mito de Occidente, la emergencia de nuevos modelos de modernizaci\u00f3n econ\u00f3mica, la regionalizaci\u00f3n pol\u00edtica, las nuevas formas de exclusi\u00f3n social, los efectos del multiculturalismo, el agotamiento de los tradicionales mecanismos de control pol\u00edtico\u0085 Y todo ello en una \u00e9poca en que las ideas han de surtir efecto en el dif\u00edcil territorio limitado por el ejercicio de la libertad, la necesidad de seguridad y las identidades, creadas, \u00e9stas, con \u00e1nimo de fundar, en ocasiones con materiales poco consistentes, una comunidad segura capaz de reestablecer el equilibrio psicol\u00f3gico y social all\u00e1 donde \u00e9ste aparece como imposible.<\/p>\n","protected":false},"featured_media":4805,"template":"","meta":{"_acf_changed":false,"inline_featured_image":false},"product_brand":[],"product_cat":[15],"product_tag":[],"tax-colections":[59,126],"tax-langs":[83],"tax-encuadernacion":[105],"tax-availability":[97],"class_list":{"0":"post-2816","1":"product","2":"type-product","3":"status-publish","4":"has-post-thumbnail","6":"product_cat-sin-categoria","7":"pa_tipo-de-libro-papel","8":"tax-colections-literatura-para-adultos","9":"tax-colections-alga","10":"tax-langs-castellano","11":"tax-encuadernacion-bolsillo-tapa-blanda","12":"tax-availability-disponible","14":"first","15":"instock","16":"shipping-taxable","17":"purchasable","18":"product-type-variable"},"acf":{"id_gesedi":215,"book_subtitle":"","book_author":259,"book_translator":"","book_illustrator":"","book_publish_date_book":"2005-11-11","book_publish_date_ebook":null,"book_publish_date_audiobook":null,"book_collection_number":25,"book_pages":256,"book_file":"","book_img":"","books_related":null},"_links":{"self":[{"href":"https:\/\/www.alberdania.net\/eu\/wp-json\/wp\/v2\/product\/2816","targetHints":{"allow":["GET"]}}],"collection":[{"href":"https:\/\/www.alberdania.net\/eu\/wp-json\/wp\/v2\/product"}],"about":[{"href":"https:\/\/www.alberdania.net\/eu\/wp-json\/wp\/v2\/types\/product"}],"wp:featuredmedia":[{"embeddable":true,"href":"https:\/\/www.alberdania.net\/eu\/wp-json\/wp\/v2\/media\/4805"}],"wp:attachment":[{"href":"https:\/\/www.alberdania.net\/eu\/wp-json\/wp\/v2\/media?parent=2816"}],"wp:term":[{"taxonomy":"product_brand","embeddable":true,"href":"https:\/\/www.alberdania.net\/eu\/wp-json\/wp\/v2\/product_brand?post=2816"},{"taxonomy":"product_cat","embeddable":true,"href":"https:\/\/www.alberdania.net\/eu\/wp-json\/wp\/v2\/product_cat?post=2816"},{"taxonomy":"product_tag","embeddable":true,"href":"https:\/\/www.alberdania.net\/eu\/wp-json\/wp\/v2\/product_tag?post=2816"},{"taxonomy":"tax-colections","embeddable":true,"href":"https:\/\/www.alberdania.net\/eu\/wp-json\/wp\/v2\/tax-colections?post=2816"},{"taxonomy":"tax-langs","embeddable":true,"href":"https:\/\/www.alberdania.net\/eu\/wp-json\/wp\/v2\/tax-langs?post=2816"},{"taxonomy":"tax-encuadernacion","embeddable":true,"href":"https:\/\/www.alberdania.net\/eu\/wp-json\/wp\/v2\/tax-encuadernacion?post=2816"},{"taxonomy":"tax-availability","embeddable":true,"href":"https:\/\/www.alberdania.net\/eu\/wp-json\/wp\/v2\/tax-availability?post=2816"}],"curies":[{"name":"wp","href":"https:\/\/api.w.org\/{rel}","templated":true}]}}