{"id":2864,"date":"2023-10-17T13:15:58","date_gmt":"2023-10-17T13:15:58","guid":{"rendered":"https:\/\/berria.alberdania.net\/product\/nosotros-los-navarros\/"},"modified":"2026-05-07T01:37:13","modified_gmt":"2026-05-06T23:37:13","slug":"nosotros-los-navarros","status":"publish","type":"product","link":"https:\/\/www.alberdania.net\/eu\/product\/nosotros-los-navarros\/","title":{"rendered":"Nosotros, los navarros"},"content":{"rendered":"","protected":false},"excerpt":{"rendered":"<p>El autor denuncia con contundencia los dos nacionalismos que, inmersos en su pugna permanente en Navarra, se muestran incapaces de crear una identidad unificadora. Unos desprecian el euskera y la cultura que se expresa en esa lengua, mientras otros no han aprendido a\u00fan que lo vasco no es sino una parte integrante de lo navarro. Navarra representa el m\u00e1s estrepitoso error del nacionalismo vasco, pero tambi\u00e9n una de las claves que han de conducir a la soluci\u00f3n del llamado \u0093conflicto vasco\u0094.<br \/>\n\tZabaltza nos ofrece un libro iconoclasta dirigido a lectores sin prejuicios, una obra imprescindible para entender la Navarra de ayer y de hoy, por encima de las mitolog\u00edas de unos y otros. A juicio del autor, no se trata de que uno de ambos nacionalismos se imponga sobre el otro, sino de crear una nueva comunidad capaz de acoger en su seno todos los sentimientos nacionales. En ello cifra el reto fundamental a que se enfrenta la sociedad navarra.<\/p>\n","protected":false},"featured_media":4770,"template":"","meta":{"_acf_changed":false,"inline_featured_image":false},"product_brand":[],"product_cat":[15],"product_tag":[],"tax-colections":[59,126],"tax-langs":[83],"tax-encuadernacion":[105],"tax-availability":[97],"class_list":{"0":"post-2864","1":"product","2":"type-product","3":"status-publish","4":"has-post-thumbnail","6":"product_cat-sin-categoria","7":"pa_tipo-de-libro-papel","8":"tax-colections-literatura-para-adultos","9":"tax-colections-alga","10":"tax-langs-castellano","11":"tax-encuadernacion-bolsillo-tapa-blanda","12":"tax-availability-disponible","14":"first","15":"instock","16":"shipping-taxable","17":"purchasable","18":"product-type-variable"},"acf":{"id_gesedi":243,"book_subtitle":"","book_author":336,"book_translator":"","book_illustrator":"","book_publish_date_book":"2009-09-01","book_publish_date_ebook":null,"book_publish_date_audiobook":null,"book_collection_number":51,"book_pages":88,"book_file":"","book_img":"","books_related":null},"_links":{"self":[{"href":"https:\/\/www.alberdania.net\/eu\/wp-json\/wp\/v2\/product\/2864","targetHints":{"allow":["GET"]}}],"collection":[{"href":"https:\/\/www.alberdania.net\/eu\/wp-json\/wp\/v2\/product"}],"about":[{"href":"https:\/\/www.alberdania.net\/eu\/wp-json\/wp\/v2\/types\/product"}],"wp:featuredmedia":[{"embeddable":true,"href":"https:\/\/www.alberdania.net\/eu\/wp-json\/wp\/v2\/media\/4770"}],"wp:attachment":[{"href":"https:\/\/www.alberdania.net\/eu\/wp-json\/wp\/v2\/media?parent=2864"}],"wp:term":[{"taxonomy":"product_brand","embeddable":true,"href":"https:\/\/www.alberdania.net\/eu\/wp-json\/wp\/v2\/product_brand?post=2864"},{"taxonomy":"product_cat","embeddable":true,"href":"https:\/\/www.alberdania.net\/eu\/wp-json\/wp\/v2\/product_cat?post=2864"},{"taxonomy":"product_tag","embeddable":true,"href":"https:\/\/www.alberdania.net\/eu\/wp-json\/wp\/v2\/product_tag?post=2864"},{"taxonomy":"tax-colections","embeddable":true,"href":"https:\/\/www.alberdania.net\/eu\/wp-json\/wp\/v2\/tax-colections?post=2864"},{"taxonomy":"tax-langs","embeddable":true,"href":"https:\/\/www.alberdania.net\/eu\/wp-json\/wp\/v2\/tax-langs?post=2864"},{"taxonomy":"tax-encuadernacion","embeddable":true,"href":"https:\/\/www.alberdania.net\/eu\/wp-json\/wp\/v2\/tax-encuadernacion?post=2864"},{"taxonomy":"tax-availability","embeddable":true,"href":"https:\/\/www.alberdania.net\/eu\/wp-json\/wp\/v2\/tax-availability?post=2864"}],"curies":[{"name":"wp","href":"https:\/\/api.w.org\/{rel}","templated":true}]}}