{"id":2894,"date":"2023-10-17T13:20:01","date_gmt":"2023-10-17T13:20:01","guid":{"rendered":"https:\/\/berria.alberdania.net\/product\/liquidacion-por-derribo\/"},"modified":"2026-04-21T01:41:59","modified_gmt":"2026-04-20T23:41:59","slug":"liquidacion-por-derribo","status":"publish","type":"product","link":"https:\/\/www.alberdania.net\/eu\/product\/liquidacion-por-derribo\/","title":{"rendered":"Liquidaci\u00f3n por derribo"},"content":{"rendered":"","protected":false},"excerpt":{"rendered":"<p>El acto de escribir un diario, la disciplina casi cotidiana de llevar al papel los mil rumores de la vida en torno, y los ruidos, y los estruendos, tiene, al mismo tiempo, algo de conjuro y algo de provocaci\u00f3n. En efecto, el escritor exorciza, a trav\u00e9s de la razionalizaci\u00f3n impl\u00edcita en el propio acto de la escritura, los mil y un sucesos que atraviesan nuestras horas. Y provoca, en el mismo acto, nuevos actos, nuevos sucesos, nuevos rumores, y ruidos, y estruendos. Pero ni ese exorcismo ni esa provocaci\u00f3n constituyen, en s\u00ed mismos, el objetivo \u00faltimo del autor. No. El escritor de diarios, y m\u00e1s claramente a\u00fan si se trata de un escritor con la potencia literaria de S\u00e1nchez-Ostiz, reflexiona sobre s\u00ed mismo y su peripecia vital, no tan alejada, a fin de cuentas, de la del lector, simult\u00e1neamente voyeur y c\u00f3mplice de un soliloquio a veces amargo, a veces tierno, siempre enriquecedor.<\/p>\n","protected":false},"featured_media":4732,"template":"","meta":{"_acf_changed":false,"inline_featured_image":false},"product_brand":[],"product_cat":[15],"product_tag":[],"tax-colections":[59,126],"tax-langs":[83],"tax-encuadernacion":[105],"tax-availability":[97],"class_list":{"0":"post-2894","1":"product","2":"type-product","3":"status-publish","4":"has-post-thumbnail","6":"product_cat-sin-categoria","7":"pa_tipo-de-libro-papel","8":"tax-colections-literatura-para-adultos","9":"tax-colections-alga","10":"tax-langs-castellano","11":"tax-encuadernacion-bolsillo-tapa-blanda","12":"tax-availability-disponible","14":"first","15":"instock","16":"shipping-taxable","17":"purchasable","18":"product-type-variable"},"acf":{"id_gesedi":267,"book_subtitle":"diarios, 1999-2000","book_author":59,"book_translator":"","book_illustrator":"","book_publish_date_book":"2004-11-10","book_publish_date_ebook":null,"book_publish_date_audiobook":null,"book_collection_number":19,"book_pages":384,"book_file":"","book_img":"","books_related":null},"_links":{"self":[{"href":"https:\/\/www.alberdania.net\/eu\/wp-json\/wp\/v2\/product\/2894","targetHints":{"allow":["GET"]}}],"collection":[{"href":"https:\/\/www.alberdania.net\/eu\/wp-json\/wp\/v2\/product"}],"about":[{"href":"https:\/\/www.alberdania.net\/eu\/wp-json\/wp\/v2\/types\/product"}],"wp:featuredmedia":[{"embeddable":true,"href":"https:\/\/www.alberdania.net\/eu\/wp-json\/wp\/v2\/media\/4732"}],"wp:attachment":[{"href":"https:\/\/www.alberdania.net\/eu\/wp-json\/wp\/v2\/media?parent=2894"}],"wp:term":[{"taxonomy":"product_brand","embeddable":true,"href":"https:\/\/www.alberdania.net\/eu\/wp-json\/wp\/v2\/product_brand?post=2894"},{"taxonomy":"product_cat","embeddable":true,"href":"https:\/\/www.alberdania.net\/eu\/wp-json\/wp\/v2\/product_cat?post=2894"},{"taxonomy":"product_tag","embeddable":true,"href":"https:\/\/www.alberdania.net\/eu\/wp-json\/wp\/v2\/product_tag?post=2894"},{"taxonomy":"tax-colections","embeddable":true,"href":"https:\/\/www.alberdania.net\/eu\/wp-json\/wp\/v2\/tax-colections?post=2894"},{"taxonomy":"tax-langs","embeddable":true,"href":"https:\/\/www.alberdania.net\/eu\/wp-json\/wp\/v2\/tax-langs?post=2894"},{"taxonomy":"tax-encuadernacion","embeddable":true,"href":"https:\/\/www.alberdania.net\/eu\/wp-json\/wp\/v2\/tax-encuadernacion?post=2894"},{"taxonomy":"tax-availability","embeddable":true,"href":"https:\/\/www.alberdania.net\/eu\/wp-json\/wp\/v2\/tax-availability?post=2894"}],"curies":[{"name":"wp","href":"https:\/\/api.w.org\/{rel}","templated":true}]}}