{"id":2900,"date":"2023-10-17T13:21:31","date_gmt":"2023-10-17T13:21:31","guid":{"rendered":"https:\/\/berria.alberdania.net\/product\/sin-tiempo-que-perder\/"},"modified":"2026-04-14T01:45:31","modified_gmt":"2026-04-13T23:45:31","slug":"sin-tiempo-que-perder","status":"publish","type":"product","link":"https:\/\/www.alberdania.net\/eu\/product\/sin-tiempo-que-perder\/","title":{"rendered":"Sin tiempo que perder"},"content":{"rendered":"","protected":false},"excerpt":{"rendered":"<p>Las mudanzas y los cambios en nuestro paisaje cotidiano son una buena ocasi\u00f3n para reparar en que tal vez no sea m\u00e1s tarde de lo que pensamos, pero s\u00ed que en los negocios del vivir no hay tiempo que perder. Con paisaje del alma o sin \u00e9l, con casa de la vida o sin ella, el camino nos espera, la intensidad del vivir no admite tregua.<\/p>\n<p>\tEn estas p\u00e1ginas desfilan\/pasan, los d\u00edas invernales de Bucarest, una ciudad entre oriente y occidente, con nieve en las calles y bandadas de cornejas en el cielo de sus atardeceres; bisericas oscuras, casinos, ruinas, sinagogas y cementerios rec\u00f3nditos. Y tras las calles de Mircea Eliade, Sebastian y Manea, las de Valpara\u00edso, esa ciudad que invent\u00f3, dicen, Pablo Neruda; el puerto de los personajes de Salvador Reyes, del cineasta Ra\u00fal Ruiz, de Aldo Francia y Joris Ivens, la niebla y el mugido de las sirenas de los buques; y al cabo de sus escaleras interminables las huellas de las botas de Robert Louis Stevenson, en su vitrina del museo de Edimburgo, la ciudad de la que salieron sus ladrones de cad\u00e1veres, su doctor Jeckyll y su mister Hyde, y en la que tambi\u00e9n ech\u00f3 a andar el doctor Watson, tras los pasos de Sherlock Holmes.<\/p>\n<p>\tEstas p\u00e1ginas dan cuenta de mudanzas, viajes, de escenarios de pasiones literarias y no literarias, pesquisas, hallazgos, encuentros intensos. Un recuento de cosas vistas y de episodios vividos con la gu\u00eda de que aquello que concierne a la intensidad de la propia vida, no admiten aplazamientos.<\/p>\n","protected":false},"featured_media":4724,"template":"","meta":{"_acf_changed":false,"inline_featured_image":false},"product_brand":[],"product_cat":[15],"product_tag":[],"tax-colections":[59,126],"tax-langs":[83],"tax-encuadernacion":[105],"tax-availability":[97],"class_list":{"0":"post-2900","1":"product","2":"type-product","3":"status-publish","4":"has-post-thumbnail","6":"product_cat-sin-categoria","7":"pa_tipo-de-libro-ebook","8":"pa_tipo-de-libro-papel","9":"tax-colections-literatura-para-adultos","10":"tax-colections-alga","11":"tax-langs-castellano","12":"tax-encuadernacion-bolsillo-tapa-blanda","13":"tax-availability-disponible","15":"first","16":"instock","17":"shipping-taxable","18":"purchasable","19":"product-type-variable"},"acf":{"id_gesedi":275,"book_subtitle":"","book_author":59,"book_translator":"","book_illustrator":"","book_publish_date_book":"2009-10-01","book_publish_date_ebook":"2009-10-01","book_publish_date_audiobook":null,"book_collection_number":53,"book_pages":0,"book_file":"","book_img":"","books_related":null},"_links":{"self":[{"href":"https:\/\/www.alberdania.net\/eu\/wp-json\/wp\/v2\/product\/2900","targetHints":{"allow":["GET"]}}],"collection":[{"href":"https:\/\/www.alberdania.net\/eu\/wp-json\/wp\/v2\/product"}],"about":[{"href":"https:\/\/www.alberdania.net\/eu\/wp-json\/wp\/v2\/types\/product"}],"wp:featuredmedia":[{"embeddable":true,"href":"https:\/\/www.alberdania.net\/eu\/wp-json\/wp\/v2\/media\/4724"}],"wp:attachment":[{"href":"https:\/\/www.alberdania.net\/eu\/wp-json\/wp\/v2\/media?parent=2900"}],"wp:term":[{"taxonomy":"product_brand","embeddable":true,"href":"https:\/\/www.alberdania.net\/eu\/wp-json\/wp\/v2\/product_brand?post=2900"},{"taxonomy":"product_cat","embeddable":true,"href":"https:\/\/www.alberdania.net\/eu\/wp-json\/wp\/v2\/product_cat?post=2900"},{"taxonomy":"product_tag","embeddable":true,"href":"https:\/\/www.alberdania.net\/eu\/wp-json\/wp\/v2\/product_tag?post=2900"},{"taxonomy":"tax-colections","embeddable":true,"href":"https:\/\/www.alberdania.net\/eu\/wp-json\/wp\/v2\/tax-colections?post=2900"},{"taxonomy":"tax-langs","embeddable":true,"href":"https:\/\/www.alberdania.net\/eu\/wp-json\/wp\/v2\/tax-langs?post=2900"},{"taxonomy":"tax-encuadernacion","embeddable":true,"href":"https:\/\/www.alberdania.net\/eu\/wp-json\/wp\/v2\/tax-encuadernacion?post=2900"},{"taxonomy":"tax-availability","embeddable":true,"href":"https:\/\/www.alberdania.net\/eu\/wp-json\/wp\/v2\/tax-availability?post=2900"}],"curies":[{"name":"wp","href":"https:\/\/api.w.org\/{rel}","templated":true}]}}