{"id":2903,"date":"2023-10-17T13:23:02","date_gmt":"2023-10-17T13:23:02","guid":{"rendered":"https:\/\/berria.alberdania.net\/product\/aquiles-y-la-tortuga\/"},"modified":"2026-03-31T01:46:33","modified_gmt":"2026-03-30T23:46:33","slug":"aquiles-y-la-tortuga","status":"publish","type":"product","link":"https:\/\/www.alberdania.net\/eu\/product\/aquiles-y-la-tortuga\/","title":{"rendered":"Aquiles y la tortuga"},"content":{"rendered":"","protected":false},"excerpt":{"rendered":"<p>Seg\u00fan unas leyendas, Aquiles ca\u00eda mortalmente herido en combate a consecuencia de un flechazo del troyano Paris; seg\u00fan otras su propia madre lo rescataba de la muerte y lo llevaba a una isla solitaria\u0085<br \/>\n\tPartiendo de esta \u00faltima hip\u00f3tesis y haciendo burla a la conocida apor\u00eda, seg\u00fan la cual jam\u00e1s el veloz guerrero alcanzar\u00eda a una tortuga, el autor se apoya en el binomio fant\u00e1stico trenzado de encuentros y desencuentros entre el h\u00e9roe griego y la tortuga de la f\u00e1bula cl\u00e1sica para acabar construyendo un canto a la amistad<\/p>\n","protected":false},"featured_media":4718,"template":"","meta":{"_acf_changed":false,"inline_featured_image":false},"product_brand":[],"product_cat":[15],"product_tag":[],"tax-colections":[59,128],"tax-langs":[83],"tax-encuadernacion":[105],"tax-availability":[97],"class_list":{"0":"post-2903","1":"product","2":"type-product","3":"status-publish","4":"has-post-thumbnail","6":"product_cat-sin-categoria","7":"pa_tipo-de-libro-ebook","8":"pa_tipo-de-libro-papel","9":"tax-colections-literatura-para-adultos","10":"tax-colections-astiro","11":"tax-langs-castellano","12":"tax-encuadernacion-bolsillo-tapa-blanda","13":"tax-availability-disponible","15":"first","16":"instock","17":"shipping-taxable","18":"purchasable","19":"product-type-variable"},"acf":{"id_gesedi":283,"book_subtitle":"","book_author":3,"book_translator":181,"book_illustrator":"","book_publish_date_book":"2010-04-30","book_publish_date_ebook":"2010-05-14","book_publish_date_audiobook":null,"book_collection_number":21,"book_pages":0,"book_file":"","book_img":"","books_related":null},"_links":{"self":[{"href":"https:\/\/www.alberdania.net\/eu\/wp-json\/wp\/v2\/product\/2903","targetHints":{"allow":["GET"]}}],"collection":[{"href":"https:\/\/www.alberdania.net\/eu\/wp-json\/wp\/v2\/product"}],"about":[{"href":"https:\/\/www.alberdania.net\/eu\/wp-json\/wp\/v2\/types\/product"}],"wp:featuredmedia":[{"embeddable":true,"href":"https:\/\/www.alberdania.net\/eu\/wp-json\/wp\/v2\/media\/4718"}],"wp:attachment":[{"href":"https:\/\/www.alberdania.net\/eu\/wp-json\/wp\/v2\/media?parent=2903"}],"wp:term":[{"taxonomy":"product_brand","embeddable":true,"href":"https:\/\/www.alberdania.net\/eu\/wp-json\/wp\/v2\/product_brand?post=2903"},{"taxonomy":"product_cat","embeddable":true,"href":"https:\/\/www.alberdania.net\/eu\/wp-json\/wp\/v2\/product_cat?post=2903"},{"taxonomy":"product_tag","embeddable":true,"href":"https:\/\/www.alberdania.net\/eu\/wp-json\/wp\/v2\/product_tag?post=2903"},{"taxonomy":"tax-colections","embeddable":true,"href":"https:\/\/www.alberdania.net\/eu\/wp-json\/wp\/v2\/tax-colections?post=2903"},{"taxonomy":"tax-langs","embeddable":true,"href":"https:\/\/www.alberdania.net\/eu\/wp-json\/wp\/v2\/tax-langs?post=2903"},{"taxonomy":"tax-encuadernacion","embeddable":true,"href":"https:\/\/www.alberdania.net\/eu\/wp-json\/wp\/v2\/tax-encuadernacion?post=2903"},{"taxonomy":"tax-availability","embeddable":true,"href":"https:\/\/www.alberdania.net\/eu\/wp-json\/wp\/v2\/tax-availability?post=2903"}],"curies":[{"name":"wp","href":"https:\/\/api.w.org\/{rel}","templated":true}]}}