{"id":2906,"date":"2023-10-17T13:24:22","date_gmt":"2023-10-17T13:24:22","guid":{"rendered":"https:\/\/berria.alberdania.net\/product\/el-nino-republicano-de-beraun\/"},"modified":"2026-04-14T01:47:26","modified_gmt":"2026-04-13T23:47:26","slug":"el-nino-republicano-de-beraun","status":"publish","type":"product","link":"https:\/\/www.alberdania.net\/eu\/product\/el-nino-republicano-de-beraun\/","title":{"rendered":"El ni\u00f1o republicano de Beraun"},"content":{"rendered":"","protected":false},"excerpt":{"rendered":"<p>La mirada infantil posee el irresistible atractivo de lo primario, de lo elemental. Tal vez sea \u00e9sa la raz\u00f3n por la que tan a menudo nos cautiva con su candorosa lucidez.<br \/>\n\tCuando la realidad que eclosiona ante esa mirada es un hecho de las tr\u00e1gicas magnitudes de la Guerra Civil espa\u00f1ola, esa lucidez infantil \u0096a veces parad\u00f3jica, a veces descarnada, a veces piadosa\u0096 nos coloca certeramente ante nuestra propia realidad como seres humanos, ciudadanos y pueblos.<\/p>\n<p>\tEn este relato memorial\u00edstico escrito a vuelapluma sobre el papel pautado de sus recuerdos infantiles, Jaime Rodr\u00edguez Sal\u00eds sigue la estela trazada por su madre, Dolores Sal\u00eds, en su portentoso libro de memorias Exilios (1936-1945) (2002, Alberdania). Ante los ojos del lector desfilar\u00e1n, en unas ocasiones con minucioso detalle y en otras en elegantes trazos de esbozo pict\u00f3rico, hechos, paisajes y personas que la sinraz\u00f3n de una sublevaci\u00f3n fascista contra la naciente Rep\u00fablica se afan\u00f3 en te\u00f1ir de odio, sangre y dolor.<\/p>\n","protected":false},"featured_media":4712,"template":"","meta":{"_acf_changed":false,"inline_featured_image":false},"product_brand":[],"product_cat":[15],"product_tag":[],"tax-colections":[59,126],"tax-langs":[83],"tax-encuadernacion":[105],"tax-availability":[97],"class_list":{"0":"post-2906","1":"product","2":"type-product","3":"status-publish","4":"has-post-thumbnail","6":"product_cat-sin-categoria","7":"pa_tipo-de-libro-ebook","8":"pa_tipo-de-libro-papel","9":"tax-colections-literatura-para-adultos","10":"tax-colections-alga","11":"tax-langs-castellano","12":"tax-encuadernacion-bolsillo-tapa-blanda","13":"tax-availability-disponible","15":"first","16":"instock","17":"shipping-taxable","18":"purchasable","19":"product-type-variable"},"acf":{"id_gesedi":292,"book_subtitle":"","book_author":261,"book_translator":"","book_illustrator":"","book_publish_date_book":"2009-06-10","book_publish_date_ebook":"2009-12-16","book_publish_date_audiobook":null,"book_collection_number":55,"book_pages":0,"book_file":"","book_img":"","books_related":null},"_links":{"self":[{"href":"https:\/\/www.alberdania.net\/eu\/wp-json\/wp\/v2\/product\/2906","targetHints":{"allow":["GET"]}}],"collection":[{"href":"https:\/\/www.alberdania.net\/eu\/wp-json\/wp\/v2\/product"}],"about":[{"href":"https:\/\/www.alberdania.net\/eu\/wp-json\/wp\/v2\/types\/product"}],"wp:featuredmedia":[{"embeddable":true,"href":"https:\/\/www.alberdania.net\/eu\/wp-json\/wp\/v2\/media\/4712"}],"wp:attachment":[{"href":"https:\/\/www.alberdania.net\/eu\/wp-json\/wp\/v2\/media?parent=2906"}],"wp:term":[{"taxonomy":"product_brand","embeddable":true,"href":"https:\/\/www.alberdania.net\/eu\/wp-json\/wp\/v2\/product_brand?post=2906"},{"taxonomy":"product_cat","embeddable":true,"href":"https:\/\/www.alberdania.net\/eu\/wp-json\/wp\/v2\/product_cat?post=2906"},{"taxonomy":"product_tag","embeddable":true,"href":"https:\/\/www.alberdania.net\/eu\/wp-json\/wp\/v2\/product_tag?post=2906"},{"taxonomy":"tax-colections","embeddable":true,"href":"https:\/\/www.alberdania.net\/eu\/wp-json\/wp\/v2\/tax-colections?post=2906"},{"taxonomy":"tax-langs","embeddable":true,"href":"https:\/\/www.alberdania.net\/eu\/wp-json\/wp\/v2\/tax-langs?post=2906"},{"taxonomy":"tax-encuadernacion","embeddable":true,"href":"https:\/\/www.alberdania.net\/eu\/wp-json\/wp\/v2\/tax-encuadernacion?post=2906"},{"taxonomy":"tax-availability","embeddable":true,"href":"https:\/\/www.alberdania.net\/eu\/wp-json\/wp\/v2\/tax-availability?post=2906"}],"curies":[{"name":"wp","href":"https:\/\/api.w.org\/{rel}","templated":true}]}}