{"id":2907,"date":"2023-10-17T13:24:22","date_gmt":"2023-10-17T13:24:22","guid":{"rendered":"https:\/\/berria.alberdania.net\/product\/derechos-humanos-y-diversidad-religiosa\/"},"modified":"2026-04-14T01:47:47","modified_gmt":"2026-04-13T23:47:47","slug":"derechos-humanos-y-diversidad-religiosa","status":"publish","type":"product","link":"https:\/\/www.alberdania.net\/eu\/product\/derechos-humanos-y-diversidad-religiosa\/","title":{"rendered":"Derechos humanos y diversidad religiosa"},"content":{"rendered":"","protected":false},"excerpt":{"rendered":"<p>La progresiva diversidad en nuestra sociedad plantea continuamente retos para su gesti\u00f3n desde un enfoque de derechos humanos. La igualdad de todas las personas y la protecci\u00f3n de las minor\u00edas ling\u00fc\u00edsticas, culturales, religiosas o de otro tipo se plantea como un elemento necesario e indispensable para garantizar la convivencia y cohesi\u00f3n social en marcos democr\u00e1ticos como el nuestro. Estos elementos se ven reflejados en una forma m\u00e1s clara en cuanto nos referimos a la gesti\u00f3n del espacio p\u00fablico. En este sentido, en los \u00faltimos tiempos, el factor religioso ha cobrado mayor protagonismo en este campo. \u00c9ste es, desde la \u00f3ptica de los derechos humanos, uno de los retos m\u00e1s actuales que se plantea en esta esfera.<\/p>\n","protected":false},"featured_media":4714,"template":"","meta":{"_acf_changed":false,"inline_featured_image":false},"product_brand":[],"product_cat":[15],"product_tag":[],"tax-colections":[59,133],"tax-langs":[83],"tax-encuadernacion":[105],"tax-availability":[97],"class_list":{"0":"post-2907","1":"product","2":"type-product","3":"status-publish","4":"has-post-thumbnail","6":"product_cat-sin-categoria","7":"pa_tipo-de-libro-papel","8":"tax-colections-literatura-para-adultos","9":"tax-colections-giza-eskubideak","10":"tax-langs-castellano","11":"tax-encuadernacion-bolsillo-tapa-blanda","12":"tax-availability-disponible","14":"first","15":"instock","16":"shipping-taxable","17":"purchasable","18":"product-type-variable"},"acf":{"id_gesedi":296,"book_subtitle":"","book_author":244,"book_translator":"","book_illustrator":"","book_publish_date_book":"2010-03-10","book_publish_date_ebook":null,"book_publish_date_audiobook":null,"book_collection_number":16,"book_pages":328,"book_file":"","book_img":"","books_related":null},"_links":{"self":[{"href":"https:\/\/www.alberdania.net\/eu\/wp-json\/wp\/v2\/product\/2907","targetHints":{"allow":["GET"]}}],"collection":[{"href":"https:\/\/www.alberdania.net\/eu\/wp-json\/wp\/v2\/product"}],"about":[{"href":"https:\/\/www.alberdania.net\/eu\/wp-json\/wp\/v2\/types\/product"}],"wp:featuredmedia":[{"embeddable":true,"href":"https:\/\/www.alberdania.net\/eu\/wp-json\/wp\/v2\/media\/4714"}],"wp:attachment":[{"href":"https:\/\/www.alberdania.net\/eu\/wp-json\/wp\/v2\/media?parent=2907"}],"wp:term":[{"taxonomy":"product_brand","embeddable":true,"href":"https:\/\/www.alberdania.net\/eu\/wp-json\/wp\/v2\/product_brand?post=2907"},{"taxonomy":"product_cat","embeddable":true,"href":"https:\/\/www.alberdania.net\/eu\/wp-json\/wp\/v2\/product_cat?post=2907"},{"taxonomy":"product_tag","embeddable":true,"href":"https:\/\/www.alberdania.net\/eu\/wp-json\/wp\/v2\/product_tag?post=2907"},{"taxonomy":"tax-colections","embeddable":true,"href":"https:\/\/www.alberdania.net\/eu\/wp-json\/wp\/v2\/tax-colections?post=2907"},{"taxonomy":"tax-langs","embeddable":true,"href":"https:\/\/www.alberdania.net\/eu\/wp-json\/wp\/v2\/tax-langs?post=2907"},{"taxonomy":"tax-encuadernacion","embeddable":true,"href":"https:\/\/www.alberdania.net\/eu\/wp-json\/wp\/v2\/tax-encuadernacion?post=2907"},{"taxonomy":"tax-availability","embeddable":true,"href":"https:\/\/www.alberdania.net\/eu\/wp-json\/wp\/v2\/tax-availability?post=2907"}],"curies":[{"name":"wp","href":"https:\/\/api.w.org\/{rel}","templated":true}]}}