{"id":2912,"date":"2023-10-17T13:25:14","date_gmt":"2023-10-17T13:25:14","guid":{"rendered":"https:\/\/berria.alberdania.net\/product\/el-camino-de-la-oca\/"},"modified":"2026-04-14T01:51:05","modified_gmt":"2026-04-13T23:51:05","slug":"el-camino-de-la-oca","status":"publish","type":"product","link":"https:\/\/www.alberdania.net\/eu\/product\/el-camino-de-la-oca\/","title":{"rendered":"El camino de la oca"},"content":{"rendered":"","protected":false},"excerpt":{"rendered":"<p>Eli (o Lisa) es una n\u00e1ufraga. Mal que bien, ha podido sobrevivir a su deriva autodestructiva, hasta que una explosi\u00f3n le roba a su \u00fanico hijo, Igor. La soledad que experimenta tras la p\u00e9rdida es terrible, pero a\u00fan m\u00e1s terrible es no haber conocido a su propio hijo. Porque \u00bfqui\u00e9n era Igor en realidad?, \u00bfqu\u00e9 fue lo que lo llev\u00f3 a aquel apartamento de Salou donde s\u00f3lo qued\u00f3 un cad\u00e1ver desmembrado?<\/p>\n<p>\tPero la vida sigue. Lisa se refugia en el trabajo, y es contratada para cuidar de un anciano y de su casa. El hombre guarda un secreto que Lisa ir\u00e1 descubriendo poco a poco, y que tiene que ver con un episodio de la Guerra Civil en la Ribera Navarra. A Lisa sin embargo, sus indagaciones le servir\u00e1n para descubrir las claves de la vida de su hijo.<\/p>\n<p>\tLos personajes cobran especial importancia en esta novela de gran intensidad narrativa. Se trata de una emotiva galer\u00eda de n\u00e1ufragos; los hay de veinte a\u00f1os, de cuarenta y de noventa. Todos ellos son marineros en tierra.<\/p>\n","protected":false},"featured_media":4698,"template":"","meta":{"_acf_changed":false,"inline_featured_image":false},"product_brand":[],"product_cat":[15],"product_tag":[],"tax-colections":[59,126],"tax-langs":[83],"tax-encuadernacion":[105],"tax-availability":[97],"class_list":{"0":"post-2912","1":"product","2":"type-product","3":"status-publish","4":"has-post-thumbnail","6":"product_cat-sin-categoria","7":"pa_tipo-de-libro-ebook","8":"pa_tipo-de-libro-papel","9":"tax-colections-literatura-para-adultos","10":"tax-colections-alga","11":"tax-langs-castellano","12":"tax-encuadernacion-bolsillo-tapa-blanda","13":"tax-availability-disponible","15":"first","16":"instock","17":"shipping-taxable","18":"purchasable","19":"product-type-variable"},"acf":{"id_gesedi":304,"book_subtitle":"","book_author":68,"book_translator":311,"book_illustrator":"","book_publish_date_book":"2008-12-01","book_publish_date_ebook":"2008-11-01","book_publish_date_audiobook":null,"book_collection_number":48,"book_pages":0,"book_file":"","book_img":"","books_related":null},"_links":{"self":[{"href":"https:\/\/www.alberdania.net\/eu\/wp-json\/wp\/v2\/product\/2912","targetHints":{"allow":["GET"]}}],"collection":[{"href":"https:\/\/www.alberdania.net\/eu\/wp-json\/wp\/v2\/product"}],"about":[{"href":"https:\/\/www.alberdania.net\/eu\/wp-json\/wp\/v2\/types\/product"}],"wp:featuredmedia":[{"embeddable":true,"href":"https:\/\/www.alberdania.net\/eu\/wp-json\/wp\/v2\/media\/4698"}],"wp:attachment":[{"href":"https:\/\/www.alberdania.net\/eu\/wp-json\/wp\/v2\/media?parent=2912"}],"wp:term":[{"taxonomy":"product_brand","embeddable":true,"href":"https:\/\/www.alberdania.net\/eu\/wp-json\/wp\/v2\/product_brand?post=2912"},{"taxonomy":"product_cat","embeddable":true,"href":"https:\/\/www.alberdania.net\/eu\/wp-json\/wp\/v2\/product_cat?post=2912"},{"taxonomy":"product_tag","embeddable":true,"href":"https:\/\/www.alberdania.net\/eu\/wp-json\/wp\/v2\/product_tag?post=2912"},{"taxonomy":"tax-colections","embeddable":true,"href":"https:\/\/www.alberdania.net\/eu\/wp-json\/wp\/v2\/tax-colections?post=2912"},{"taxonomy":"tax-langs","embeddable":true,"href":"https:\/\/www.alberdania.net\/eu\/wp-json\/wp\/v2\/tax-langs?post=2912"},{"taxonomy":"tax-encuadernacion","embeddable":true,"href":"https:\/\/www.alberdania.net\/eu\/wp-json\/wp\/v2\/tax-encuadernacion?post=2912"},{"taxonomy":"tax-availability","embeddable":true,"href":"https:\/\/www.alberdania.net\/eu\/wp-json\/wp\/v2\/tax-availability?post=2912"}],"curies":[{"name":"wp","href":"https:\/\/api.w.org\/{rel}","templated":true}]}}