{"id":2913,"date":"2023-10-17T13:25:14","date_gmt":"2023-10-17T13:25:14","guid":{"rendered":"https:\/\/berria.alberdania.net\/product\/cuaderno-boliviano\/"},"modified":"2026-05-15T01:51:00","modified_gmt":"2026-05-14T23:51:00","slug":"cuaderno-boliviano","status":"publish","type":"product","link":"https:\/\/www.alberdania.net\/eu\/product\/cuaderno-boliviano\/","title":{"rendered":"Cuaderno boliviano"},"content":{"rendered":"","protected":false},"excerpt":{"rendered":"<p>Cuaderno boliviano es la cr\u00f3nica e impresiones de un viaje por una Bolivia convulsa, laber\u00edntica, hecha avispero . Cr\u00f3nica y cuaderno de campo de un viaje a un pa\u00eds multi\u00e9tnico, pluiriracial y pluricultural a la fuerza, y de la errancia por esa ciudad, La Paz, en la que en una misma ma\u00f1ana te tropiezas con un entierro, una procesi\u00f3n, un desfile militar y una manifestaci\u00f3n que huele a p\u00f3lvora.<\/p>\n","protected":false},"featured_media":4700,"template":"","meta":{"_acf_changed":false,"inline_featured_image":false},"product_brand":[],"product_cat":[15],"product_tag":[],"tax-colections":[59,126],"tax-langs":[83],"tax-encuadernacion":[105],"tax-availability":[97],"class_list":{"0":"post-2913","1":"product","2":"type-product","3":"status-publish","4":"has-post-thumbnail","6":"product_cat-sin-categoria","7":"pa_tipo-de-libro-papel","8":"tax-colections-literatura-para-adultos","9":"tax-colections-alga","10":"tax-langs-castellano","11":"tax-encuadernacion-bolsillo-tapa-blanda","12":"tax-availability-disponible","14":"first","15":"instock","16":"shipping-taxable","17":"purchasable","18":"product-type-variable"},"acf":{"id_gesedi":303,"book_subtitle":"","book_author":59,"book_translator":"","book_illustrator":"","book_publish_date_book":"2008-11-01","book_publish_date_ebook":null,"book_publish_date_audiobook":null,"book_collection_number":47,"book_pages":272,"book_file":"","book_img":"","books_related":null},"_links":{"self":[{"href":"https:\/\/www.alberdania.net\/eu\/wp-json\/wp\/v2\/product\/2913","targetHints":{"allow":["GET"]}}],"collection":[{"href":"https:\/\/www.alberdania.net\/eu\/wp-json\/wp\/v2\/product"}],"about":[{"href":"https:\/\/www.alberdania.net\/eu\/wp-json\/wp\/v2\/types\/product"}],"wp:featuredmedia":[{"embeddable":true,"href":"https:\/\/www.alberdania.net\/eu\/wp-json\/wp\/v2\/media\/4700"}],"wp:attachment":[{"href":"https:\/\/www.alberdania.net\/eu\/wp-json\/wp\/v2\/media?parent=2913"}],"wp:term":[{"taxonomy":"product_brand","embeddable":true,"href":"https:\/\/www.alberdania.net\/eu\/wp-json\/wp\/v2\/product_brand?post=2913"},{"taxonomy":"product_cat","embeddable":true,"href":"https:\/\/www.alberdania.net\/eu\/wp-json\/wp\/v2\/product_cat?post=2913"},{"taxonomy":"product_tag","embeddable":true,"href":"https:\/\/www.alberdania.net\/eu\/wp-json\/wp\/v2\/product_tag?post=2913"},{"taxonomy":"tax-colections","embeddable":true,"href":"https:\/\/www.alberdania.net\/eu\/wp-json\/wp\/v2\/tax-colections?post=2913"},{"taxonomy":"tax-langs","embeddable":true,"href":"https:\/\/www.alberdania.net\/eu\/wp-json\/wp\/v2\/tax-langs?post=2913"},{"taxonomy":"tax-encuadernacion","embeddable":true,"href":"https:\/\/www.alberdania.net\/eu\/wp-json\/wp\/v2\/tax-encuadernacion?post=2913"},{"taxonomy":"tax-availability","embeddable":true,"href":"https:\/\/www.alberdania.net\/eu\/wp-json\/wp\/v2\/tax-availability?post=2913"}],"curies":[{"name":"wp","href":"https:\/\/api.w.org\/{rel}","templated":true}]}}