{"id":2925,"date":"2023-10-17T13:27:55","date_gmt":"2023-10-17T13:27:55","guid":{"rendered":"https:\/\/berria.alberdania.net\/product\/manchas\/"},"modified":"2026-04-21T01:52:37","modified_gmt":"2026-04-20T23:52:37","slug":"manchas","status":"publish","type":"product","link":"https:\/\/www.alberdania.net\/eu\/product\/manchas\/","title":{"rendered":"Manchas"},"content":{"rendered":"","protected":false},"excerpt":{"rendered":"<p>Recopilaci\u00f3n de 25 reproducciones a tama\u00f1o natural de manchas o cuadros de peque\u00f1o tama\u00f1o del pintor Jos\u00e9 Sal\u00eds, contempor\u00e1neo y amigo de Joaqu\u00edn Sorolla, quien lo retrat\u00f3 en un cuadro reproducido en el libro. Dolores Sal\u00eds y Jaime Rodr\u00edguez Sal\u00eds (hija y el nieto del artista) trazan, en sendos textos, su perfil humano, y el escritor Anjel Lertxundi glosa la po\u00e9tica del pintor. \\0\\0<\/p>\n","protected":false},"featured_media":4678,"template":"","meta":{"_acf_changed":false,"inline_featured_image":false},"product_brand":[],"product_cat":[15],"product_tag":[],"tax-colections":[59,137],"tax-langs":[83],"tax-encuadernacion":[105],"tax-availability":[97],"class_list":{"0":"post-2925","1":"product","2":"type-product","3":"status-publish","4":"has-post-thumbnail","6":"product_cat-sin-categoria","7":"pa_tipo-de-libro-papel","8":"tax-colections-literatura-para-adultos","9":"tax-colections-arte-liburuak","10":"tax-langs-castellano","11":"tax-encuadernacion-bolsillo-tapa-blanda","12":"tax-availability-disponible","14":"first","15":"instock","16":"shipping-taxable","17":"purchasable","18":"product-type-variable"},"acf":{"id_gesedi":327,"book_subtitle":"","book_author":79,"book_translator":"","book_illustrator":377,"book_publish_date_book":"2003-06-30","book_publish_date_ebook":null,"book_publish_date_audiobook":null,"book_collection_number":0,"book_pages":32,"book_file":"","book_img":"","books_related":null},"_links":{"self":[{"href":"https:\/\/www.alberdania.net\/eu\/wp-json\/wp\/v2\/product\/2925","targetHints":{"allow":["GET"]}}],"collection":[{"href":"https:\/\/www.alberdania.net\/eu\/wp-json\/wp\/v2\/product"}],"about":[{"href":"https:\/\/www.alberdania.net\/eu\/wp-json\/wp\/v2\/types\/product"}],"wp:featuredmedia":[{"embeddable":true,"href":"https:\/\/www.alberdania.net\/eu\/wp-json\/wp\/v2\/media\/4678"}],"wp:attachment":[{"href":"https:\/\/www.alberdania.net\/eu\/wp-json\/wp\/v2\/media?parent=2925"}],"wp:term":[{"taxonomy":"product_brand","embeddable":true,"href":"https:\/\/www.alberdania.net\/eu\/wp-json\/wp\/v2\/product_brand?post=2925"},{"taxonomy":"product_cat","embeddable":true,"href":"https:\/\/www.alberdania.net\/eu\/wp-json\/wp\/v2\/product_cat?post=2925"},{"taxonomy":"product_tag","embeddable":true,"href":"https:\/\/www.alberdania.net\/eu\/wp-json\/wp\/v2\/product_tag?post=2925"},{"taxonomy":"tax-colections","embeddable":true,"href":"https:\/\/www.alberdania.net\/eu\/wp-json\/wp\/v2\/tax-colections?post=2925"},{"taxonomy":"tax-langs","embeddable":true,"href":"https:\/\/www.alberdania.net\/eu\/wp-json\/wp\/v2\/tax-langs?post=2925"},{"taxonomy":"tax-encuadernacion","embeddable":true,"href":"https:\/\/www.alberdania.net\/eu\/wp-json\/wp\/v2\/tax-encuadernacion?post=2925"},{"taxonomy":"tax-availability","embeddable":true,"href":"https:\/\/www.alberdania.net\/eu\/wp-json\/wp\/v2\/tax-availability?post=2925"}],"curies":[{"name":"wp","href":"https:\/\/api.w.org\/{rel}","templated":true}]}}