{"id":2927,"date":"2023-10-17T13:28:06","date_gmt":"2023-10-17T13:28:06","guid":{"rendered":"https:\/\/berria.alberdania.net\/product\/cinco-escritores-vascos\/"},"modified":"2026-04-14T01:55:34","modified_gmt":"2026-04-13T23:55:34","slug":"cinco-escritores-vascos","status":"publish","type":"product","link":"https:\/\/www.alberdania.net\/eu\/product\/cinco-escritores-vascos\/","title":{"rendered":"Cinco escritores vascos"},"content":{"rendered":"","protected":false},"excerpt":{"rendered":"<p>Cuando llega el momento, es preciso hacer callar toda m\u00fasica y escuchar el silencio. Con toda atenci\u00f3n. Especialmente si cuanto nos llega es estr\u00e9pito, m\u00e1s que verdadera m\u00fasica. Es necesario que cese todo ruido al instante, si se desea comenzar de nuevo a o\u00edr con plena consciencia. Eso querr\u00eda ser, al menos, este libro: silencio. Un alto en medio del estr\u00e9pito, antes de seguir adelante. Una pausa. Nada m\u00e1s. Quedan recogidas aqu\u00ed cinco entrevistas con otros tantos escritores vascos, solistas, todos ellos, de una orquesta m\u00e1s amplia. Sabemos que, sin ellos, no sonar\u00eda igual la m\u00fasica de la literatura en lengua vasca del final del siglo XX, ni tampoco la de estos inicios del XXI. Sabemos que, sin los libros de estos cinco escritores no habr\u00edamos llegado hasta aqu\u00ed. Se trata de las opiniones de cinco escritores, presentadas en orden alfab\u00e9tico inverso: Sarrionandia, Saizarbitoria, Lertxundi, Izagirre y Atxaga. Tal cual.<\/p>\n","protected":false},"featured_media":4672,"template":"","meta":{"_acf_changed":false,"inline_featured_image":false},"product_brand":[],"product_cat":[15],"product_tag":[],"tax-colections":[59,125],"tax-langs":[83],"tax-encuadernacion":[105],"tax-availability":[97],"class_list":{"0":"post-2927","1":"product","2":"type-product","3":"status-publish","4":"has-post-thumbnail","6":"product_cat-sin-categoria","7":"pa_tipo-de-libro-papel","8":"tax-colections-literatura-para-adultos","9":"tax-colections-saiakera","10":"tax-langs-castellano","11":"tax-encuadernacion-bolsillo-tapa-blanda","12":"tax-availability-disponible","14":"first","15":"instock","16":"shipping-taxable","17":"purchasable","18":"product-type-variable"},"acf":{"id_gesedi":332,"book_subtitle":"entgrevistas de Hasier Etxeberria","book_author":225,"book_translator":311,"book_illustrator":"","book_publish_date_book":"2002-11-29","book_publish_date_ebook":null,"book_publish_date_audiobook":null,"book_collection_number":23,"book_pages":392,"book_file":"","book_img":"","books_related":null},"_links":{"self":[{"href":"https:\/\/www.alberdania.net\/eu\/wp-json\/wp\/v2\/product\/2927","targetHints":{"allow":["GET"]}}],"collection":[{"href":"https:\/\/www.alberdania.net\/eu\/wp-json\/wp\/v2\/product"}],"about":[{"href":"https:\/\/www.alberdania.net\/eu\/wp-json\/wp\/v2\/types\/product"}],"wp:featuredmedia":[{"embeddable":true,"href":"https:\/\/www.alberdania.net\/eu\/wp-json\/wp\/v2\/media\/4672"}],"wp:attachment":[{"href":"https:\/\/www.alberdania.net\/eu\/wp-json\/wp\/v2\/media?parent=2927"}],"wp:term":[{"taxonomy":"product_brand","embeddable":true,"href":"https:\/\/www.alberdania.net\/eu\/wp-json\/wp\/v2\/product_brand?post=2927"},{"taxonomy":"product_cat","embeddable":true,"href":"https:\/\/www.alberdania.net\/eu\/wp-json\/wp\/v2\/product_cat?post=2927"},{"taxonomy":"product_tag","embeddable":true,"href":"https:\/\/www.alberdania.net\/eu\/wp-json\/wp\/v2\/product_tag?post=2927"},{"taxonomy":"tax-colections","embeddable":true,"href":"https:\/\/www.alberdania.net\/eu\/wp-json\/wp\/v2\/tax-colections?post=2927"},{"taxonomy":"tax-langs","embeddable":true,"href":"https:\/\/www.alberdania.net\/eu\/wp-json\/wp\/v2\/tax-langs?post=2927"},{"taxonomy":"tax-encuadernacion","embeddable":true,"href":"https:\/\/www.alberdania.net\/eu\/wp-json\/wp\/v2\/tax-encuadernacion?post=2927"},{"taxonomy":"tax-availability","embeddable":true,"href":"https:\/\/www.alberdania.net\/eu\/wp-json\/wp\/v2\/tax-availability?post=2927"}],"curies":[{"name":"wp","href":"https:\/\/api.w.org\/{rel}","templated":true}]}}