{"id":2931,"date":"2023-10-17T13:28:57","date_gmt":"2023-10-17T13:28:57","guid":{"rendered":"https:\/\/berria.alberdania.net\/product\/desde-mis-ruedas\/"},"modified":"2026-04-14T01:55:47","modified_gmt":"2026-04-13T23:55:47","slug":"desde-mis-ruedas","status":"publish","type":"product","link":"https:\/\/www.alberdania.net\/eu\/product\/desde-mis-ruedas\/","title":{"rendered":"Desde mis ruedas"},"content":{"rendered":"","protected":false},"excerpt":{"rendered":"<p>A menudo la vida se filtra entre nuestros dedos, caprichosa como el agua. Como el agua, desde\u00f1a las redes con que el humano animal se afana en capturar las criaturas que acoge en su seno. Como el agua, sabe recogerse en el regazo de quien acierta a amoldarse a su fluir eterno. Y eso es lo que Asun Balzola logra con sus pinceles y con su pluma. Su po\u00e9tica, tanto gr\u00e1fica como literaria, posee el vigor del artista resuelto a pasar por encima de cualquier pauta can\u00f3nica de g\u00e9neros y registros con un solo objetivo: narrar con verdad, narrar con pasi\u00f3n. En Desde mis ruedas, Balzola se al\u00eda, indistinta y a veces simult\u00e1neamente, con las formas memorial\u00edsticas y con la ficci\u00f3n pura; con el retrato de \u00e9pocas y personajes y con la observaci\u00f3n mordaz del entorno. Y, siempre, con un poso de humor, sereno, s\u00ed, pero ciertamente penetrante.<\/p>\n","protected":false},"featured_media":4667,"template":"","meta":{"_acf_changed":false,"inline_featured_image":false},"product_brand":[],"product_cat":[15],"product_tag":[],"tax-colections":[59,126],"tax-langs":[83],"tax-encuadernacion":[105],"tax-availability":[97],"class_list":{"0":"post-2931","1":"product","2":"type-product","3":"status-publish","4":"has-post-thumbnail","6":"product_cat-sin-categoria","7":"pa_tipo-de-libro-papel","8":"tax-colections-literatura-para-adultos","9":"tax-colections-alga","10":"tax-langs-castellano","11":"tax-encuadernacion-bolsillo-tapa-blanda","12":"tax-availability-disponible","14":"first","15":"instock","16":"shipping-taxable","17":"purchasable","18":"product-type-variable"},"acf":{"id_gesedi":334,"book_subtitle":"","book_author":241,"book_translator":"","book_illustrator":"","book_publish_date_book":"2002-03-22","book_publish_date_ebook":null,"book_publish_date_audiobook":null,"book_collection_number":5,"book_pages":120,"book_file":"","book_img":"","books_related":null},"_links":{"self":[{"href":"https:\/\/www.alberdania.net\/eu\/wp-json\/wp\/v2\/product\/2931","targetHints":{"allow":["GET"]}}],"collection":[{"href":"https:\/\/www.alberdania.net\/eu\/wp-json\/wp\/v2\/product"}],"about":[{"href":"https:\/\/www.alberdania.net\/eu\/wp-json\/wp\/v2\/types\/product"}],"wp:featuredmedia":[{"embeddable":true,"href":"https:\/\/www.alberdania.net\/eu\/wp-json\/wp\/v2\/media\/4667"}],"wp:attachment":[{"href":"https:\/\/www.alberdania.net\/eu\/wp-json\/wp\/v2\/media?parent=2931"}],"wp:term":[{"taxonomy":"product_brand","embeddable":true,"href":"https:\/\/www.alberdania.net\/eu\/wp-json\/wp\/v2\/product_brand?post=2931"},{"taxonomy":"product_cat","embeddable":true,"href":"https:\/\/www.alberdania.net\/eu\/wp-json\/wp\/v2\/product_cat?post=2931"},{"taxonomy":"product_tag","embeddable":true,"href":"https:\/\/www.alberdania.net\/eu\/wp-json\/wp\/v2\/product_tag?post=2931"},{"taxonomy":"tax-colections","embeddable":true,"href":"https:\/\/www.alberdania.net\/eu\/wp-json\/wp\/v2\/tax-colections?post=2931"},{"taxonomy":"tax-langs","embeddable":true,"href":"https:\/\/www.alberdania.net\/eu\/wp-json\/wp\/v2\/tax-langs?post=2931"},{"taxonomy":"tax-encuadernacion","embeddable":true,"href":"https:\/\/www.alberdania.net\/eu\/wp-json\/wp\/v2\/tax-encuadernacion?post=2931"},{"taxonomy":"tax-availability","embeddable":true,"href":"https:\/\/www.alberdania.net\/eu\/wp-json\/wp\/v2\/tax-availability?post=2931"}],"curies":[{"name":"wp","href":"https:\/\/api.w.org\/{rel}","templated":true}]}}