{"id":2937,"date":"2023-10-17T13:29:23","date_gmt":"2023-10-17T13:29:23","guid":{"rendered":"https:\/\/berria.alberdania.net\/product\/el-huesped-de-la-noche\/"},"modified":"2026-05-12T01:56:28","modified_gmt":"2026-05-11T23:56:28","slug":"el-huesped-de-la-noche","status":"publish","type":"product","link":"https:\/\/www.alberdania.net\/eu\/product\/el-huesped-de-la-noche\/","title":{"rendered":"El hu\u00e9sped de la noche"},"content":{"rendered":"","protected":false},"excerpt":{"rendered":"<p>Unos personajes en el arrabal de la historia; la intervenci\u00f3n, inquietante siempre, de lo sobrenatural, lo extra\u00f1o o lo cotidiano, al dictado de lo imprevisible; una escritura que, adem\u00e1s de atender al placer de narrar, deja que los personajes y las historias caminen con total autonom\u00eda por \u00abesos caminos que hace tiempo dejaron de ser de Dios\u00bb. Vidas sin m\u00e1s norte que el sentimiento, mirada distanciada, lenguaje \u00e1gil y preciso: he aqu\u00ed el modo, libre, reconfortante, de acceder al milagro literario de esta novela, tan s\u00f3lida en su arquitectura como f\u00e9rtil en la imaginer\u00eda que la habita.<\/p>\n","protected":false},"featured_media":4659,"template":"","meta":{"_acf_changed":false,"inline_featured_image":false},"product_brand":[],"product_cat":[15],"product_tag":[],"tax-colections":[59,126],"tax-langs":[83],"tax-encuadernacion":[105],"tax-availability":[97],"class_list":{"0":"post-2937","1":"product","2":"type-product","3":"status-publish","4":"has-post-thumbnail","6":"product_cat-sin-categoria","7":"pa_tipo-de-libro-papel","8":"tax-colections-literatura-para-adultos","9":"tax-colections-alga","10":"tax-langs-castellano","11":"tax-encuadernacion-bolsillo-tapa-blanda","12":"tax-availability-disponible","14":"first","15":"instock","16":"shipping-taxable","17":"purchasable","18":"product-type-variable"},"acf":{"id_gesedi":341,"book_subtitle":"","book_author":79,"book_translator":311,"book_illustrator":"","book_publish_date_book":"2001-01-25","book_publish_date_ebook":null,"book_publish_date_audiobook":null,"book_collection_number":2,"book_pages":136,"book_file":"","book_img":"","books_related":null},"_links":{"self":[{"href":"https:\/\/www.alberdania.net\/eu\/wp-json\/wp\/v2\/product\/2937","targetHints":{"allow":["GET"]}}],"collection":[{"href":"https:\/\/www.alberdania.net\/eu\/wp-json\/wp\/v2\/product"}],"about":[{"href":"https:\/\/www.alberdania.net\/eu\/wp-json\/wp\/v2\/types\/product"}],"wp:featuredmedia":[{"embeddable":true,"href":"https:\/\/www.alberdania.net\/eu\/wp-json\/wp\/v2\/media\/4659"}],"wp:attachment":[{"href":"https:\/\/www.alberdania.net\/eu\/wp-json\/wp\/v2\/media?parent=2937"}],"wp:term":[{"taxonomy":"product_brand","embeddable":true,"href":"https:\/\/www.alberdania.net\/eu\/wp-json\/wp\/v2\/product_brand?post=2937"},{"taxonomy":"product_cat","embeddable":true,"href":"https:\/\/www.alberdania.net\/eu\/wp-json\/wp\/v2\/product_cat?post=2937"},{"taxonomy":"product_tag","embeddable":true,"href":"https:\/\/www.alberdania.net\/eu\/wp-json\/wp\/v2\/product_tag?post=2937"},{"taxonomy":"tax-colections","embeddable":true,"href":"https:\/\/www.alberdania.net\/eu\/wp-json\/wp\/v2\/tax-colections?post=2937"},{"taxonomy":"tax-langs","embeddable":true,"href":"https:\/\/www.alberdania.net\/eu\/wp-json\/wp\/v2\/tax-langs?post=2937"},{"taxonomy":"tax-encuadernacion","embeddable":true,"href":"https:\/\/www.alberdania.net\/eu\/wp-json\/wp\/v2\/tax-encuadernacion?post=2937"},{"taxonomy":"tax-availability","embeddable":true,"href":"https:\/\/www.alberdania.net\/eu\/wp-json\/wp\/v2\/tax-availability?post=2937"}],"curies":[{"name":"wp","href":"https:\/\/api.w.org\/{rel}","templated":true}]}}