{"id":2943,"date":"2023-10-17T13:29:39","date_gmt":"2023-10-17T13:29:39","guid":{"rendered":"https:\/\/berria.alberdania.net\/product\/casa-provincia-rey\/"},"modified":"2026-03-31T01:57:00","modified_gmt":"2026-03-30T23:57:00","slug":"casa-provincia-rey","status":"publish","type":"product","link":"https:\/\/www.alberdania.net\/eu\/product\/casa-provincia-rey\/","title":{"rendered":"Casa, Provincia, Rey"},"content":{"rendered":"","protected":false},"excerpt":{"rendered":"<p>\u00bfQu\u00e9 ocurre en una sociedad para que en ella arraiguen culturas tan antag\u00f3nicas que no pueden vivir juntas? La vieja sociedad vasca lleg\u00f3 a esta situaci\u00f3n cr\u00edtica en el siglo XIX e intent\u00f3 dirimirla mediante sangrientas guerras civiles: indagar c\u00f3mo los vascos se escindieron en comunidades enemigas es el objetivo de este libro.<\/p>\n","protected":false},"featured_media":4653,"template":"","meta":{"_acf_changed":false,"inline_featured_image":false},"product_brand":[],"product_cat":[15],"product_tag":[],"tax-colections":[59,125],"tax-langs":[83],"tax-encuadernacion":[105],"tax-availability":[97],"class_list":{"0":"post-2943","1":"product","2":"type-product","3":"status-publish","4":"has-post-thumbnail","6":"product_cat-sin-categoria","7":"pa_tipo-de-libro-papel","8":"tax-colections-literatura-para-adultos","9":"tax-colections-saiakera","10":"tax-langs-castellano","11":"tax-encuadernacion-bolsillo-tapa-blanda","12":"tax-availability-disponible","14":"first","15":"instock","16":"shipping-taxable","17":"purchasable","18":"product-type-variable"},"acf":{"id_gesedi":344,"book_subtitle":"para una historia de la cultura del poder en el Pa\u00eds Vasco","book_author":226,"book_translator":"","book_illustrator":"","book_publish_date_book":"1993-11-01","book_publish_date_ebook":null,"book_publish_date_audiobook":null,"book_collection_number":3,"book_pages":415,"book_file":"","book_img":"","books_related":null},"_links":{"self":[{"href":"https:\/\/www.alberdania.net\/eu\/wp-json\/wp\/v2\/product\/2943","targetHints":{"allow":["GET"]}}],"collection":[{"href":"https:\/\/www.alberdania.net\/eu\/wp-json\/wp\/v2\/product"}],"about":[{"href":"https:\/\/www.alberdania.net\/eu\/wp-json\/wp\/v2\/types\/product"}],"wp:featuredmedia":[{"embeddable":true,"href":"https:\/\/www.alberdania.net\/eu\/wp-json\/wp\/v2\/media\/4653"}],"wp:attachment":[{"href":"https:\/\/www.alberdania.net\/eu\/wp-json\/wp\/v2\/media?parent=2943"}],"wp:term":[{"taxonomy":"product_brand","embeddable":true,"href":"https:\/\/www.alberdania.net\/eu\/wp-json\/wp\/v2\/product_brand?post=2943"},{"taxonomy":"product_cat","embeddable":true,"href":"https:\/\/www.alberdania.net\/eu\/wp-json\/wp\/v2\/product_cat?post=2943"},{"taxonomy":"product_tag","embeddable":true,"href":"https:\/\/www.alberdania.net\/eu\/wp-json\/wp\/v2\/product_tag?post=2943"},{"taxonomy":"tax-colections","embeddable":true,"href":"https:\/\/www.alberdania.net\/eu\/wp-json\/wp\/v2\/tax-colections?post=2943"},{"taxonomy":"tax-langs","embeddable":true,"href":"https:\/\/www.alberdania.net\/eu\/wp-json\/wp\/v2\/tax-langs?post=2943"},{"taxonomy":"tax-encuadernacion","embeddable":true,"href":"https:\/\/www.alberdania.net\/eu\/wp-json\/wp\/v2\/tax-encuadernacion?post=2943"},{"taxonomy":"tax-availability","embeddable":true,"href":"https:\/\/www.alberdania.net\/eu\/wp-json\/wp\/v2\/tax-availability?post=2943"}],"curies":[{"name":"wp","href":"https:\/\/api.w.org\/{rel}","templated":true}]}}