{"id":2972,"date":"2023-10-17T13:31:16","date_gmt":"2023-10-17T13:31:16","guid":{"rendered":"https:\/\/berria.alberdania.net\/product\/monte-arriba-los-vascos\/"},"modified":"2026-04-21T02:01:02","modified_gmt":"2026-04-21T00:01:02","slug":"monte-arriba-los-vascos","status":"publish","type":"product","link":"https:\/\/www.alberdania.net\/eu\/product\/monte-arriba-los-vascos\/","title":{"rendered":"Monte arriba, \u00a1los vascos!"},"content":{"rendered":"","protected":false},"excerpt":{"rendered":"<p>El eje de esta novela es el humor. Un humor tratado con la mayor destreza literaria, estilo \u00e1gil, renovador de las normas del g\u00e9nero. Pero, sobre todo, a\u00f1ade a ello la cacter\u00edstica nada despreciable de haberse convertido en uno de los libros de mayor \u00e9xito en toda la historia de la literatura en lengua vasca. Cabe a\u00f1adir, por otra parte, que ha sido adaptada ya para el cine y  lo esta siendo para televisi\u00f3n.<\/p>\n<p>\tEl personaje, un urbanita que acude a un caser\u00edo para completar su aprendizaje del euskera,descubre, m\u00e1s all\u00e1 de una lengua viva y considerablemente distinta a la que le han ense\u00f1ado, una sociedad y un modo de vida cuyas reglas y entresijos desconoce radicalmente. El choque, obviamente, es brutal\u0085 y desternillante.<\/p>\n<p>\tEstamos ante una novela considerada unanimemente como el espejo de toda una generaci\u00f3n llevado a la literatura sin la menor carga de complejos.<\/p>\n<p>\tDe la misma manera, la novela de Sagastizabal constituye una afable v\u00eda de aproximaci\u00f3n a un pa\u00eds en el que el humor, por parad\u00f3jico que pueda parecer, es uno de los hilos conductores de la vida cotidiana.<\/p>\n","protected":false},"featured_media":4629,"template":"","meta":{"_acf_changed":false,"inline_featured_image":false},"product_brand":[],"product_cat":[15],"product_tag":[],"tax-colections":[59,126],"tax-langs":[83],"tax-encuadernacion":[105],"tax-availability":[97],"class_list":{"0":"post-2972","1":"product","2":"type-product","3":"status-publish","4":"has-post-thumbnail","6":"product_cat-sin-categoria","7":"pa_tipo-de-libro-papel","8":"tax-colections-literatura-para-adultos","9":"tax-colections-alga","10":"tax-langs-castellano","11":"tax-encuadernacion-bolsillo-tapa-blanda","12":"tax-availability-disponible","14":"first","15":"instock","16":"shipping-taxable","17":"purchasable","18":"product-type-variable"},"acf":{"id_gesedi":361,"book_subtitle":"","book_author":61,"book_translator":"","book_illustrator":"","book_publish_date_book":"2007-12-01","book_publish_date_ebook":null,"book_publish_date_audiobook":null,"book_collection_number":48,"book_pages":120,"book_file":"","book_img":"","books_related":null},"_links":{"self":[{"href":"https:\/\/www.alberdania.net\/eu\/wp-json\/wp\/v2\/product\/2972","targetHints":{"allow":["GET"]}}],"collection":[{"href":"https:\/\/www.alberdania.net\/eu\/wp-json\/wp\/v2\/product"}],"about":[{"href":"https:\/\/www.alberdania.net\/eu\/wp-json\/wp\/v2\/types\/product"}],"wp:featuredmedia":[{"embeddable":true,"href":"https:\/\/www.alberdania.net\/eu\/wp-json\/wp\/v2\/media\/4629"}],"wp:attachment":[{"href":"https:\/\/www.alberdania.net\/eu\/wp-json\/wp\/v2\/media?parent=2972"}],"wp:term":[{"taxonomy":"product_brand","embeddable":true,"href":"https:\/\/www.alberdania.net\/eu\/wp-json\/wp\/v2\/product_brand?post=2972"},{"taxonomy":"product_cat","embeddable":true,"href":"https:\/\/www.alberdania.net\/eu\/wp-json\/wp\/v2\/product_cat?post=2972"},{"taxonomy":"product_tag","embeddable":true,"href":"https:\/\/www.alberdania.net\/eu\/wp-json\/wp\/v2\/product_tag?post=2972"},{"taxonomy":"tax-colections","embeddable":true,"href":"https:\/\/www.alberdania.net\/eu\/wp-json\/wp\/v2\/tax-colections?post=2972"},{"taxonomy":"tax-langs","embeddable":true,"href":"https:\/\/www.alberdania.net\/eu\/wp-json\/wp\/v2\/tax-langs?post=2972"},{"taxonomy":"tax-encuadernacion","embeddable":true,"href":"https:\/\/www.alberdania.net\/eu\/wp-json\/wp\/v2\/tax-encuadernacion?post=2972"},{"taxonomy":"tax-availability","embeddable":true,"href":"https:\/\/www.alberdania.net\/eu\/wp-json\/wp\/v2\/tax-availability?post=2972"}],"curies":[{"name":"wp","href":"https:\/\/api.w.org\/{rel}","templated":true}]}}