{"id":2976,"date":"2023-10-17T13:31:30","date_gmt":"2023-10-17T13:31:30","guid":{"rendered":"https:\/\/berria.alberdania.net\/product\/por-el-mundo\/"},"modified":"2026-04-14T02:01:20","modified_gmt":"2026-04-14T00:01:20","slug":"por-el-mundo","status":"publish","type":"product","link":"https:\/\/www.alberdania.net\/eu\/product\/por-el-mundo\/","title":{"rendered":"Por el mundo"},"content":{"rendered":"","protected":false},"excerpt":{"rendered":"<p>No he escrito estas memorias por suponer que lo que tenga que contar acerca de m\u00ed mismo sea de gran importancia para el Universo Mundo, sino porque estoy convencido de que todos somos narradores, y pienso que todos deber\u00edamos dejar constancia de nuestro paso por esta vida.<\/p>\n<p>\tEn mi caso, sospecho que en este libro importan varias cosas: el recuerdo de una infancia vivida en armon\u00eda con mi entorno; la destrucci\u00f3n de aquella armon\u00eda y el descentramiento producidos por el exilio consecuencia de la Guerra Civil; la relaci\u00f3n entre ese exilio y el de tantos de los miles de espa\u00f1oles desterrados, particularmente en M\u00e9xico; el trotamundismo que me caracteriz\u00f3 durante muchos a\u00f1os. En \u00faltima instancia, tal vez lo que est\u00e1 aqu\u00ed en juego sea la cuesti\u00f3n de \u0093la identidad\u0094, asunto hoy tan tra\u00eddo y llevado por quienes teorizan sobre exilios y emigraciones.<\/p>\n<p>\tPor todo ello me importa que lo escrito aqu\u00ed se publique precisamente a la vuelta de la esquina de la calle en que nac\u00ed.<\/p>\n<p>\tC.B.A.<\/p>\n","protected":false},"featured_media":4625,"template":"","meta":{"_acf_changed":false,"inline_featured_image":false},"product_brand":[],"product_cat":[15],"product_tag":[],"tax-colections":[59,126],"tax-langs":[83],"tax-encuadernacion":[105],"tax-availability":[97],"class_list":{"0":"post-2976","1":"product","2":"type-product","3":"status-publish","4":"has-post-thumbnail","6":"product_cat-sin-categoria","7":"pa_tipo-de-libro-ebook","8":"pa_tipo-de-libro-papel","9":"tax-colections-literatura-para-adultos","10":"tax-colections-alga","11":"tax-langs-castellano","12":"tax-encuadernacion-bolsillo-tapa-blanda","13":"tax-availability-disponible","15":"first","16":"instock","17":"shipping-taxable","18":"purchasable","19":"product-type-variable"},"acf":{"id_gesedi":364,"book_subtitle":"infancia, guerra y principio de un exilio afortunado","book_author":135,"book_translator":"","book_illustrator":"","book_publish_date_book":"2007-03-01","book_publish_date_ebook":"2007-05-16","book_publish_date_audiobook":null,"book_collection_number":38,"book_pages":0,"book_file":"","book_img":"","books_related":null},"_links":{"self":[{"href":"https:\/\/www.alberdania.net\/eu\/wp-json\/wp\/v2\/product\/2976","targetHints":{"allow":["GET"]}}],"collection":[{"href":"https:\/\/www.alberdania.net\/eu\/wp-json\/wp\/v2\/product"}],"about":[{"href":"https:\/\/www.alberdania.net\/eu\/wp-json\/wp\/v2\/types\/product"}],"wp:featuredmedia":[{"embeddable":true,"href":"https:\/\/www.alberdania.net\/eu\/wp-json\/wp\/v2\/media\/4625"}],"wp:attachment":[{"href":"https:\/\/www.alberdania.net\/eu\/wp-json\/wp\/v2\/media?parent=2976"}],"wp:term":[{"taxonomy":"product_brand","embeddable":true,"href":"https:\/\/www.alberdania.net\/eu\/wp-json\/wp\/v2\/product_brand?post=2976"},{"taxonomy":"product_cat","embeddable":true,"href":"https:\/\/www.alberdania.net\/eu\/wp-json\/wp\/v2\/product_cat?post=2976"},{"taxonomy":"product_tag","embeddable":true,"href":"https:\/\/www.alberdania.net\/eu\/wp-json\/wp\/v2\/product_tag?post=2976"},{"taxonomy":"tax-colections","embeddable":true,"href":"https:\/\/www.alberdania.net\/eu\/wp-json\/wp\/v2\/tax-colections?post=2976"},{"taxonomy":"tax-langs","embeddable":true,"href":"https:\/\/www.alberdania.net\/eu\/wp-json\/wp\/v2\/tax-langs?post=2976"},{"taxonomy":"tax-encuadernacion","embeddable":true,"href":"https:\/\/www.alberdania.net\/eu\/wp-json\/wp\/v2\/tax-encuadernacion?post=2976"},{"taxonomy":"tax-availability","embeddable":true,"href":"https:\/\/www.alberdania.net\/eu\/wp-json\/wp\/v2\/tax-availability?post=2976"}],"curies":[{"name":"wp","href":"https:\/\/api.w.org\/{rel}","templated":true}]}}