{"id":2983,"date":"2023-10-17T13:31:54","date_gmt":"2023-10-17T13:31:54","guid":{"rendered":"https:\/\/berria.alberdania.net\/product\/tiempo-de-cerezas\/"},"modified":"2026-03-31T02:01:42","modified_gmt":"2026-03-31T00:01:42","slug":"tiempo-de-cerezas","status":"publish","type":"product","link":"https:\/\/www.alberdania.net\/eu\/product\/tiempo-de-cerezas\/","title":{"rendered":"Tiempo de cerezas"},"content":{"rendered":"","protected":false},"excerpt":{"rendered":"<p>Un hecho real: en plena Guerra Civil, un anarquista y un cura se compinchan para liberar a un arzobispo detenido por milicianos de la CNT.<\/p>\n<p>\tA partir de ah\u00ed, el autor conduce la narraci\u00f3n a trav\u00e9s de una trepidante concatenaci\u00f3n de sucesos y ficciones que, oscilando entre la comedia y el drama, retrata con vivos colores el caos de la \u00e9poca. El lector avanzar\u00e1 de sorpresa en sorpresa hasta un desenlace que le dejar\u00e1 una sonrisa en los labios y cierto sabor acre en la garganta.<\/p>\n","protected":false},"featured_media":4616,"template":"","meta":{"_acf_changed":false,"inline_featured_image":false},"product_brand":[],"product_cat":[15],"product_tag":[],"tax-colections":[59,126],"tax-langs":[83],"tax-encuadernacion":[105],"tax-availability":[97],"class_list":{"0":"post-2983","1":"product","2":"type-product","3":"status-publish","4":"has-post-thumbnail","6":"product_cat-sin-categoria","7":"pa_tipo-de-libro-papel","8":"tax-colections-literatura-para-adultos","9":"tax-colections-alga","10":"tax-langs-castellano","11":"tax-encuadernacion-bolsillo-tapa-blanda","12":"tax-availability-disponible","14":"first","15":"instock","16":"shipping-taxable","17":"purchasable","18":"product-type-variable"},"acf":{"id_gesedi":368,"book_subtitle":"","book_author":148,"book_translator":311,"book_illustrator":"","book_publish_date_book":"2006-02-23","book_publish_date_ebook":null,"book_publish_date_audiobook":null,"book_collection_number":27,"book_pages":112,"book_file":"","book_img":"","books_related":null},"_links":{"self":[{"href":"https:\/\/www.alberdania.net\/eu\/wp-json\/wp\/v2\/product\/2983","targetHints":{"allow":["GET"]}}],"collection":[{"href":"https:\/\/www.alberdania.net\/eu\/wp-json\/wp\/v2\/product"}],"about":[{"href":"https:\/\/www.alberdania.net\/eu\/wp-json\/wp\/v2\/types\/product"}],"wp:featuredmedia":[{"embeddable":true,"href":"https:\/\/www.alberdania.net\/eu\/wp-json\/wp\/v2\/media\/4616"}],"wp:attachment":[{"href":"https:\/\/www.alberdania.net\/eu\/wp-json\/wp\/v2\/media?parent=2983"}],"wp:term":[{"taxonomy":"product_brand","embeddable":true,"href":"https:\/\/www.alberdania.net\/eu\/wp-json\/wp\/v2\/product_brand?post=2983"},{"taxonomy":"product_cat","embeddable":true,"href":"https:\/\/www.alberdania.net\/eu\/wp-json\/wp\/v2\/product_cat?post=2983"},{"taxonomy":"product_tag","embeddable":true,"href":"https:\/\/www.alberdania.net\/eu\/wp-json\/wp\/v2\/product_tag?post=2983"},{"taxonomy":"tax-colections","embeddable":true,"href":"https:\/\/www.alberdania.net\/eu\/wp-json\/wp\/v2\/tax-colections?post=2983"},{"taxonomy":"tax-langs","embeddable":true,"href":"https:\/\/www.alberdania.net\/eu\/wp-json\/wp\/v2\/tax-langs?post=2983"},{"taxonomy":"tax-encuadernacion","embeddable":true,"href":"https:\/\/www.alberdania.net\/eu\/wp-json\/wp\/v2\/tax-encuadernacion?post=2983"},{"taxonomy":"tax-availability","embeddable":true,"href":"https:\/\/www.alberdania.net\/eu\/wp-json\/wp\/v2\/tax-availability?post=2983"}],"curies":[{"name":"wp","href":"https:\/\/api.w.org\/{rel}","templated":true}]}}