{"id":2991,"date":"2023-10-17T13:32:24","date_gmt":"2023-10-17T13:32:24","guid":{"rendered":"https:\/\/berria.alberdania.net\/product\/los-derechos-humanos-en-la-globalizacion\/"},"modified":"2026-05-15T02:02:02","modified_gmt":"2026-05-15T00:02:02","slug":"los-derechos-humanos-en-la-globalizacion","status":"publish","type":"product","link":"https:\/\/www.alberdania.net\/eu\/product\/los-derechos-humanos-en-la-globalizacion\/","title":{"rendered":"Los derechos humanos en la globalizaci\u00f3n"},"content":{"rendered":"","protected":false},"excerpt":{"rendered":"<p>La presente publicaci\u00f3n realiza un an\u00e1lisis de los derechos humanos y sus mecanismos de aplicaci\u00f3n desde el proceso de surgimiento y afianzamiento de los derechos humanos como valores fundamentales sobre los que se articulan las sociedades modernas, hasta su aplicaci\u00f3n concreta en los contextos de Espa\u00f1a y de la Comunidad Aut\u00f3noma del Pa\u00eds Vasco. Partiendo de la reflexi\u00f3n hist\u00f3rica sobre la evoluci\u00f3n de los derechos humanos y sus mecanismos de protecci\u00f3n tanto en el contexto de las Naciones Unidas como en el contexto europeo, en donde se centra en el Consejo de Europa, la Organizaci\u00f3n para la Seguridad y Cooperaci\u00f3n en Europa y la Uni\u00f3n Europea, acaba proponiendo un diagn\u00f3stico de situaci\u00f3n de los niveles de cumplimiento y respeto de los derechos humanos en \u00e1mbitos locales. Para ello se realiza un an\u00e1lisis exhaustivo de los contenidos de cuantos informes internacionales se han pronunciado tanto sobre Espa\u00f1a como sobre la CAPV, as\u00ed como una descripci\u00f3n de las problem\u00e1ticas que afectan al cumplimiento de los derechos humanos.<\/p>\n","protected":false},"featured_media":4610,"template":"","meta":{"_acf_changed":false,"inline_featured_image":false},"product_brand":[],"product_cat":[15],"product_tag":[],"tax-colections":[59,133],"tax-langs":[83],"tax-encuadernacion":[105],"tax-availability":[97],"class_list":{"0":"post-2991","1":"product","2":"type-product","3":"status-publish","4":"has-post-thumbnail","6":"product_cat-sin-categoria","7":"pa_tipo-de-libro-papel","8":"tax-colections-literatura-para-adultos","9":"tax-colections-giza-eskubideak","10":"tax-langs-castellano","11":"tax-encuadernacion-bolsillo-tapa-blanda","12":"tax-availability-disponible","14":"first","15":"instock","16":"shipping-taxable","17":"purchasable","18":"product-type-variable"},"acf":{"id_gesedi":373,"book_subtitle":"mecanismos de garant\u00eda y protecci\u00f3n","book_author":42,"book_translator":"","book_illustrator":"","book_publish_date_book":"2005-01-01","book_publish_date_ebook":null,"book_publish_date_audiobook":null,"book_collection_number":3,"book_pages":194,"book_file":"","book_img":"","books_related":null},"_links":{"self":[{"href":"https:\/\/www.alberdania.net\/eu\/wp-json\/wp\/v2\/product\/2991","targetHints":{"allow":["GET"]}}],"collection":[{"href":"https:\/\/www.alberdania.net\/eu\/wp-json\/wp\/v2\/product"}],"about":[{"href":"https:\/\/www.alberdania.net\/eu\/wp-json\/wp\/v2\/types\/product"}],"wp:featuredmedia":[{"embeddable":true,"href":"https:\/\/www.alberdania.net\/eu\/wp-json\/wp\/v2\/media\/4610"}],"wp:attachment":[{"href":"https:\/\/www.alberdania.net\/eu\/wp-json\/wp\/v2\/media?parent=2991"}],"wp:term":[{"taxonomy":"product_brand","embeddable":true,"href":"https:\/\/www.alberdania.net\/eu\/wp-json\/wp\/v2\/product_brand?post=2991"},{"taxonomy":"product_cat","embeddable":true,"href":"https:\/\/www.alberdania.net\/eu\/wp-json\/wp\/v2\/product_cat?post=2991"},{"taxonomy":"product_tag","embeddable":true,"href":"https:\/\/www.alberdania.net\/eu\/wp-json\/wp\/v2\/product_tag?post=2991"},{"taxonomy":"tax-colections","embeddable":true,"href":"https:\/\/www.alberdania.net\/eu\/wp-json\/wp\/v2\/tax-colections?post=2991"},{"taxonomy":"tax-langs","embeddable":true,"href":"https:\/\/www.alberdania.net\/eu\/wp-json\/wp\/v2\/tax-langs?post=2991"},{"taxonomy":"tax-encuadernacion","embeddable":true,"href":"https:\/\/www.alberdania.net\/eu\/wp-json\/wp\/v2\/tax-encuadernacion?post=2991"},{"taxonomy":"tax-availability","embeddable":true,"href":"https:\/\/www.alberdania.net\/eu\/wp-json\/wp\/v2\/tax-availability?post=2991"}],"curies":[{"name":"wp","href":"https:\/\/api.w.org\/{rel}","templated":true}]}}