{"id":2993,"date":"2023-10-17T13:32:31","date_gmt":"2023-10-17T13:32:31","guid":{"rendered":"https:\/\/berria.alberdania.net\/product\/exclusion-y-victimacion\/"},"modified":"2026-04-14T02:02:18","modified_gmt":"2026-04-14T00:02:18","slug":"exclusion-y-victimacion","status":"publish","type":"product","link":"https:\/\/www.alberdania.net\/eu\/product\/exclusion-y-victimacion\/","title":{"rendered":"Exclusi\u00f3n y victimaci\u00f3n"},"content":{"rendered":"","protected":false},"excerpt":{"rendered":"<p>La Globalizaci\u00f3n, que euf\u00f3rica e ir\u00f3nicamente es proclamada como espacio privilegiado para la integraci\u00f3n de la ciudadan\u00eda en el milenio en el que nos adentramos ya con paso firme, est\u00e1 resultando ser un \u00e1mbito cualificad\u00edsimo de exclusi\u00f3n, segregaci\u00f3n y victimaci\u00f3n. La necesidad de construir y caminar hacia otra globalizaci\u00f3n en donde los derechos humanos sean la condici\u00f3n fundamental para la integraci\u00f3n de las personas, es una exigencia radical que deber\u00eda funcionar como la principal prioridad de todas las agendas pol\u00edticas. Este trabajo pretende otorgar argumentos para sospechar de consideraciones ideol\u00f3gicas de la globalizaci\u00f3n empe\u00f1adas en hacer sostenible la exclusi\u00f3n y marginaci\u00f3n generalizada y sistem\u00e1tica de personas y pueblos. Tambi\u00e9n otorga los mimbres necesarios para pensar y actuar en la realidad global desde consideraciones igualitarias y garantistas en reconocimiento de identidades y redistribuci\u00f3n de recursos. Para ello es necesario pertrecharse con una Teor\u00eda cr\u00edtica de los derechos humanos, cuyo eje central sea una consideraci\u00f3n sagrada e indisponible del derecho a la vida tomado en su radicalidad, es decir, otorgando prioridad a las v\u00edctimas de la historia en donde la vida es negada categ\u00f3ricamente.<\/p>\n","protected":false},"featured_media":4608,"template":"","meta":{"_acf_changed":false,"inline_featured_image":false},"product_brand":[],"product_cat":[15],"product_tag":[],"tax-colections":[59,133],"tax-langs":[83],"tax-encuadernacion":[105],"tax-availability":[97],"class_list":{"0":"post-2993","1":"product","2":"type-product","3":"status-publish","4":"has-post-thumbnail","6":"product_cat-sin-categoria","7":"pa_tipo-de-libro-papel","8":"tax-colections-literatura-para-adultos","9":"tax-colections-giza-eskubideak","10":"tax-langs-castellano","11":"tax-encuadernacion-bolsillo-tapa-blanda","12":"tax-availability-disponible","14":"first","15":"instock","16":"shipping-taxable","17":"purchasable","18":"product-type-variable"},"acf":{"id_gesedi":374,"book_subtitle":"los gritos de los derechos humanos en la globalizaci\u00f3n","book_author":304,"book_translator":"","book_illustrator":"","book_publish_date_book":"2005-01-01","book_publish_date_ebook":null,"book_publish_date_audiobook":null,"book_collection_number":2,"book_pages":194,"book_file":"","book_img":"","books_related":null},"_links":{"self":[{"href":"https:\/\/www.alberdania.net\/eu\/wp-json\/wp\/v2\/product\/2993","targetHints":{"allow":["GET"]}}],"collection":[{"href":"https:\/\/www.alberdania.net\/eu\/wp-json\/wp\/v2\/product"}],"about":[{"href":"https:\/\/www.alberdania.net\/eu\/wp-json\/wp\/v2\/types\/product"}],"wp:featuredmedia":[{"embeddable":true,"href":"https:\/\/www.alberdania.net\/eu\/wp-json\/wp\/v2\/media\/4608"}],"wp:attachment":[{"href":"https:\/\/www.alberdania.net\/eu\/wp-json\/wp\/v2\/media?parent=2993"}],"wp:term":[{"taxonomy":"product_brand","embeddable":true,"href":"https:\/\/www.alberdania.net\/eu\/wp-json\/wp\/v2\/product_brand?post=2993"},{"taxonomy":"product_cat","embeddable":true,"href":"https:\/\/www.alberdania.net\/eu\/wp-json\/wp\/v2\/product_cat?post=2993"},{"taxonomy":"product_tag","embeddable":true,"href":"https:\/\/www.alberdania.net\/eu\/wp-json\/wp\/v2\/product_tag?post=2993"},{"taxonomy":"tax-colections","embeddable":true,"href":"https:\/\/www.alberdania.net\/eu\/wp-json\/wp\/v2\/tax-colections?post=2993"},{"taxonomy":"tax-langs","embeddable":true,"href":"https:\/\/www.alberdania.net\/eu\/wp-json\/wp\/v2\/tax-langs?post=2993"},{"taxonomy":"tax-encuadernacion","embeddable":true,"href":"https:\/\/www.alberdania.net\/eu\/wp-json\/wp\/v2\/tax-encuadernacion?post=2993"},{"taxonomy":"tax-availability","embeddable":true,"href":"https:\/\/www.alberdania.net\/eu\/wp-json\/wp\/v2\/tax-availability?post=2993"}],"curies":[{"name":"wp","href":"https:\/\/api.w.org\/{rel}","templated":true}]}}