{"id":3056,"date":"2023-10-17T13:36:06","date_gmt":"2023-10-17T13:36:06","guid":{"rendered":"https:\/\/berria.alberdania.net\/product\/fuga-para-un-pianista\/"},"modified":"2026-04-21T02:10:48","modified_gmt":"2026-04-21T00:10:48","slug":"fuga-para-un-pianista","status":"publish","type":"product","link":"https:\/\/www.alberdania.net\/eu\/product\/fuga-para-un-pianista\/","title":{"rendered":"Fuga para un pianista"},"content":{"rendered":"","protected":false},"excerpt":{"rendered":"<p>Esteban Montalb\u00e1n ya ha cumplido noventa a\u00f1os. Siente que la vida no puede ofrecerle nada m\u00e1s. No padece ninguna enfermedad terminal, pero busca la puerta de salida de una realidad que ya no le satisface. Lee, pregunta, investiga\u0085 y topa con la barrera legal. Lo que \u00e9l pretende, jur\u00eddicamente, no se llama \u0093eutanasia\u0094, sino sencillamente \u0093suicidio\u0094, por m\u00e1s que \u00e9l lo considere, simplemente, \u0093muerte digna\u0094.<\/p>\n<p>\tEsteban Montalb\u00e1n pide a Hamlet, su cuidador peruano, que le ayude a morir.<\/p>\n<p>\tHamlet proviene de una cultura donde la vejez es un valor, no una carencia, y, al igual que el personaje de Shakespeare, encadena dudas y problemas de conciencia que lo obligan a posponer la acci\u00f3n una y otra vez. Las vacilaciones y contradicciones afectar\u00e1n tambi\u00e9n a profesionales de la medicina que, en principio, son partidarios del derecho civil a una muerte digna\u0085<\/p>\n<p>\tZorrozua conduce la novela con gran destreza narrativa hacia un desenlace tan conmovedor como reconfortante.<\/p>\n","protected":false},"featured_media":4558,"template":"","meta":{"_acf_changed":false,"inline_featured_image":false},"product_brand":[],"product_cat":[15],"product_tag":[],"tax-colections":[59,128],"tax-langs":[83],"tax-encuadernacion":[105],"tax-availability":[97],"class_list":{"0":"post-3056","1":"product","2":"type-product","3":"status-publish","4":"has-post-thumbnail","6":"product_cat-sin-categoria","7":"pa_tipo-de-libro-papel","8":"tax-colections-literatura-para-adultos","9":"tax-colections-astiro","10":"tax-langs-castellano","11":"tax-encuadernacion-bolsillo-tapa-blanda","12":"tax-availability-disponible","14":"first","15":"instock","16":"shipping-taxable","17":"purchasable","18":"product-type-variable"},"acf":{"id_gesedi":404,"book_subtitle":"","book_author":139,"book_translator":"","book_illustrator":"","book_publish_date_book":"2012-01-31","book_publish_date_ebook":null,"book_publish_date_audiobook":null,"book_collection_number":40,"book_pages":272,"book_file":"","book_img":"","books_related":null},"_links":{"self":[{"href":"https:\/\/www.alberdania.net\/eu\/wp-json\/wp\/v2\/product\/3056","targetHints":{"allow":["GET"]}}],"collection":[{"href":"https:\/\/www.alberdania.net\/eu\/wp-json\/wp\/v2\/product"}],"about":[{"href":"https:\/\/www.alberdania.net\/eu\/wp-json\/wp\/v2\/types\/product"}],"wp:featuredmedia":[{"embeddable":true,"href":"https:\/\/www.alberdania.net\/eu\/wp-json\/wp\/v2\/media\/4558"}],"wp:attachment":[{"href":"https:\/\/www.alberdania.net\/eu\/wp-json\/wp\/v2\/media?parent=3056"}],"wp:term":[{"taxonomy":"product_brand","embeddable":true,"href":"https:\/\/www.alberdania.net\/eu\/wp-json\/wp\/v2\/product_brand?post=3056"},{"taxonomy":"product_cat","embeddable":true,"href":"https:\/\/www.alberdania.net\/eu\/wp-json\/wp\/v2\/product_cat?post=3056"},{"taxonomy":"product_tag","embeddable":true,"href":"https:\/\/www.alberdania.net\/eu\/wp-json\/wp\/v2\/product_tag?post=3056"},{"taxonomy":"tax-colections","embeddable":true,"href":"https:\/\/www.alberdania.net\/eu\/wp-json\/wp\/v2\/tax-colections?post=3056"},{"taxonomy":"tax-langs","embeddable":true,"href":"https:\/\/www.alberdania.net\/eu\/wp-json\/wp\/v2\/tax-langs?post=3056"},{"taxonomy":"tax-encuadernacion","embeddable":true,"href":"https:\/\/www.alberdania.net\/eu\/wp-json\/wp\/v2\/tax-encuadernacion?post=3056"},{"taxonomy":"tax-availability","embeddable":true,"href":"https:\/\/www.alberdania.net\/eu\/wp-json\/wp\/v2\/tax-availability?post=3056"}],"curies":[{"name":"wp","href":"https:\/\/api.w.org\/{rel}","templated":true}]}}