{"id":3058,"date":"2023-10-17T13:36:10","date_gmt":"2023-10-17T13:36:10","guid":{"rendered":"https:\/\/berria.alberdania.net\/product\/bajo-el-cerezo\/"},"modified":"2026-04-14T02:10:54","modified_gmt":"2026-04-14T00:10:54","slug":"bajo-el-cerezo","status":"publish","type":"product","link":"https:\/\/www.alberdania.net\/eu\/product\/bajo-el-cerezo\/","title":{"rendered":"Bajo el cerezo"},"content":{"rendered":"","protected":false},"excerpt":{"rendered":"<p>Maddi, personaje central de la novela, afronta un amargo descubrimiento: su vida ha venido siendo sutilmente manejada por la voluntad de los dem\u00e1s. El espejismo de creerse fuerte, due\u00f1a de su destino, se derrumba hecho trizas y, desvanecidas ya a su espalda las enso\u00f1aciones de la juventud, se ve obligada a iniciar un camino de reflexi\u00f3n, largo y doloroso, en el que habr\u00e1 de indagar qui\u00e9n es realmente, y as\u00ed empu\u00f1ar las riendas de su vida.<br \/>\n\tMaddi se retira a la soledad de la casa familiar de una aldea de la Gipuzkoa rural. All\u00ed descubrir\u00e1 ciertos manuscritos por los que conocer\u00e1 las peripecias vitales de diversas mujeres de su familia que vivieron momentos cr\u00edticos de la historia: la entrada de los franceses en San Sebasti\u00e1n en las postrimer\u00edas del siglo XVIII; la Primera Guerra Carlista; los comienzos de la Guerra Civil; el San Sebasti\u00e1n de los a\u00f1os 60. Sus relatos la iluminar\u00e1n, como faros, en su singladura hacia una decisi\u00f3n que dar\u00e1 un vuelco radical a su vida.<br \/>\n\tLa novela, al modo de un rico mosaico, nos acerca el detalle \u0096a veces \u00edntimo, a veces hist\u00f3rico\u0096 de cada tesela y, simult\u00e1neamente, nos muestra una composici\u00f3n panor\u00e1mica acerca del valor de la superaci\u00f3n y de la honestidad de una mujer que, lejos de resignarse a seguir guiones ajenos, se atreve a mirar la vida de frente.<\/p>\n","protected":false},"featured_media":4556,"template":"","meta":{"_acf_changed":false,"inline_featured_image":false},"product_brand":[],"product_cat":[15],"product_tag":[],"tax-colections":[59,128],"tax-langs":[83],"tax-encuadernacion":[105],"tax-availability":[97],"class_list":{"0":"post-3058","1":"product","2":"type-product","3":"status-publish","4":"has-post-thumbnail","6":"product_cat-sin-categoria","7":"pa_tipo-de-libro-papel","8":"tax-colections-literatura-para-adultos","9":"tax-colections-astiro","10":"tax-langs-castellano","11":"tax-encuadernacion-bolsillo-tapa-blanda","12":"tax-availability-disponible","14":"first","15":"instock","16":"shipping-taxable","17":"purchasable","18":"product-type-variable"},"acf":{"id_gesedi":405,"book_subtitle":"","book_author":21,"book_translator":"","book_illustrator":"","book_publish_date_book":"2012-02-29","book_publish_date_ebook":null,"book_publish_date_audiobook":null,"book_collection_number":42,"book_pages":240,"book_file":"","book_img":"","books_related":null},"_links":{"self":[{"href":"https:\/\/www.alberdania.net\/eu\/wp-json\/wp\/v2\/product\/3058","targetHints":{"allow":["GET"]}}],"collection":[{"href":"https:\/\/www.alberdania.net\/eu\/wp-json\/wp\/v2\/product"}],"about":[{"href":"https:\/\/www.alberdania.net\/eu\/wp-json\/wp\/v2\/types\/product"}],"wp:featuredmedia":[{"embeddable":true,"href":"https:\/\/www.alberdania.net\/eu\/wp-json\/wp\/v2\/media\/4556"}],"wp:attachment":[{"href":"https:\/\/www.alberdania.net\/eu\/wp-json\/wp\/v2\/media?parent=3058"}],"wp:term":[{"taxonomy":"product_brand","embeddable":true,"href":"https:\/\/www.alberdania.net\/eu\/wp-json\/wp\/v2\/product_brand?post=3058"},{"taxonomy":"product_cat","embeddable":true,"href":"https:\/\/www.alberdania.net\/eu\/wp-json\/wp\/v2\/product_cat?post=3058"},{"taxonomy":"product_tag","embeddable":true,"href":"https:\/\/www.alberdania.net\/eu\/wp-json\/wp\/v2\/product_tag?post=3058"},{"taxonomy":"tax-colections","embeddable":true,"href":"https:\/\/www.alberdania.net\/eu\/wp-json\/wp\/v2\/tax-colections?post=3058"},{"taxonomy":"tax-langs","embeddable":true,"href":"https:\/\/www.alberdania.net\/eu\/wp-json\/wp\/v2\/tax-langs?post=3058"},{"taxonomy":"tax-encuadernacion","embeddable":true,"href":"https:\/\/www.alberdania.net\/eu\/wp-json\/wp\/v2\/tax-encuadernacion?post=3058"},{"taxonomy":"tax-availability","embeddable":true,"href":"https:\/\/www.alberdania.net\/eu\/wp-json\/wp\/v2\/tax-availability?post=3058"}],"curies":[{"name":"wp","href":"https:\/\/api.w.org\/{rel}","templated":true}]}}