{"id":3062,"date":"2023-10-17T13:36:38","date_gmt":"2023-10-17T13:36:38","guid":{"rendered":"https:\/\/berria.alberdania.net\/product\/maizales-bajo-la-lluvia\/"},"modified":"2026-04-14T02:11:08","modified_gmt":"2026-04-14T00:11:08","slug":"maizales-bajo-la-lluvia","status":"publish","type":"product","link":"https:\/\/www.alberdania.net\/eu\/product\/maizales-bajo-la-lluvia\/","title":{"rendered":"Maizales bajo la lluvia"},"content":{"rendered":"","protected":false},"excerpt":{"rendered":"<p>Euskadi, julio de 1936. Las calles son una olla a presi\u00f3n tras estallar la sublevaci\u00f3n militar. Partidos pol\u00edticos y sindicatos se movilizan para el combate: miles de j\u00f3venes parten hacia el frente en defensa de las libertades. Muertes, fusilamientos, bombardeos\u0085 El inmenso torbellino de la guerra los atrapar\u00e1 de lleno, los cambiar\u00e1 para siempre. Y tras \u00e9l, la venganza de los vencedores: c\u00e1rceles, campos de concentraci\u00f3n, batallones de trabajadores, Ej\u00e9rcito franquista\u0085 Miles quedaron en el camino. Pero unos pocos siguieron la lucha, hasta nuestros d\u00edas.<\/p>\n<p>\tLos once nonagenarios que se asoman a estas p\u00e1ginas no solo cuentan sus vidas, sino tambi\u00e9n las de sus compa\u00f1eros, sus familias, el devenir de toda una sociedad desangrada d\u00eda a d\u00eda. No pudieron con ellos; son los \u00faltimos testigos, los \u00faltimos combatientes de la guerra contra Franco.<\/p>\n<p>\tMaizales bajo la lluvia es una sobrecogedora recopilaci\u00f3n de once trayectorias de vida que rinde homenaje a todos los luchadores antifascistas que se dejaron la vida en las monta\u00f1as de Euskadi, en las trincheras de Catalunya, en las prisiones de Madrid o en la m\u00e1s olvidada de las cunetas en pro de un futuro mejor llamado Libertad.<\/p>\n","protected":false},"featured_media":4552,"template":"","meta":{"_acf_changed":false,"inline_featured_image":false},"product_brand":[],"product_cat":[15],"product_tag":[],"tax-colections":[59,128],"tax-langs":[83],"tax-encuadernacion":[105],"tax-availability":[97],"class_list":{"0":"post-3062","1":"product","2":"type-product","3":"status-publish","4":"has-post-thumbnail","6":"product_cat-sin-categoria","7":"pa_tipo-de-libro-ebook","8":"pa_tipo-de-libro-papel","9":"tax-colections-literatura-para-adultos","10":"tax-colections-astiro","11":"tax-langs-castellano","12":"tax-encuadernacion-bolsillo-tapa-blanda","13":"tax-availability-disponible","15":"first","16":"instock","17":"shipping-taxable","18":"purchasable","19":"product-type-variable"},"acf":{"id_gesedi":408,"book_subtitle":"testimonios de los \u00faltimos gudaris y milicianos de la Guerra Civil en Euskadi","book_author":91,"book_translator":"","book_illustrator":"","book_publish_date_book":"2011-04-05","book_publish_date_ebook":"2011-04-05","book_publish_date_audiobook":null,"book_collection_number":63,"book_pages":0,"book_file":"","book_img":"","books_related":null},"_links":{"self":[{"href":"https:\/\/www.alberdania.net\/eu\/wp-json\/wp\/v2\/product\/3062","targetHints":{"allow":["GET"]}}],"collection":[{"href":"https:\/\/www.alberdania.net\/eu\/wp-json\/wp\/v2\/product"}],"about":[{"href":"https:\/\/www.alberdania.net\/eu\/wp-json\/wp\/v2\/types\/product"}],"wp:featuredmedia":[{"embeddable":true,"href":"https:\/\/www.alberdania.net\/eu\/wp-json\/wp\/v2\/media\/4552"}],"wp:attachment":[{"href":"https:\/\/www.alberdania.net\/eu\/wp-json\/wp\/v2\/media?parent=3062"}],"wp:term":[{"taxonomy":"product_brand","embeddable":true,"href":"https:\/\/www.alberdania.net\/eu\/wp-json\/wp\/v2\/product_brand?post=3062"},{"taxonomy":"product_cat","embeddable":true,"href":"https:\/\/www.alberdania.net\/eu\/wp-json\/wp\/v2\/product_cat?post=3062"},{"taxonomy":"product_tag","embeddable":true,"href":"https:\/\/www.alberdania.net\/eu\/wp-json\/wp\/v2\/product_tag?post=3062"},{"taxonomy":"tax-colections","embeddable":true,"href":"https:\/\/www.alberdania.net\/eu\/wp-json\/wp\/v2\/tax-colections?post=3062"},{"taxonomy":"tax-langs","embeddable":true,"href":"https:\/\/www.alberdania.net\/eu\/wp-json\/wp\/v2\/tax-langs?post=3062"},{"taxonomy":"tax-encuadernacion","embeddable":true,"href":"https:\/\/www.alberdania.net\/eu\/wp-json\/wp\/v2\/tax-encuadernacion?post=3062"},{"taxonomy":"tax-availability","embeddable":true,"href":"https:\/\/www.alberdania.net\/eu\/wp-json\/wp\/v2\/tax-availability?post=3062"}],"curies":[{"name":"wp","href":"https:\/\/api.w.org\/{rel}","templated":true}]}}