{"id":3074,"date":"2023-10-17T13:37:14","date_gmt":"2023-10-17T13:37:14","guid":{"rendered":"https:\/\/berria.alberdania.net\/product\/el-informe-brusiloff\/"},"modified":"2026-04-21T02:11:36","modified_gmt":"2026-04-21T00:11:36","slug":"el-informe-brusiloff","status":"publish","type":"product","link":"https:\/\/www.alberdania.net\/eu\/product\/el-informe-brusiloff\/","title":{"rendered":"El informe Brusiloff"},"content":{"rendered":"","protected":false},"excerpt":{"rendered":"<p>Los archivos deparan con frecuencia sorpresas estimulantes. El Archivo Hist\u00f3rico del Nacionalismo Vasco conserva entre sus fondos un mecanoescrito titulado Los republicanos en el Norte de Espa\u00f1a, en el que se realiza un an\u00e1lisis de lo sucedido en el Frente Norte (Asturias, Santander y Vizcaya) entre julio de 1936 y octubre de 1937. Su autor, Constant Alexis Brusiloff Nigehorodzeff, fue uno de los int\u00e9rpretes de los asesores sovi\u00e9ticos que actuaron en esa zona durante la Guerra Civil. La obra dedica precisamente uno de sus apartados a detallar la importancia de la ayuda sovi\u00e9tica al bando republicano en la costa cant\u00e1brica y a mostrar la actuaci\u00f3n pol\u00edtica, militar e incluso moral de los asesores. Simplemente por ese hecho merec\u00eda toda mi atenci\u00f3n.<\/p>\n<p>\tEl escrito se divide en dos partes: la primera trata los asuntos militares y la segunda, la retaguardia. Hay que subrayar, en ambos apartados, la riqueza y la amplitud del campo de miras de Constant Brusiloff. Ninguno de los aspectos relacionados con la guerra est\u00e1 ausente. Los combates, el ej\u00e9rcito, la marina, la aviaci\u00f3n, la industria de guerra, la presencia de los comisarios pol\u00edticos y de voluntarios extranjeros o la importancia de las fortificaciones son analizados de forma desapasionada. La segunda parte, la retaguardia, estudia los aspectos pol\u00edticos (formas y acci\u00f3n de gobierno, partidos y sindicatos, la cuesti\u00f3n religiosa), la vida cotidiana (abastecimiento, bloqueo y finanzas), el r\u00e9gimen penal, el espionaje, la actitud ante los bombardeos o la sucesiva evacuaci\u00f3n de las provincias norte\u00f1as. La mirada que ofrece sobre los 15 meses que dur\u00f3 el conflicto b\u00e9lico en la zona republican desmitifica el conflicto b\u00e9lico, subrayando todas las carencias que se vivieron durante ese lapso de tiempo.<\/p>\n<p>\tAnimado a publicar tan importante testimonio y an\u00e1lisis, la suerte, y Google, me permiti\u00f3 localizar a Carmen Brusiloff, la hija de Constant y gracias a su ayuda pude reconstruir buena parte del itinerario vital de su padre. El autor del texto tuvo una vida azarosa que se extendi\u00f3 desde la Revoluci\u00f3n Rusa hasta su muerte en Venezuela en 1977, pasando por un primer exilio en Turqu\u00eda y Am\u00e9rica, una breve etapa en Espa\u00f1a entre 1933 y 1937 y una nueva estancia en Am\u00e9rica, en el que no faltaron persecuci\u00f3n, c\u00e1rcel y muchas penurias. Brusiloff, si este era su verdadero apellido, trat\u00f3 en todo momento de vivir como un caballero ruso, en un mundo que se desmoron\u00f3 y transform\u00f3 a su paso.<\/p>\n","protected":false},"featured_media":4542,"template":"","meta":{"_acf_changed":false,"inline_featured_image":false},"product_brand":[],"product_cat":[15],"product_tag":[],"tax-colections":[59,126],"tax-langs":[83],"tax-encuadernacion":[105],"tax-availability":[97],"class_list":{"0":"post-3074","1":"product","2":"type-product","3":"status-publish","4":"has-post-thumbnail","6":"product_cat-sin-categoria","7":"pa_tipo-de-libro-papel","8":"pa_tipo-de-libro-ebook","9":"tax-colections-literatura-para-adultos","10":"tax-colections-alga","11":"tax-langs-castellano","12":"tax-encuadernacion-bolsillo-tapa-blanda","13":"tax-availability-disponible","15":"first","16":"instock","17":"shipping-taxable","18":"purchasable","19":"product-type-variable"},"acf":{"id_gesedi":413,"book_subtitle":"","book_author":8,"book_translator":"","book_illustrator":"","book_publish_date_book":"2009-05-01","book_publish_date_ebook":"2009-05-01","book_publish_date_audiobook":null,"book_collection_number":49,"book_pages":0,"book_file":"","book_img":"","books_related":null},"_links":{"self":[{"href":"https:\/\/www.alberdania.net\/eu\/wp-json\/wp\/v2\/product\/3074","targetHints":{"allow":["GET"]}}],"collection":[{"href":"https:\/\/www.alberdania.net\/eu\/wp-json\/wp\/v2\/product"}],"about":[{"href":"https:\/\/www.alberdania.net\/eu\/wp-json\/wp\/v2\/types\/product"}],"wp:featuredmedia":[{"embeddable":true,"href":"https:\/\/www.alberdania.net\/eu\/wp-json\/wp\/v2\/media\/4542"}],"wp:attachment":[{"href":"https:\/\/www.alberdania.net\/eu\/wp-json\/wp\/v2\/media?parent=3074"}],"wp:term":[{"taxonomy":"product_brand","embeddable":true,"href":"https:\/\/www.alberdania.net\/eu\/wp-json\/wp\/v2\/product_brand?post=3074"},{"taxonomy":"product_cat","embeddable":true,"href":"https:\/\/www.alberdania.net\/eu\/wp-json\/wp\/v2\/product_cat?post=3074"},{"taxonomy":"product_tag","embeddable":true,"href":"https:\/\/www.alberdania.net\/eu\/wp-json\/wp\/v2\/product_tag?post=3074"},{"taxonomy":"tax-colections","embeddable":true,"href":"https:\/\/www.alberdania.net\/eu\/wp-json\/wp\/v2\/tax-colections?post=3074"},{"taxonomy":"tax-langs","embeddable":true,"href":"https:\/\/www.alberdania.net\/eu\/wp-json\/wp\/v2\/tax-langs?post=3074"},{"taxonomy":"tax-encuadernacion","embeddable":true,"href":"https:\/\/www.alberdania.net\/eu\/wp-json\/wp\/v2\/tax-encuadernacion?post=3074"},{"taxonomy":"tax-availability","embeddable":true,"href":"https:\/\/www.alberdania.net\/eu\/wp-json\/wp\/v2\/tax-availability?post=3074"}],"curies":[{"name":"wp","href":"https:\/\/api.w.org\/{rel}","templated":true}]}}