{"id":3096,"date":"2023-10-17T13:38:47","date_gmt":"2023-10-17T13:38:47","guid":{"rendered":"https:\/\/berria.alberdania.net\/product\/desde-el-futuro\/"},"modified":"2026-04-14T02:15:33","modified_gmt":"2026-04-14T00:15:33","slug":"desde-el-futuro","status":"publish","type":"product","link":"https:\/\/www.alberdania.net\/eu\/product\/desde-el-futuro\/","title":{"rendered":"Desde el futuro"},"content":{"rendered":"","protected":false},"excerpt":{"rendered":"<p>\u00abLa filosof\u00eda pol\u00edtica de Aguirre, Irujo y Landaburu, a pesar del tiempo transcurrido desde su fallecimiento, es de plena actualidad, especialmente por su constante defensa del derecho del pueblo vasco a decidir su propio futuro desde el consenso voluntario y libre de la ciudadan\u00eda. El presente libro, dedicado a acercar al lector -y ciudadano- de hoy el pensamiento de esos tres grandes pol\u00edticos, tiene como destinatario la ciudadan\u00eda vasca en su conjunto. Sus p\u00e1ginas nos invitan a conocer aspectos importantes de la historia del pueblo vasco, pero, al mismo tiempo, ofrecen informaci\u00f3n y principios de gran utilidad para una nueva concepci\u00f3n del Estado espa\u00f1ol, basada en el m\u00e1ximo respeto a la voluntad e identidad de los pueblos que lo conforman\u00bb. Juan Jos\u00e9 Ibarretxe<\/p>\n","protected":false},"featured_media":4524,"template":"","meta":{"_acf_changed":false,"inline_featured_image":false},"product_brand":[],"product_cat":[15],"product_tag":[],"tax-colections":[59,126],"tax-langs":[83],"tax-encuadernacion":[105],"tax-availability":[97],"class_list":{"0":"post-3096","1":"product","2":"type-product","3":"status-publish","4":"has-post-thumbnail","6":"product_cat-sin-categoria","7":"pa_tipo-de-libro-papel","8":"tax-colections-literatura-para-adultos","9":"tax-colections-alga","10":"tax-langs-castellano","11":"tax-encuadernacion-bolsillo-tapa-blanda","12":"tax-availability-disponible","14":"first","15":"instock","16":"shipping-taxable","17":"purchasable","18":"product-type-variable"},"acf":{"id_gesedi":431,"book_subtitle":"","book_author":240,"book_translator":"","book_illustrator":"","book_publish_date_book":"2004-09-08","book_publish_date_ebook":null,"book_publish_date_audiobook":null,"book_collection_number":17,"book_pages":336,"book_file":"","book_img":"","books_related":null},"_links":{"self":[{"href":"https:\/\/www.alberdania.net\/eu\/wp-json\/wp\/v2\/product\/3096","targetHints":{"allow":["GET"]}}],"collection":[{"href":"https:\/\/www.alberdania.net\/eu\/wp-json\/wp\/v2\/product"}],"about":[{"href":"https:\/\/www.alberdania.net\/eu\/wp-json\/wp\/v2\/types\/product"}],"wp:featuredmedia":[{"embeddable":true,"href":"https:\/\/www.alberdania.net\/eu\/wp-json\/wp\/v2\/media\/4524"}],"wp:attachment":[{"href":"https:\/\/www.alberdania.net\/eu\/wp-json\/wp\/v2\/media?parent=3096"}],"wp:term":[{"taxonomy":"product_brand","embeddable":true,"href":"https:\/\/www.alberdania.net\/eu\/wp-json\/wp\/v2\/product_brand?post=3096"},{"taxonomy":"product_cat","embeddable":true,"href":"https:\/\/www.alberdania.net\/eu\/wp-json\/wp\/v2\/product_cat?post=3096"},{"taxonomy":"product_tag","embeddable":true,"href":"https:\/\/www.alberdania.net\/eu\/wp-json\/wp\/v2\/product_tag?post=3096"},{"taxonomy":"tax-colections","embeddable":true,"href":"https:\/\/www.alberdania.net\/eu\/wp-json\/wp\/v2\/tax-colections?post=3096"},{"taxonomy":"tax-langs","embeddable":true,"href":"https:\/\/www.alberdania.net\/eu\/wp-json\/wp\/v2\/tax-langs?post=3096"},{"taxonomy":"tax-encuadernacion","embeddable":true,"href":"https:\/\/www.alberdania.net\/eu\/wp-json\/wp\/v2\/tax-encuadernacion?post=3096"},{"taxonomy":"tax-availability","embeddable":true,"href":"https:\/\/www.alberdania.net\/eu\/wp-json\/wp\/v2\/tax-availability?post=3096"}],"curies":[{"name":"wp","href":"https:\/\/api.w.org\/{rel}","templated":true}]}}