{"id":3104,"date":"2023-10-17T13:39:57","date_gmt":"2023-10-17T13:39:57","guid":{"rendered":"https:\/\/berria.alberdania.net\/product\/de-la-misma-pasta\/"},"modified":"2026-04-21T02:15:54","modified_gmt":"2026-04-21T00:15:54","slug":"de-la-misma-pasta","status":"publish","type":"product","link":"https:\/\/www.alberdania.net\/eu\/product\/de-la-misma-pasta\/","title":{"rendered":"De la misma pasta"},"content":{"rendered":"","protected":false},"excerpt":{"rendered":"<p>Barcelona. Oto\u00f1o de 1991. En un piso maltrecho de un barrio barcelon\u00e9s viven Luisa, una mujer de avanzada edad atropellada por la vida, y Esteban, el mayor de sus hijos que padece una dudosa deficiencia ps\u00edquica por la que recibe una peque\u00f1a paga mensual. La llegada de Lucas, el bala perdida de la familia, complace a Luisa de la misma manera en que fastidia a Esteban. La insidiosa relaci\u00f3n de los hermanos se ver\u00e1 alterada por la repentina llegada de Mar\u00eda, la hermana menor que se fue de casa a los quince a\u00f1os para no acabar desquiciada como el resto de la familia.<br \/>\n\tUn inesperado diagn\u00f3stico de Luisa har\u00e1 que afloren abruptamente los verdaderos intereses de los tres hermanos, sus rencores y remordimientos.<\/p>\n","protected":false},"featured_media":4518,"template":"","meta":{"_acf_changed":false,"inline_featured_image":false},"product_brand":[],"product_cat":[15],"product_tag":[],"tax-colections":[59,128],"tax-langs":[83],"tax-encuadernacion":[105],"tax-availability":[97],"class_list":{"0":"post-3104","1":"product","2":"type-product","3":"status-publish","4":"has-post-thumbnail","6":"product_cat-sin-categoria","7":"pa_tipo-de-libro-papel","8":"tax-colections-literatura-para-adultos","9":"tax-colections-astiro","10":"tax-langs-castellano","11":"tax-encuadernacion-bolsillo-tapa-blanda","12":"tax-availability-disponible","14":"first","15":"instock","16":"shipping-taxable","17":"purchasable","18":"product-type-variable"},"acf":{"id_gesedi":435,"book_subtitle":"","book_author":234,"book_translator":"","book_illustrator":"","book_publish_date_book":"2012-05-07","book_publish_date_ebook":null,"book_publish_date_audiobook":null,"book_collection_number":43,"book_pages":120,"book_file":"","book_img":"","books_related":null},"_links":{"self":[{"href":"https:\/\/www.alberdania.net\/eu\/wp-json\/wp\/v2\/product\/3104","targetHints":{"allow":["GET"]}}],"collection":[{"href":"https:\/\/www.alberdania.net\/eu\/wp-json\/wp\/v2\/product"}],"about":[{"href":"https:\/\/www.alberdania.net\/eu\/wp-json\/wp\/v2\/types\/product"}],"wp:featuredmedia":[{"embeddable":true,"href":"https:\/\/www.alberdania.net\/eu\/wp-json\/wp\/v2\/media\/4518"}],"wp:attachment":[{"href":"https:\/\/www.alberdania.net\/eu\/wp-json\/wp\/v2\/media?parent=3104"}],"wp:term":[{"taxonomy":"product_brand","embeddable":true,"href":"https:\/\/www.alberdania.net\/eu\/wp-json\/wp\/v2\/product_brand?post=3104"},{"taxonomy":"product_cat","embeddable":true,"href":"https:\/\/www.alberdania.net\/eu\/wp-json\/wp\/v2\/product_cat?post=3104"},{"taxonomy":"product_tag","embeddable":true,"href":"https:\/\/www.alberdania.net\/eu\/wp-json\/wp\/v2\/product_tag?post=3104"},{"taxonomy":"tax-colections","embeddable":true,"href":"https:\/\/www.alberdania.net\/eu\/wp-json\/wp\/v2\/tax-colections?post=3104"},{"taxonomy":"tax-langs","embeddable":true,"href":"https:\/\/www.alberdania.net\/eu\/wp-json\/wp\/v2\/tax-langs?post=3104"},{"taxonomy":"tax-encuadernacion","embeddable":true,"href":"https:\/\/www.alberdania.net\/eu\/wp-json\/wp\/v2\/tax-encuadernacion?post=3104"},{"taxonomy":"tax-availability","embeddable":true,"href":"https:\/\/www.alberdania.net\/eu\/wp-json\/wp\/v2\/tax-availability?post=3104"}],"curies":[{"name":"wp","href":"https:\/\/api.w.org\/{rel}","templated":true}]}}