{"id":3105,"date":"2023-10-17T13:39:58","date_gmt":"2023-10-17T13:39:58","guid":{"rendered":"https:\/\/berria.alberdania.net\/product\/vivir-de-buena-gana\/"},"modified":"2026-04-21T02:16:01","modified_gmt":"2026-04-21T00:16:01","slug":"vivir-de-buena-gana","status":"publish","type":"product","link":"https:\/\/www.alberdania.net\/eu\/product\/vivir-de-buena-gana\/","title":{"rendered":"Vivir de buena gana"},"content":{"rendered":"","protected":false},"excerpt":{"rendered":"<p>El autor de este cuaderno de campo nos lo advierte con franqueza: \u0093Sospecho que no hay viaje que no termine en la puerta de nuestra casa, y que tarde o temprano volvemos a ella, con m\u00e1s o menos equipaje, o sin \u00e9l, con menos seguridades de las que cre\u00edamos, m\u00e1s incr\u00e9dulos tal vez, m\u00e1s baldados, con algunos entusiasmos intactos\u0094.<\/p>\n<p>\tY as\u00ed nos gu\u00eda a trav\u00e9s, s\u00ed, de sus periplos por territorios cercanos (Baztan, Pamplona, Bilbao, Madrid, Bayona\u0085) o m\u00e1s lejanos (la compleja Bolivia, sus gentes y misterios\u0085), pero, y sobre todo, de su \u0093revuelta mesa de trabajo\u0094, desde donde, siempre alerta para los afectos y los atropellos, escribe \u0093de manera directa, clara, franca, que es la mejor manera de contar un viaje si lo vivido merece la pena, porque de vivir se trata, no de viajar para buscar \u0093temas\u0094, y solo eso\u0094.<\/p>\n<p>\tA las p\u00e1ginas de este dietario, correspondiente a los a\u00f1os 2008 y 2009, asoman, inevitablemente, la alegr\u00eda inquieta y expectante de los proleg\u00f3menos del viaje, tan semejante, en ocasiones, a la del regreso; el gozo de los hallazgos humanos, junto a los del disfrute de muy diversas naturalezas y momentos; el duelo por la p\u00e9rdida de seres queridos junto a apuntes del natural de sociedades en ebullici\u00f3n o del deambular, a veces siniestro, de los espectros que pueblan nuestros mundos cotidianos\u0085 Porque, nos advierte de nuevo el autor, \u0093no todas las entradas de este cuaderno de campo pueden ser felices\u0094. S\u00ed lo es, no obstante, el magn\u00edfico fresco vital que en \u00e9l se nos ofrece.<\/p>\n","protected":false},"featured_media":4516,"template":"","meta":{"_acf_changed":false,"inline_featured_image":false},"product_brand":[],"product_cat":[15],"product_tag":[],"tax-colections":[59,126],"tax-langs":[83],"tax-encuadernacion":[105],"tax-availability":[97],"class_list":{"0":"post-3105","1":"product","2":"type-product","3":"status-publish","4":"has-post-thumbnail","6":"product_cat-sin-categoria","7":"pa_tipo-de-libro-ebook","8":"pa_tipo-de-libro-papel","9":"tax-colections-literatura-para-adultos","10":"tax-colections-alga","11":"tax-langs-castellano","12":"tax-encuadernacion-bolsillo-tapa-blanda","13":"tax-availability-disponible","15":"first","16":"instock","17":"shipping-taxable","18":"purchasable","19":"product-type-variable"},"acf":{"id_gesedi":438,"book_subtitle":"dietario","book_author":59,"book_translator":"","book_illustrator":"","book_publish_date_book":"2011-01-31","book_publish_date_ebook":"2011-01-31","book_publish_date_audiobook":null,"book_collection_number":62,"book_pages":0,"book_file":"","book_img":"","books_related":null},"_links":{"self":[{"href":"https:\/\/www.alberdania.net\/eu\/wp-json\/wp\/v2\/product\/3105","targetHints":{"allow":["GET"]}}],"collection":[{"href":"https:\/\/www.alberdania.net\/eu\/wp-json\/wp\/v2\/product"}],"about":[{"href":"https:\/\/www.alberdania.net\/eu\/wp-json\/wp\/v2\/types\/product"}],"wp:featuredmedia":[{"embeddable":true,"href":"https:\/\/www.alberdania.net\/eu\/wp-json\/wp\/v2\/media\/4516"}],"wp:attachment":[{"href":"https:\/\/www.alberdania.net\/eu\/wp-json\/wp\/v2\/media?parent=3105"}],"wp:term":[{"taxonomy":"product_brand","embeddable":true,"href":"https:\/\/www.alberdania.net\/eu\/wp-json\/wp\/v2\/product_brand?post=3105"},{"taxonomy":"product_cat","embeddable":true,"href":"https:\/\/www.alberdania.net\/eu\/wp-json\/wp\/v2\/product_cat?post=3105"},{"taxonomy":"product_tag","embeddable":true,"href":"https:\/\/www.alberdania.net\/eu\/wp-json\/wp\/v2\/product_tag?post=3105"},{"taxonomy":"tax-colections","embeddable":true,"href":"https:\/\/www.alberdania.net\/eu\/wp-json\/wp\/v2\/tax-colections?post=3105"},{"taxonomy":"tax-langs","embeddable":true,"href":"https:\/\/www.alberdania.net\/eu\/wp-json\/wp\/v2\/tax-langs?post=3105"},{"taxonomy":"tax-encuadernacion","embeddable":true,"href":"https:\/\/www.alberdania.net\/eu\/wp-json\/wp\/v2\/tax-encuadernacion?post=3105"},{"taxonomy":"tax-availability","embeddable":true,"href":"https:\/\/www.alberdania.net\/eu\/wp-json\/wp\/v2\/tax-availability?post=3105"}],"curies":[{"name":"wp","href":"https:\/\/api.w.org\/{rel}","templated":true}]}}